{"id":5312,"date":"2021-09-26T16:09:57","date_gmt":"2021-09-26T16:09:57","guid":{"rendered":"https:\/\/foodsaver-nordic.com\/om-foodsaver\/"},"modified":"2021-10-04T15:59:18","modified_gmt":"2021-10-04T15:59:18","slug":"om-foodsaver","status":"publish","type":"page","link":"https:\/\/foodsaver-nordic.com\/da\/om-foodsaver\/","title":{"rendered":"Om Foodsaver"},"content":{"rendered":"\n\t<section class=\"section\" id=\"section_2107453177\">\n\t\t<div class=\"section-bg fill\" >\n\t\t\t\t\t\t\t\t\t\n\t\t\t\n\n\t\t<\/div>\n\n\t\t\n\n\t\t<div class=\"section-content relative\">\n\t\t\t\n<div class=\"row row-collapse align-middle yellow-bg\"  id=\"row-476555847\">\n\n\t<div id=\"col-941747510\" class=\"col medium-6 small-12 large-6 small-col-first\"  >\n\t\t\t\t<div class=\"col-inner\"  >\n\t\t\t\n\t\t\t\n\t<div class=\"img has-hover x md-x lg-x y md-y lg-y\" id=\"image_867562091\">\n\t\t\t\t\t\t\t\t<div class=\"img-inner dark\" >\n\t\t\t<img loading=\"lazy\" decoding=\"async\" width=\"2560\" height=\"1440\" src=\"https:\/\/foodsaver-nordic.com\/wp-content\/uploads\/2021\/10\/DK-scaled.jpg\" class=\"attachment-original size-original\" alt=\"\" srcset=\"https:\/\/foodsaver-nordic.com\/wp-content\/uploads\/2021\/10\/DK-scaled.jpg 2560w, https:\/\/foodsaver-nordic.com\/wp-content\/uploads\/2021\/10\/DK-300x169.jpg 300w, https:\/\/foodsaver-nordic.com\/wp-content\/uploads\/2021\/10\/DK-1024x576.jpg 1024w, https:\/\/foodsaver-nordic.com\/wp-content\/uploads\/2021\/10\/DK-768x432.jpg 768w, https:\/\/foodsaver-nordic.com\/wp-content\/uploads\/2021\/10\/DK-1536x864.jpg 1536w, https:\/\/foodsaver-nordic.com\/wp-content\/uploads\/2021\/10\/DK-2048x1152.jpg 2048w, https:\/\/foodsaver-nordic.com\/wp-content\/uploads\/2021\/10\/DK-1920x1080.jpg 1920w\" sizes=\"auto, (max-width: 2560px) 100vw, 2560px\" \/>\t\t\t\t\t\t\n\t\t\t\t\t<\/div>\n\t\t\t\t\t\t\t\t\n<style>\n#image_867562091 {\n  width: 100%;\n}\n<\/style>\n\t<\/div>\n\t\n\t\t<\/div>\n\t\t\t\t\t<\/div>\n\n\t\n\n\t<div id=\"col-1805430858\" class=\"col medium-6 small-12 large-6\"  >\n\t\t\t\t<div class=\"col-inner text-left\"  >\n\t\t\t\n\t\t\t\n\t<div id=\"text-100006019\" class=\"text\">\n\t\t\n<h3 class=\"uppercase\">DER ER MANGE FORDELE VED AT STARTE MED VAKUUMPAKNING AF MADEN<\/h3>\n<p>Opbevaring \u2013 Sparer plads i k\u00f8leskabet, fryseren og spisekammeret.<br \/>Bevaring \u2013 Forl\u00e6nger holdbarheden af alle former for mad.<br \/>Marinering &#8211; Fremh\u00e6ver smagen i dine ingredienser.<br \/>Sous-vide \u2013 En sp\u00e6ndende m\u00e5de at lave mad p\u00e5.<\/p>\n\t\t\n<style>\n#text-100006019 {\n  font-size: 1.1rem;\n}\n<\/style>\n\t<\/div>\n\t\n\t\t<\/div>\n\t\t\t\t\n<style>\n#col-1805430858 > .col-inner {\n  padding: 20% 10% 20% 10%;\n}\n@media (min-width:550px) {\n  #col-1805430858 > .col-inner {\n    padding: 0px 10% 0px 10%;\n  }\n}\n@media (min-width:850px) {\n  #col-1805430858 > .col-inner {\n    padding: 0px 10% 0px 10%;\n  }\n}\n<\/style>\n\t<\/div>\n\n\t\n<\/div>\n<div class=\"row row-collapse align-middle orange-bg\"  id=\"row-392770163\">\n\n\t<div id=\"col-1884638287\" class=\"col medium-6 small-12 large-6\"  >\n\t\t\t\t<div class=\"col-inner text-left dark\"  >\n\t\t\t\n\t\t\t\n\t<div id=\"text-3682222536\" class=\"text\">\n\t\t\n<h3>HVORFOR VI KASSERER MAD<\/h3>\n<ul>\n<li>Datoen er udl\u00f8bet.<\/li>\n<li>Vi har glemt maden i k\u00f8leskabet.<\/li>\n<li>Maden har mistet sin friskhed.<\/li>\n<li>Mad i store pakker bliver ikke brugt op.<\/li>\n<\/ul>\n<p>Matrester tas inte om hand. Genom att b\u00f6rja vakuumpacka f\u00e5r vi l\u00e4ngre h\u00e5llbarhet och d\u00e5 kan vi minska v\u00e5rt avfall.<\/p>\n\t\t\n<style>\n#text-3682222536 {\n  font-size: 1.1rem;\n}\n<\/style>\n\t<\/div>\n\t\n\t\t<\/div>\n\t\t\t\t\n<style>\n#col-1884638287 > .col-inner {\n  padding: 20% 10% 20% 10%;\n}\n@media (min-width:550px) {\n  #col-1884638287 > .col-inner {\n    padding: 0px 10% 0px 10%;\n  }\n}\n@media (min-width:850px) {\n  #col-1884638287 > .col-inner {\n    padding: 5% 10% 5% 10%;\n  }\n}\n<\/style>\n\t<\/div>\n\n\t\n\n\t<div id=\"col-233855984\" class=\"col medium-6 small-12 large-6 small-col-first\"  >\n\t\t\t\t<div class=\"col-inner\"  >\n\t\t\t\n\t\t\t\n\t<div class=\"img has-hover x md-x lg-x y md-y lg-y\" id=\"image_1740501201\">\n\t\t\t\t\t\t\t\t<div class=\"img-inner dark\" >\n\t\t\t<img loading=\"lazy\" decoding=\"async\" width=\"2560\" height=\"1440\" src=\"https:\/\/foodsaver-nordic.com\/wp-content\/uploads\/2021\/10\/hallbarhet_DK-scaled.jpg\" class=\"attachment-original size-original\" alt=\"\" srcset=\"https:\/\/foodsaver-nordic.com\/wp-content\/uploads\/2021\/10\/hallbarhet_DK-scaled.jpg 2560w, https:\/\/foodsaver-nordic.com\/wp-content\/uploads\/2021\/10\/hallbarhet_DK-300x169.jpg 300w, https:\/\/foodsaver-nordic.com\/wp-content\/uploads\/2021\/10\/hallbarhet_DK-1024x576.jpg 1024w, https:\/\/foodsaver-nordic.com\/wp-content\/uploads\/2021\/10\/hallbarhet_DK-768x432.jpg 768w, https:\/\/foodsaver-nordic.com\/wp-content\/uploads\/2021\/10\/hallbarhet_DK-1536x864.jpg 1536w, https:\/\/foodsaver-nordic.com\/wp-content\/uploads\/2021\/10\/hallbarhet_DK-2048x1152.jpg 2048w, https:\/\/foodsaver-nordic.com\/wp-content\/uploads\/2021\/10\/hallbarhet_DK-1920x1080.jpg 1920w\" sizes=\"auto, (max-width: 2560px) 100vw, 2560px\" \/>\t\t\t\t\t\t\n\t\t\t\t\t<\/div>\n\t\t\t\t\t\t\t\t\n<style>\n#image_1740501201 {\n  width: 100%;\n}\n<\/style>\n\t<\/div>\n\t\n\t\t<\/div>\n\t\t\t\t\t<\/div>\n\n\t\n<\/div>\n<div class=\"row row-collapse align-middle darkgreen-bg\"  id=\"row-1502046246\">\n\n\t<div id=\"col-1362040853\" class=\"col medium-6 small-12 large-6 small-col-first\"  >\n\t\t\t\t<div class=\"col-inner\"  >\n\t\t\t\n\t\t\t\n\t<div class=\"img has-hover x md-x lg-x y md-y lg-y\" id=\"image_66030786\">\n\t\t<a class=\"\" href=\"https:\/\/www.pricerunner.se\/test\/vakuumforpackare\" target=\"_blank\" rel=\"noopener\">\t\t\t\t\t\t<div class=\"img-inner dark\" >\n\t\t\t<img loading=\"lazy\" decoding=\"async\" width=\"2560\" height=\"1505\" src=\"https:\/\/foodsaver-nordic.com\/wp-content\/uploads\/2021\/07\/fo\u0308rpackare-scaled.jpg\" class=\"attachment-original size-original\" alt=\"\" srcset=\"https:\/\/foodsaver-nordic.com\/wp-content\/uploads\/2021\/07\/fo\u0308rpackare-scaled.jpg 2560w, https:\/\/foodsaver-nordic.com\/wp-content\/uploads\/2021\/07\/fo\u0308rpackare-300x176.jpg 300w, https:\/\/foodsaver-nordic.com\/wp-content\/uploads\/2021\/07\/fo\u0308rpackare-1024x602.jpg 1024w, https:\/\/foodsaver-nordic.com\/wp-content\/uploads\/2021\/07\/fo\u0308rpackare-768x451.jpg 768w, https:\/\/foodsaver-nordic.com\/wp-content\/uploads\/2021\/07\/fo\u0308rpackare-1536x903.jpg 1536w, https:\/\/foodsaver-nordic.com\/wp-content\/uploads\/2021\/07\/fo\u0308rpackare-2048x1204.jpg 2048w, https:\/\/foodsaver-nordic.com\/wp-content\/uploads\/2021\/07\/fo\u0308rpackare-1920x1128.jpg 1920w\" sizes=\"auto, (max-width: 2560px) 100vw, 2560px\" \/>\t\t\t\t\t\t\n\t\t\t\t\t<\/div>\n\t\t\t\t\t\t<\/a>\t\t\n<style>\n#image_66030786 {\n  width: 100%;\n}\n<\/style>\n\t<\/div>\n\t\n\t\t<\/div>\n\t\t\t\t\t<\/div>\n\n\t\n\n\t<div id=\"col-1225912450\" class=\"col medium-6 small-12 large-6\"  >\n\t\t\t\t<div class=\"col-inner text-left dark\"  >\n\t\t\t\n\t\t\t\n\t<div id=\"text-375114313\" class=\"text\">\n\t\t\n<h3>BEDST I TEST<\/h3>\n<p>FoodSaver har haft mange \u201dbedst i test\u201d-placeringer i \u00e5renes l\u00f8b. Der er mange modeller at v\u00e6lge imellem, og derfor er det meget sandsynligt, at du kan finde en model, der virkelig passer dig. Alle vores maskiner har h\u00f8j kapacitet og er i stand til at pakke mange poser i tr\u00e6k. De er ogs\u00e5 smidige, tager mindre plads og er innovative b\u00e5de i deres design og udseende.<\/p>\n\t\t\n<style>\n#text-375114313 {\n  font-size: 1.1rem;\n}\n<\/style>\n\t<\/div>\n\t\n\t\t<\/div>\n\t\t\t\t\n<style>\n#col-1225912450 > .col-inner {\n  padding: 20% 10% 20% 10%;\n}\n@media (min-width:550px) {\n  #col-1225912450 > .col-inner {\n    padding: 0px 10% 0px 10%;\n  }\n}\n@media (min-width:850px) {\n  #col-1225912450 > .col-inner {\n    padding: 0px 10% 0px 10%;\n  }\n}\n<\/style>\n\t<\/div>\n\n\t\n<\/div>\n<div class=\"row row-collapse align-middle yellow-bg\"  id=\"row-1103841925\">\n\n\t<div id=\"col-164385066\" class=\"col medium-6 small-12 large-6\"  >\n\t\t\t\t<div class=\"col-inner text-left\"  >\n\t\t\t\n\t\t\t\n\t<div id=\"text-891709932\" class=\"text\">\n\t\t\n<h3>TILBEH\u00d8R<\/h3>\n<p>Til din vakuumpakker er der masser af smart tilbeh\u00f8r, afh\u00e6ngigt af hvad du vil vakuumpakke. Vi har poser, ruller og madkasser i forskellige st\u00f8rrelser.<\/p>\n<p>Psst \u2013 Zip-poser kan vaskes og genbruges. Smart, ikke?<\/p>\n\t\t\n<style>\n#text-891709932 {\n  font-size: 1.1rem;\n}\n<\/style>\n\t<\/div>\n\t\n\t\t<\/div>\n\t\t\t\t\n<style>\n#col-164385066 > .col-inner {\n  padding: 20% 10% 20% 10%;\n}\n@media (min-width:550px) {\n  #col-164385066 > .col-inner {\n    padding: 0px 10% 0px 10%;\n  }\n}\n@media (min-width:850px) {\n  #col-164385066 > .col-inner {\n    padding: 0px 10% 0px 10%;\n  }\n}\n<\/style>\n\t<\/div>\n\n\t\n\n\t<div id=\"col-105758067\" class=\"col medium-6 small-12 large-6 small-col-first\"  >\n\t\t\t\t<div class=\"col-inner\"  >\n\t\t\t\n\t\t\t\n\t<div class=\"img has-hover x md-x lg-x y md-y lg-y\" id=\"image_2125154287\">\n\t\t<a class=\"\" href=\"https:\/\/foodsaver-nordic.com\/alla-vakuumforpackare-tillbehor\/?yith_wcan=1&#038;product_cat=matlador,pasar\">\t\t\t\t\t\t<div class=\"img-inner image-cover dark\" style=\"padding-top:56.25%;\">\n\t\t\t<img loading=\"lazy\" decoding=\"async\" width=\"1020\" height=\"453\" src=\"https:\/\/foodsaver-nordic.com\/wp-content\/uploads\/2021\/07\/tillbehor-1024x455.jpg\" class=\"attachment-large size-large\" alt=\"\" srcset=\"https:\/\/foodsaver-nordic.com\/wp-content\/uploads\/2021\/07\/tillbehor-1024x455.jpg 1024w, https:\/\/foodsaver-nordic.com\/wp-content\/uploads\/2021\/07\/tillbehor-300x133.jpg 300w, https:\/\/foodsaver-nordic.com\/wp-content\/uploads\/2021\/07\/tillbehor-768x341.jpg 768w, https:\/\/foodsaver-nordic.com\/wp-content\/uploads\/2021\/07\/tillbehor-1536x682.jpg 1536w, https:\/\/foodsaver-nordic.com\/wp-content\/uploads\/2021\/07\/tillbehor-2048x910.jpg 2048w, https:\/\/foodsaver-nordic.com\/wp-content\/uploads\/2021\/07\/tillbehor-1920x853.jpg 1920w\" sizes=\"auto, (max-width: 1020px) 100vw, 1020px\" \/>\t\t\t\t\t\t\n\t\t\t\t\t<\/div>\n\t\t\t\t\t\t<\/a>\t\t\n<style>\n#image_2125154287 {\n  width: 100%;\n}\n<\/style>\n\t<\/div>\n\t\n\t\t<\/div>\n\t\t\t\t\t<\/div>\n\n\t\n<\/div>\n<div class=\"row row-collapse align-middle lightgreen-bg\"  id=\"row-225972624\">\n\n\t<div id=\"col-385555740\" class=\"col medium-6 small-12 large-6 small-col-first\"  >\n\t\t\t\t<div class=\"col-inner\"  >\n\t\t\t\n\t\t\t\n\t<div class=\"img has-hover x md-x lg-x y md-y lg-y\" id=\"image_424987108\">\n\t\t\t\t\t\t\t\t<div class=\"img-inner image-cover dark\" style=\"padding-top:56.25%;\">\n\t\t\t<img loading=\"lazy\" decoding=\"async\" width=\"1020\" height=\"943\" src=\"https:\/\/foodsaver-nordic.com\/wp-content\/uploads\/2021\/05\/201894456-Foodsaver_HP_50-50_Desk_C4-1024x947.jpeg\" class=\"attachment-large size-large\" alt=\"\" srcset=\"https:\/\/foodsaver-nordic.com\/wp-content\/uploads\/2021\/05\/201894456-Foodsaver_HP_50-50_Desk_C4-1024x947.jpeg 1024w, https:\/\/foodsaver-nordic.com\/wp-content\/uploads\/2021\/05\/201894456-Foodsaver_HP_50-50_Desk_C4-1200x1110.jpeg 1200w, https:\/\/foodsaver-nordic.com\/wp-content\/uploads\/2021\/05\/201894456-Foodsaver_HP_50-50_Desk_C4-300x278.jpeg 300w, https:\/\/foodsaver-nordic.com\/wp-content\/uploads\/2021\/05\/201894456-Foodsaver_HP_50-50_Desk_C4-768x710.jpeg 768w, https:\/\/foodsaver-nordic.com\/wp-content\/uploads\/2021\/05\/201894456-Foodsaver_HP_50-50_Desk_C4.jpeg 1440w\" sizes=\"auto, (max-width: 1020px) 100vw, 1020px\" \/>\t\t\t\t\t\t\n\t\t\t\t\t<\/div>\n\t\t\t\t\t\t\t\t\n<style>\n#image_424987108 {\n  width: 100%;\n}\n<\/style>\n\t<\/div>\n\t\n\t\t<\/div>\n\t\t\t\t\t<\/div>\n\n\t\n\n\t<div id=\"col-1470615673\" class=\"col medium-6 small-12 large-6\"  >\n\t\t\t\t<div class=\"col-inner text-left dark\"  >\n\t\t\t\n\t\t\t\n\t<div id=\"text-3820165095\" class=\"text\">\n\t\t\n<p>Er du nu blevet overbevist om at starte vakuumpakning? Eller er milj\u00f8venlighed, besparelse af tid og penge, st\u00f8rre bekvemmelighed og mulighed for at lokke mere smag frem i maden ikke tilstr\u00e6kkeligt overbevisende? S\u00e5 m\u00e5 vi bare bede dig om at komme tilbage, n\u00e5r du er klar \u2013 for her er du altid velkommen.<\/p>\n\t\t\n<style>\n#text-3820165095 {\n  font-size: 1.1rem;\n}\n<\/style>\n\t<\/div>\n\t\n\t\t<\/div>\n\t\t\t\t\n<style>\n#col-1470615673 > .col-inner {\n  padding: 20% 10% 20% 10%;\n}\n@media (min-width:550px) {\n  #col-1470615673 > .col-inner {\n    padding: 0px 10% 0px 10%;\n  }\n}\n@media (min-width:850px) {\n  #col-1470615673 > .col-inner {\n    padding: 0px 10% 0px 10%;\n  }\n}\n<\/style>\n\t<\/div>\n\n\t\n<\/div>\n\t\t<\/div>\n\n\t\t\n<style>\n#section_2107453177 {\n  padding-top: 0px;\n  padding-bottom: 0px;\n}\n@media (min-width:550px) {\n  #section_2107453177 {\n    padding-top: 0px;\n    padding-bottom: 0px;\n  }\n}\n<\/style>\n\t<\/section>\n\t\n","protected":false},"excerpt":{"rendered":"","protected":false},"author":1,"featured_media":0,"parent":0,"menu_order":0,"comment_status":"closed","ping_status":"closed","template":"page-blank.php","meta":{"_acf_changed":false,"footnotes":""},"class_list":["post-5312","page","type-page","status-publish","hentry"],"acf":[],"_links":{"self":[{"href":"https:\/\/foodsaver-nordic.com\/da\/wp-json\/wp\/v2\/pages\/5312","targetHints":{"allow":["GET"]}}],"collection":[{"href":"https:\/\/foodsaver-nordic.com\/da\/wp-json\/wp\/v2\/pages"}],"about":[{"href":"https:\/\/foodsaver-nordic.com\/da\/wp-json\/wp\/v2\/types\/page"}],"author":[{"embeddable":true,"href":"https:\/\/foodsaver-nordic.com\/da\/wp-json\/wp\/v2\/users\/1"}],"replies":[{"embeddable":true,"href":"https:\/\/foodsaver-nordic.com\/da\/wp-json\/wp\/v2\/comments?post=5312"}],"version-history":[{"count":4,"href":"https:\/\/foodsaver-nordic.com\/da\/wp-json\/wp\/v2\/pages\/5312\/revisions"}],"predecessor-version":[{"id":5590,"href":"https:\/\/foodsaver-nordic.com\/da\/wp-json\/wp\/v2\/pages\/5312\/revisions\/5590"}],"wp:attachment":[{"href":"https:\/\/foodsaver-nordic.com\/da\/wp-json\/wp\/v2\/media?parent=5312"}],"curies":[{"name":"wp","href":"https:\/\/api.w.org\/{rel}","templated":true}]}}