{"id":5324,"date":"2021-09-26T16:14:07","date_gmt":"2021-09-26T16:14:07","guid":{"rendered":"https:\/\/foodsaver-nordic.com\/for-jaegeren\/"},"modified":"2021-10-04T12:56:08","modified_gmt":"2021-10-04T12:56:08","slug":"for-jaegeren","status":"publish","type":"page","link":"https:\/\/foodsaver-nordic.com\/da\/for-jaegeren\/","title":{"rendered":"For J\u00e6geren"},"content":{"rendered":"\n\t<section class=\"section\" id=\"section_826121133\">\n\t\t<div class=\"section-bg fill\" >\n\t\t\t\t\t\t\t\t\t\n\t\t\t\n\n\t\t<\/div>\n\n\t\t\n\n\t\t<div class=\"section-content relative\">\n\t\t\t\n<div class=\"row row-collapse align-middle darkgreen-bg\"  id=\"row-99338189\">\n\n\t<div id=\"col-550974275\" class=\"col medium-6 small-12 large-6\"  >\n\t\t\t\t<div class=\"col-inner text-center dark\"  >\n\t\t\t\n\t\t\t\n\t<div class=\"img has-hover x md-x lg-x y md-y lg-y\" id=\"image_1863141079\">\n\t\t\t\t\t\t\t\t<div class=\"img-inner dark\" >\n\t\t\t<img loading=\"lazy\" decoding=\"async\" width=\"4000\" height=\"2250\" src=\"https:\/\/foodsaver-nordic.com\/wp-content\/uploads\/2021\/10\/DK_jagare.png\" class=\"attachment-original size-original\" alt=\"\" srcset=\"https:\/\/foodsaver-nordic.com\/wp-content\/uploads\/2021\/10\/DK_jagare.png 4000w, https:\/\/foodsaver-nordic.com\/wp-content\/uploads\/2021\/10\/DK_jagare-300x169.png 300w, https:\/\/foodsaver-nordic.com\/wp-content\/uploads\/2021\/10\/DK_jagare-1024x576.png 1024w, https:\/\/foodsaver-nordic.com\/wp-content\/uploads\/2021\/10\/DK_jagare-768x432.png 768w, https:\/\/foodsaver-nordic.com\/wp-content\/uploads\/2021\/10\/DK_jagare-1536x864.png 1536w, https:\/\/foodsaver-nordic.com\/wp-content\/uploads\/2021\/10\/DK_jagare-2048x1152.png 2048w, https:\/\/foodsaver-nordic.com\/wp-content\/uploads\/2021\/10\/DK_jagare-1920x1080.png 1920w\" sizes=\"auto, (max-width: 4000px) 100vw, 4000px\" \/>\t\t\t\t\t\t\n\t\t\t\t\t<\/div>\n\t\t\t\t\t\t\t\t\n<style>\n#image_1863141079 {\n  width: 65%;\n}\n@media (min-width:550px) {\n  #image_1863141079 {\n    width: 50%;\n  }\n}\n<\/style>\n\t<\/div>\n\t\n\t<div id=\"text-1744585649\" class=\"text\">\n\t\t\n<p>\u201dDa jeg \u00f8nsker at gemme store m\u00e6ngder k\u00f8d, har jeg brug for en robust og kraftfuld maskine. Det skal ogs\u00e5 g\u00e5 hurtigt, fordi jeg ikke \u00f8nsker at bruge en hel dag p\u00e5 vakuumpakning.\u201d<br \/>\n\t\t\n<style>\n#text-1744585649 {\n  font-size: 1rem;\n}\n<\/style>\n\t<\/div>\n\t\n\t\t<\/div>\n\t\t\t\t\n<style>\n#col-550974275 > .col-inner {\n  padding: 20% 5% 20% 5%;\n}\n@media (min-width:550px) {\n  #col-550974275 > .col-inner {\n    padding: 0px 10% 0px 10%;\n  }\n}\n@media (min-width:850px) {\n  #col-550974275 > .col-inner {\n    padding: 0px 10% 0px 10%;\n  }\n}\n<\/style>\n\t<\/div>\n\n\t\n\n\t<div id=\"col-1872446622\" class=\"col medium-6 small-12 large-6\"  >\n\t\t\t\t<div class=\"col-inner\"  >\n\t\t\t\n\t\t\t\n\n  <div class=\"banner has-hover has-parallax\" id=\"banner-1251939264\">\n          <div class=\"banner-inner fill\">\n        <div class=\"banner-bg fill\" data-parallax=\"-2\" data-parallax-container=\".banner\" data-parallax-background>\n            <img loading=\"lazy\" decoding=\"async\" width=\"1000\" height=\"667\" src=\"https:\/\/foodsaver-nordic.com\/wp-content\/uploads\/2021\/05\/shutterstock_320006654.jpg\" class=\"bg attachment-large size-large\" alt=\"\" \/>                                    \n                    <\/div>\n\t\t\n        <div class=\"banner-layers container\">\n            <div class=\"fill banner-link\"><\/div>            \n   <div id=\"text-box-1259892622\" class=\"text-box banner-layer x95 md-x95 lg-x95 y5 md-y5 lg-y5 res-text\">\n                                <div class=\"text-box-content text dark\">\n              \n              <div class=\"text-inner text-center\">\n                  \n\t<div class=\"img has-hover x md-x lg-x y md-y lg-y\" id=\"image_400649890\">\n\t\t\t\t\t\t\t\t<div class=\"img-inner dark\" >\n\t\t\t<img loading=\"lazy\" decoding=\"async\" width=\"1020\" height=\"1020\" src=\"https:\/\/foodsaver-nordic.com\/wp-content\/uploads\/2021\/05\/jagaren.svg\" class=\"attachment-large size-large\" alt=\"\" \/>\t\t\t\t\t\t\n\t\t\t\t\t<\/div>\n\t\t\t\t\t\t\t\t\n<style>\n#image_400649890 {\n  width: 100%;\n}\n<\/style>\n\t<\/div>\n\t\n              <\/div>\n           <\/div>\n                            \n<style>\n#text-box-1259892622 {\n  width: 15%;\n}\n#text-box-1259892622 .text-box-content {\n  font-size: 100%;\n}\n@media (min-width:550px) {\n  #text-box-1259892622 {\n    width: 15%;\n  }\n}\n<\/style>\n    <\/div>\n \n        <\/div>\n      <\/div>\n\n            \n<style>\n#banner-1251939264 {\n  padding-top: 56.25%;\n}\n#banner-1251939264 .banner-bg img {\n  object-position: 66% 55%;\n}\n@media (min-width:550px) {\n  #banner-1251939264 {\n    padding-top: 80%;\n  }\n}\n@media (min-width:850px) {\n  #banner-1251939264 {\n    padding-top: 70%;\n  }\n}\n<\/style>\n  <\/div>\n\n\n\t\t<\/div>\n\t\t\t\t\t<\/div>\n\n\t\n<\/div>\n\t<div id=\"gap-470036092\" class=\"gap-element clearfix\" style=\"display:block; height:auto;\">\n\t\t\n<style>\n#gap-470036092 {\n  padding-top: 30px;\n}\n<\/style>\n\t<\/div>\n\t\n<div class=\"row\"  id=\"row-1745302456\">\n\n\t<div id=\"col-1299181774\" class=\"col small-12 large-12\"  >\n\t\t\t\t<div class=\"col-inner\"  >\n\t\t\t\n\t\t\t\n\t\n  \n    <div class=\"row  equalize-box large-columns-3 medium-columns- small-columns-2 row-small\" >\n  \n\t     <div class=\"product-small col has-hover product type-product post-5484 status-publish first instock product_cat-vakuumpakker has-post-thumbnail shipping-taxable product-type-external\">\n\t<div class=\"col-inner\">\n\t\n<div class=\"badge-container absolute left top z-1\">\n\n<\/div>\n\t<div class=\"product-small box \">\n\t\t<div class=\"box-image\">\n\t\t\t<div class=\"image-zoom_in\">\n\t\t\t\t<a href=\"https:\/\/foodsaver-nordic.com\/da\/foodsaver-flow-ffs006x\/\">\n\t\t\t\t\t<img loading=\"lazy\" decoding=\"async\" width=\"1000\" height=\"675\" src=\"https:\/\/foodsaver-nordic.com\/wp-content\/uploads\/2021\/06\/FS_204008-Lifestyle-Steak-1000x675.jpeg\" class=\"attachment-woocommerce_thumbnail size-woocommerce_thumbnail\" alt=\"FoodSaver Flow FFS006X\" \/><img loading=\"lazy\" decoding=\"async\" width=\"1000\" height=\"675\" src=\"https:\/\/foodsaver-nordic.com\/wp-content\/uploads\/2021\/06\/FS_204008_Lifestyle-Chicken-1000x675.jpeg\" class=\"show-on-hover absolute fill hide-for-small back-imageshow-on-hover absolute fill hide-for-small back-image hover-zoom\" alt=\"Alternative view of FoodSaver Flow FFS006X\" aria-hidden=\"true\" \/>\t\t\t\t<\/a>\n\t\t\t<\/div>\n\t\t\t<div class=\"image-tools is-small top right show-on-hover\">\n\t\t\t\t\t\t\t<\/div>\n\t\t\t<div class=\"image-tools is-small hide-for-small bottom left show-on-hover\">\n\t\t\t\t\t\t\t<\/div>\n\t\t\t<div class=\"image-tools grid-tools text-center hide-for-small bottom hover-slide-in show-on-hover\">\n\t\t\t\t\t\t\t<\/div>\n\t\t\t\t\t<\/div>\n\n\t\t<div class=\"box-text box-text-products text-center grid-style-2\">\n\t\t\t<div class=\"title-wrapper\">\t\t<p class=\"category uppercase is-smaller no-text-overflow product-cat op-8\">\n\t\t\tVakuumpakker\t\t<\/p>\n\t<p class=\"name product-title woocommerce-loop-product__title\"><a href=\"https:\/\/foodsaver-nordic.com\/da\/foodsaver-flow-ffs006x\/\" class=\"woocommerce-LoopProduct-link woocommerce-loop-product__link\">FoodSaver Flow FFS006X<\/a><\/p><\/div><div class=\"price-wrapper\"><stock-price-element-widget product-id=\"\" align=\"center\"><\/stock-price-element-widget><\/div><a href=\"https:\/\/foodsaver-nordic.com\/da\/foodsaver-flow-ffs006x\/\" class=\"btn-wh-product\">K\u00f6p<\/a>\t\t<\/div>\n\t<\/div>\n\t\t<\/div>\n<\/div><div class=\"product-small col has-hover product type-product post-5442 status-publish instock product_cat-vakuumpakker has-post-thumbnail shipping-taxable product-type-external\">\n\t<div class=\"col-inner\">\n\t\n<div class=\"badge-container absolute left top z-1\">\n\n<\/div>\n\t<div class=\"product-small box \">\n\t\t<div class=\"box-image\">\n\t\t\t<div class=\"image-zoom_in\">\n\t\t\t\t<a href=\"https:\/\/foodsaver-nordic.com\/da\/foodsaver-v3190x-rustfri\/\">\n\t\t\t\t\t<img loading=\"lazy\" decoding=\"async\" width=\"1000\" height=\"675\" src=\"https:\/\/foodsaver-nordic.com\/wp-content\/uploads\/2021\/06\/204013w-1-1000x675.jpg\" class=\"attachment-woocommerce_thumbnail size-woocommerce_thumbnail\" alt=\"Foodsaver V3190X, Rustfri\" \/><img loading=\"lazy\" decoding=\"async\" width=\"1080\" height=\"675\" src=\"https:\/\/foodsaver-nordic.com\/wp-content\/uploads\/2021\/06\/FS_FM3000_Shot96_Ref13_VS3180_StainlessSilverRing_PKG0001017219-scaled-1-1080x675.jpeg\" class=\"show-on-hover absolute fill hide-for-small back-imageshow-on-hover absolute fill hide-for-small back-image hover-zoom\" alt=\"Alternative view of Foodsaver V3190X, Rustfri\" aria-hidden=\"true\" \/>\t\t\t\t<\/a>\n\t\t\t<\/div>\n\t\t\t<div class=\"image-tools is-small top right show-on-hover\">\n\t\t\t\t\t\t\t<\/div>\n\t\t\t<div class=\"image-tools is-small hide-for-small bottom left show-on-hover\">\n\t\t\t\t\t\t\t<\/div>\n\t\t\t<div class=\"image-tools grid-tools text-center hide-for-small bottom hover-slide-in show-on-hover\">\n\t\t\t\t\t\t\t<\/div>\n\t\t\t\t\t<\/div>\n\n\t\t<div class=\"box-text box-text-products text-center grid-style-2\">\n\t\t\t<div class=\"title-wrapper\">\t\t<p class=\"category uppercase is-smaller no-text-overflow product-cat op-8\">\n\t\t\tVakuumpakker\t\t<\/p>\n\t<p class=\"name product-title woocommerce-loop-product__title\"><a href=\"https:\/\/foodsaver-nordic.com\/da\/foodsaver-v3190x-rustfri\/\" class=\"woocommerce-LoopProduct-link woocommerce-loop-product__link\">Foodsaver V3190X, Rustfri<\/a><\/p><\/div><div class=\"price-wrapper\"><stock-price-element-widget product-id=\"\" align=\"center\"><\/stock-price-element-widget><\/div><a href=\"https:\/\/foodsaver-nordic.com\/da\/foodsaver-v3190x-rustfri\/\" class=\"btn-wh-product\">K\u00f6p<\/a>\t\t<\/div>\n\t<\/div>\n\t\t<\/div>\n<\/div><\/div>\n\t\t<\/div>\n\t\t\t\t\t<\/div>\n\n\t\n<\/div>\n\t\t<\/div>\n\n\t\t\n<style>\n#section_826121133 {\n  padding-top: 0px;\n  padding-bottom: 0px;\n}\n@media (min-width:550px) {\n  #section_826121133 {\n    padding-top: 30px;\n    padding-bottom: 30px;\n  }\n}\n<\/style>\n\t<\/section>\n\t\n","protected":false},"excerpt":{"rendered":"","protected":false},"author":1,"featured_media":0,"parent":0,"menu_order":0,"comment_status":"closed","ping_status":"closed","template":"page-blank.php","meta":{"_acf_changed":false,"footnotes":""},"class_list":["post-5324","page","type-page","status-publish","hentry"],"acf":[],"_links":{"self":[{"href":"https:\/\/foodsaver-nordic.com\/da\/wp-json\/wp\/v2\/pages\/5324","targetHints":{"allow":["GET"]}}],"collection":[{"href":"https:\/\/foodsaver-nordic.com\/da\/wp-json\/wp\/v2\/pages"}],"about":[{"href":"https:\/\/foodsaver-nordic.com\/da\/wp-json\/wp\/v2\/types\/page"}],"author":[{"embeddable":true,"href":"https:\/\/foodsaver-nordic.com\/da\/wp-json\/wp\/v2\/users\/1"}],"replies":[{"embeddable":true,"href":"https:\/\/foodsaver-nordic.com\/da\/wp-json\/wp\/v2\/comments?post=5324"}],"version-history":[{"count":4,"href":"https:\/\/foodsaver-nordic.com\/da\/wp-json\/wp\/v2\/pages\/5324\/revisions"}],"predecessor-version":[{"id":5506,"href":"https:\/\/foodsaver-nordic.com\/da\/wp-json\/wp\/v2\/pages\/5324\/revisions\/5506"}],"wp:attachment":[{"href":"https:\/\/foodsaver-nordic.com\/da\/wp-json\/wp\/v2\/media?parent=5324"}],"curies":[{"name":"wp","href":"https:\/\/api.w.org\/{rel}","templated":true}]}}