{"id":5352,"date":"2021-09-26T16:21:13","date_gmt":"2021-09-26T16:21:13","guid":{"rendered":"https:\/\/foodsaver-nordic.com\/for-miljoehelten\/"},"modified":"2021-10-04T13:04:37","modified_gmt":"2021-10-04T13:04:37","slug":"for-miljoehelten","status":"publish","type":"page","link":"https:\/\/foodsaver-nordic.com\/da\/for-miljoehelten\/","title":{"rendered":"For milj\u00f8helten"},"content":{"rendered":"\n\t<section class=\"section\" id=\"section_1899352583\">\n\t\t<div class=\"section-bg fill\" >\n\t\t\t\t\t\t\t\t\t\n\t\t\t\n\n\t\t<\/div>\n\n\t\t\n\n\t\t<div class=\"section-content relative\">\n\t\t\t\n<div class=\"row row-collapse align-middle lightgreen-bg\"  id=\"row-813659135\">\n\n\t<div id=\"col-1806643680\" class=\"col medium-6 small-12 large-6\"  >\n\t\t\t\t<div class=\"col-inner\"  >\n\t\t\t\n\t\t\t\n\n  <div class=\"banner has-hover has-parallax\" id=\"banner-1535824836\">\n          <div class=\"banner-inner fill\">\n        <div class=\"banner-bg fill\" data-parallax=\"-2\" data-parallax-container=\".banner\" data-parallax-background>\n            <img loading=\"lazy\" decoding=\"async\" width=\"1020\" height=\"681\" src=\"https:\/\/foodsaver-nordic.com\/wp-content\/uploads\/2021\/05\/masma52271-1024x684.jpg\" class=\"bg attachment-large size-large\" alt=\"person-med-gr\u00f6nsaker-i-handen\" \/>                                    \n                    <\/div>\n\t\t\n        <div class=\"banner-layers container\">\n            <div class=\"fill banner-link\"><\/div>            \n   <div id=\"text-box-142922891\" class=\"text-box banner-layer x95 md-x5 lg-x5 y5 md-y5 lg-y5 res-text\">\n                                <div class=\"text-box-content text dark\">\n              \n              <div class=\"text-inner text-center\">\n                  \n\t<div class=\"img has-hover x md-x lg-x y md-y lg-y\" id=\"image_976103323\">\n\t\t\t\t\t\t\t\t<div class=\"img-inner dark\" >\n\t\t\t<img loading=\"lazy\" decoding=\"async\" width=\"1020\" height=\"1020\" src=\"https:\/\/foodsaver-nordic.com\/wp-content\/uploads\/2021\/05\/miljohjalten.svg\" class=\"attachment-large size-large\" alt=\"\" \/>\t\t\t\t\t\t\n\t\t\t\t\t<\/div>\n\t\t\t\t\t\t\t\t\n<style>\n#image_976103323 {\n  width: 100%;\n}\n<\/style>\n\t<\/div>\n\t\n              <\/div>\n           <\/div>\n                            \n<style>\n#text-box-142922891 {\n  width: 15%;\n}\n#text-box-142922891 .text-box-content {\n  font-size: 100%;\n}\n@media (min-width:550px) {\n  #text-box-142922891 {\n    width: 15%;\n  }\n}\n<\/style>\n    <\/div>\n \n        <\/div>\n      <\/div>\n\n            \n<style>\n#banner-1535824836 {\n  padding-top: 56.25%;\n}\n#banner-1535824836 .banner-bg img {\n  object-position: 44% 50%;\n}\n@media (min-width:550px) {\n  #banner-1535824836 {\n    padding-top: 80%;\n  }\n}\n@media (min-width:850px) {\n  #banner-1535824836 {\n    padding-top: 70%;\n  }\n}\n<\/style>\n  <\/div>\n\n\n\t\t<\/div>\n\t\t\t\t\t<\/div>\n\n\t\n\n\t<div id=\"col-1006080226\" class=\"col medium-6 small-12 large-6 small-col-first\"  >\n\t\t\t\t<div class=\"col-inner text-center dark\"  >\n\t\t\t\n\t\t\t\n\t<div class=\"img has-hover x md-x lg-x y md-y lg-y\" id=\"image_1345452581\">\n\t\t\t\t\t\t\t\t<div class=\"img-inner dark\" >\n\t\t\t<img loading=\"lazy\" decoding=\"async\" width=\"1020\" height=\"574\" src=\"https:\/\/foodsaver-nordic.com\/wp-content\/uploads\/2021\/10\/DK_miljo-1024x576.png\" class=\"attachment-large size-large\" alt=\"\" srcset=\"https:\/\/foodsaver-nordic.com\/wp-content\/uploads\/2021\/10\/DK_miljo-1024x576.png 1024w, https:\/\/foodsaver-nordic.com\/wp-content\/uploads\/2021\/10\/DK_miljo-300x169.png 300w, https:\/\/foodsaver-nordic.com\/wp-content\/uploads\/2021\/10\/DK_miljo-768x432.png 768w, https:\/\/foodsaver-nordic.com\/wp-content\/uploads\/2021\/10\/DK_miljo-1536x864.png 1536w, https:\/\/foodsaver-nordic.com\/wp-content\/uploads\/2021\/10\/DK_miljo-2048x1152.png 2048w, https:\/\/foodsaver-nordic.com\/wp-content\/uploads\/2021\/10\/DK_miljo-1920x1080.png 1920w\" sizes=\"auto, (max-width: 1020px) 100vw, 1020px\" \/>\t\t\t\t\t\t\n\t\t\t\t\t<\/div>\n\t\t\t\t\t\t\t\t\n<style>\n#image_1345452581 {\n  width: 90%;\n}\n<\/style>\n\t<\/div>\n\t\n\t<div id=\"text-2085084897\" class=\"text\">\n\t\t\n<p>&#8220;Da vi smider alt for meget mad ud i vores land, \u00f8nsker jeg ikke at smide mere mad ud end n\u00f8dvendigt. Jeg plejer at udnytte alle rester. Fylde madkasser, dyrke selv og vakuumpakke af hensyn til milj\u00f8et. Jeg har brug for en brugervenlig maskine, der fungerer sammen med mine madkasser.\u201d<br \/>\n\t\t\n<style>\n#text-2085084897 {\n  font-size: 1rem;\n}\n<\/style>\n\t<\/div>\n\t\n\t\t<\/div>\n\t\t\t\t\n<style>\n#col-1006080226 > .col-inner {\n  padding: 20% 5% 20% 5%;\n}\n@media (min-width:550px) {\n  #col-1006080226 > .col-inner {\n    padding: 0px 10% 0px 10%;\n  }\n}\n@media (min-width:850px) {\n  #col-1006080226 > .col-inner {\n    padding: 0px 10% 0px 10%;\n  }\n}\n<\/style>\n\t<\/div>\n\n\t\n<\/div>\n\t<div id=\"gap-1236511544\" class=\"gap-element clearfix\" style=\"display:block; height:auto;\">\n\t\t\n<style>\n#gap-1236511544 {\n  padding-top: 30px;\n}\n<\/style>\n\t<\/div>\n\t\n<div class=\"row\"  id=\"row-1768325478\">\n\n\t<div id=\"col-1684884499\" class=\"col small-12 large-12\"  >\n\t\t\t\t<div class=\"col-inner\"  >\n\t\t\t\n\t\t\t\n\t\n  \n    <div class=\"row large-columns-3 medium-columns- small-columns-2 row-small\" >\n  \n\t     <div class=\"product-small col has-hover product type-product post-5445 status-publish first instock product_cat-vakuumpakker has-post-thumbnail shipping-taxable product-type-external\">\n\t<div class=\"col-inner\">\n\t\n<div class=\"badge-container absolute left top z-1\">\n\n<\/div>\n\t<div class=\"product-small box \">\n\t\t<div class=\"box-image\">\n\t\t\t<div class=\"image-zoom_in\">\n\t\t\t\t<a href=\"https:\/\/foodsaver-nordic.com\/da\/foodsaver-slim-vs0100x\/\">\n\t\t\t\t\t<img loading=\"lazy\" decoding=\"async\" width=\"1000\" height=\"675\" src=\"https:\/\/foodsaver-nordic.com\/wp-content\/uploads\/2021\/11\/204014w-1000x675.jpg\" class=\"attachment-woocommerce_thumbnail size-woocommerce_thumbnail\" alt=\"FoodSaver Slim VS0100X\" \/><img loading=\"lazy\" decoding=\"async\" width=\"1024\" height=\"427\" src=\"https:\/\/foodsaver-nordic.com\/wp-content\/uploads\/2021\/06\/FS204014_VS0100-slim-straight-on-1-1024x427-1.jpeg\" class=\"show-on-hover absolute fill hide-for-small back-imageshow-on-hover absolute fill hide-for-small back-image hover-zoom\" alt=\"Alternative view of FoodSaver Slim VS0100X\" aria-hidden=\"true\" srcset=\"https:\/\/foodsaver-nordic.com\/wp-content\/uploads\/2021\/06\/FS204014_VS0100-slim-straight-on-1-1024x427-1.jpeg 1024w, https:\/\/foodsaver-nordic.com\/wp-content\/uploads\/2021\/06\/FS204014_VS0100-slim-straight-on-1-1024x427-1-300x125.jpeg 300w, https:\/\/foodsaver-nordic.com\/wp-content\/uploads\/2021\/06\/FS204014_VS0100-slim-straight-on-1-1024x427-1-768x320.jpeg 768w\" sizes=\"auto, (max-width: 1024px) 100vw, 1024px\" \/>\t\t\t\t<\/a>\n\t\t\t<\/div>\n\t\t\t<div class=\"image-tools is-small top right show-on-hover\">\n\t\t\t\t\t\t\t<\/div>\n\t\t\t<div class=\"image-tools is-small hide-for-small bottom left show-on-hover\">\n\t\t\t\t\t\t\t<\/div>\n\t\t\t<div class=\"image-tools grid-tools text-center hide-for-small bottom hover-slide-in show-on-hover\">\n\t\t\t\t\t\t\t<\/div>\n\t\t\t\t\t<\/div>\n\n\t\t<div class=\"box-text box-text-products text-center grid-style-2\">\n\t\t\t<div class=\"title-wrapper\">\t\t<p class=\"category uppercase is-smaller no-text-overflow product-cat op-8\">\n\t\t\tVakuumpakker\t\t<\/p>\n\t<p class=\"name product-title woocommerce-loop-product__title\"><a href=\"https:\/\/foodsaver-nordic.com\/da\/foodsaver-slim-vs0100x\/\" class=\"woocommerce-LoopProduct-link woocommerce-loop-product__link\">FoodSaver Slim VS0100X<\/a><\/p><\/div><div class=\"price-wrapper\"><stock-price-element-widget product-id=\"\" align=\"center\"><\/stock-price-element-widget><\/div><a href=\"https:\/\/foodsaver-nordic.com\/da\/foodsaver-slim-vs0100x\/\" class=\"btn-wh-product\">K\u00f6p<\/a>\t\t<\/div>\n\t<\/div>\n\t\t<\/div>\n<\/div><div class=\"product-small col has-hover product type-product post-5460 status-publish instock product_cat-poser has-post-thumbnail shipping-taxable product-type-external\">\n\t<div class=\"col-inner\">\n\t\n<div class=\"badge-container absolute left top z-1\">\n\n<\/div>\n\t<div class=\"product-small box \">\n\t\t<div class=\"box-image\">\n\t\t\t<div class=\"image-zoom_in\">\n\t\t\t\t<a href=\"https:\/\/foodsaver-nordic.com\/da\/vakuumposer-zip-lock-950-ml\/\">\n\t\t\t\t\t<img loading=\"lazy\" decoding=\"async\" width=\"1000\" height=\"675\" src=\"https:\/\/foodsaver-nordic.com\/wp-content\/uploads\/2021\/06\/FS204116_zipbags_w-1-1000x675.jpeg\" class=\"attachment-woocommerce_thumbnail size-woocommerce_thumbnail\" alt=\"Vakuumposer zip-lock 950 ml\" \/>\t\t\t\t<\/a>\n\t\t\t<\/div>\n\t\t\t<div class=\"image-tools is-small top right show-on-hover\">\n\t\t\t\t\t\t\t<\/div>\n\t\t\t<div class=\"image-tools is-small hide-for-small bottom left show-on-hover\">\n\t\t\t\t\t\t\t<\/div>\n\t\t\t<div class=\"image-tools grid-tools text-center hide-for-small bottom hover-slide-in show-on-hover\">\n\t\t\t\t\t\t\t<\/div>\n\t\t\t\t\t<\/div>\n\n\t\t<div class=\"box-text box-text-products text-center grid-style-2\">\n\t\t\t<div class=\"title-wrapper\">\t\t<p class=\"category uppercase is-smaller no-text-overflow product-cat op-8\">\n\t\t\tPoser\t\t<\/p>\n\t<p class=\"name product-title woocommerce-loop-product__title\"><a href=\"https:\/\/foodsaver-nordic.com\/da\/vakuumposer-zip-lock-950-ml\/\" class=\"woocommerce-LoopProduct-link woocommerce-loop-product__link\">Vakuumposer zip-lock 950 ml<\/a><\/p><\/div><div class=\"price-wrapper\"><stock-price-element-widget product-id=\"\" align=\"center\"><\/stock-price-element-widget><\/div><a href=\"https:\/\/foodsaver-nordic.com\/da\/vakuumposer-zip-lock-950-ml\/\" class=\"btn-wh-product\">K\u00f6p<\/a>\t\t<\/div>\n\t<\/div>\n\t\t<\/div>\n<\/div><div class=\"product-small col has-hover product type-product post-5434 status-publish last instock product_cat-madkasser has-post-thumbnail shipping-taxable product-type-external\">\n\t<div class=\"col-inner\">\n\t\n<div class=\"badge-container absolute left top z-1\">\n\n<\/div>\n\t<div class=\"product-small box \">\n\t\t<div class=\"box-image\">\n\t\t\t<div class=\"image-zoom_in\">\n\t\t\t\t<a href=\"https:\/\/foodsaver-nordic.com\/da\/foodsaver-fresh-container-18-l\/\">\n\t\t\t\t\t<img loading=\"lazy\" decoding=\"async\" width=\"1080\" height=\"675\" src=\"https:\/\/foodsaver-nordic.com\/wp-content\/uploads\/2021\/06\/8CUP_ANGLE-1080x675.jpg\" class=\"attachment-woocommerce_thumbnail size-woocommerce_thumbnail\" alt=\"FoodSaver Fresh Container 1,8 L\" \/>\t\t\t\t<\/a>\n\t\t\t<\/div>\n\t\t\t<div class=\"image-tools is-small top right show-on-hover\">\n\t\t\t\t\t\t\t<\/div>\n\t\t\t<div class=\"image-tools is-small hide-for-small bottom left show-on-hover\">\n\t\t\t\t\t\t\t<\/div>\n\t\t\t<div class=\"image-tools grid-tools text-center hide-for-small bottom hover-slide-in show-on-hover\">\n\t\t\t\t\t\t\t<\/div>\n\t\t\t\t\t<\/div>\n\n\t\t<div class=\"box-text box-text-products text-center grid-style-2\">\n\t\t\t<div class=\"title-wrapper\">\t\t<p class=\"category uppercase is-smaller no-text-overflow product-cat op-8\">\n\t\t\tMadkasser\t\t<\/p>\n\t<p class=\"name product-title woocommerce-loop-product__title\"><a href=\"https:\/\/foodsaver-nordic.com\/da\/foodsaver-fresh-container-18-l\/\" class=\"woocommerce-LoopProduct-link woocommerce-loop-product__link\">FoodSaver Fresh Container 1,8 L<\/a><\/p><\/div><div class=\"price-wrapper\"><stock-price-element-widget product-id=\"\" align=\"center\"><\/stock-price-element-widget><\/div><a href=\"https:\/\/foodsaver-nordic.com\/da\/foodsaver-fresh-container-18-l\/\" class=\"btn-wh-product\">K\u00f6p<\/a>\t\t<\/div>\n\t<\/div>\n\t\t<\/div>\n<\/div><div class=\"product-small col has-hover product type-product post-5441 status-publish first instock product_cat-madkasser has-post-thumbnail shipping-taxable product-type-external\">\n\t<div class=\"col-inner\">\n\t\n<div class=\"badge-container absolute left top z-1\">\n\n<\/div>\n\t<div class=\"product-small box \">\n\t\t<div class=\"box-image\">\n\t\t\t<div class=\"image-zoom_in\">\n\t\t\t\t<a href=\"https:\/\/foodsaver-nordic.com\/da\/foodsaver-fresh-container-23-l\/\">\n\t\t\t\t\t<img loading=\"lazy\" decoding=\"async\" width=\"1080\" height=\"675\" src=\"https:\/\/foodsaver-nordic.com\/wp-content\/uploads\/2021\/06\/10CUP_ANGLE-1080x675.jpg\" class=\"attachment-woocommerce_thumbnail size-woocommerce_thumbnail\" alt=\"FoodSaver Fresh Container 2,3 L\" \/>\t\t\t\t<\/a>\n\t\t\t<\/div>\n\t\t\t<div class=\"image-tools is-small top right show-on-hover\">\n\t\t\t\t\t\t\t<\/div>\n\t\t\t<div class=\"image-tools is-small hide-for-small bottom left show-on-hover\">\n\t\t\t\t\t\t\t<\/div>\n\t\t\t<div class=\"image-tools grid-tools text-center hide-for-small bottom hover-slide-in show-on-hover\">\n\t\t\t\t\t\t\t<\/div>\n\t\t\t\t\t<\/div>\n\n\t\t<div class=\"box-text box-text-products text-center grid-style-2\">\n\t\t\t<div class=\"title-wrapper\">\t\t<p class=\"category uppercase is-smaller no-text-overflow product-cat op-8\">\n\t\t\tMadkasser\t\t<\/p>\n\t<p class=\"name product-title woocommerce-loop-product__title\"><a href=\"https:\/\/foodsaver-nordic.com\/da\/foodsaver-fresh-container-23-l\/\" class=\"woocommerce-LoopProduct-link woocommerce-loop-product__link\">FoodSaver Fresh Container 2,3 L<\/a><\/p><\/div><div class=\"price-wrapper\"><stock-price-element-widget product-id=\"\" align=\"center\"><\/stock-price-element-widget><\/div><a href=\"https:\/\/foodsaver-nordic.com\/da\/foodsaver-fresh-container-23-l\/\" class=\"btn-wh-product\">K\u00f6p<\/a>\t\t<\/div>\n\t<\/div>\n\t\t<\/div>\n<\/div><div class=\"product-small col has-hover product type-product post-5454 status-publish instock product_cat-vakuumforpackare has-post-thumbnail shipping-taxable product-type-external\">\n\t<div class=\"col-inner\">\n\t\n<div class=\"badge-container absolute left top z-1\">\n\n<\/div>\n\t<div class=\"product-small box \">\n\t\t<div class=\"box-image\">\n\t\t\t<div class=\"image-zoom_in\">\n\t\t\t\t<a href=\"https:\/\/foodsaver-nordic.com\/da\/vakuumpropper\/\">\n\t\t\t\t\t<img loading=\"lazy\" decoding=\"async\" width=\"1000\" height=\"675\" src=\"https:\/\/foodsaver-nordic.com\/wp-content\/uploads\/2021\/06\/FS204109_kork_w-1000x675.jpeg\" class=\"attachment-woocommerce_thumbnail size-woocommerce_thumbnail\" alt=\"Vakuumpropper\" \/>\t\t\t\t<\/a>\n\t\t\t<\/div>\n\t\t\t<div class=\"image-tools is-small top right show-on-hover\">\n\t\t\t\t\t\t\t<\/div>\n\t\t\t<div class=\"image-tools is-small hide-for-small bottom left show-on-hover\">\n\t\t\t\t\t\t\t<\/div>\n\t\t\t<div class=\"image-tools grid-tools text-center hide-for-small bottom hover-slide-in show-on-hover\">\n\t\t\t\t\t\t\t<\/div>\n\t\t\t\t\t<\/div>\n\n\t\t<div class=\"box-text box-text-products text-center grid-style-2\">\n\t\t\t<div class=\"title-wrapper\">\t\t<p class=\"category uppercase is-smaller no-text-overflow product-cat op-8\">\n\t\t\tVakuumf\u00f6rpackare\t\t<\/p>\n\t<p class=\"name product-title woocommerce-loop-product__title\"><a href=\"https:\/\/foodsaver-nordic.com\/da\/vakuumpropper\/\" class=\"woocommerce-LoopProduct-link woocommerce-loop-product__link\">Vakuumpropper<\/a><\/p><\/div><div class=\"price-wrapper\"><stock-price-element-widget product-id=\"\" align=\"center\"><\/stock-price-element-widget><\/div><a href=\"https:\/\/foodsaver-nordic.com\/da\/vakuumpropper\/\" class=\"btn-wh-product\">K\u00f6p<\/a>\t\t<\/div>\n\t<\/div>\n\t\t<\/div>\n<\/div><\/div>\n\t\t<\/div>\n\t\t\t\t\t<\/div>\n\n\t\n<\/div>\n\t\t<\/div>\n\n\t\t\n<style>\n#section_1899352583 {\n  padding-top: 0px;\n  padding-bottom: 0px;\n}\n@media (min-width:550px) {\n  #section_1899352583 {\n    padding-top: 0px;\n    padding-bottom: 0px;\n  }\n}\n<\/style>\n\t<\/section>\n\t\n","protected":false},"excerpt":{"rendered":"","protected":false},"author":1,"featured_media":0,"parent":0,"menu_order":0,"comment_status":"closed","ping_status":"closed","template":"page-blank.php","meta":{"_acf_changed":false,"footnotes":""},"class_list":["post-5352","page","type-page","status-publish","hentry"],"acf":[],"_links":{"self":[{"href":"https:\/\/foodsaver-nordic.com\/da\/wp-json\/wp\/v2\/pages\/5352","targetHints":{"allow":["GET"]}}],"collection":[{"href":"https:\/\/foodsaver-nordic.com\/da\/wp-json\/wp\/v2\/pages"}],"about":[{"href":"https:\/\/foodsaver-nordic.com\/da\/wp-json\/wp\/v2\/types\/page"}],"author":[{"embeddable":true,"href":"https:\/\/foodsaver-nordic.com\/da\/wp-json\/wp\/v2\/users\/1"}],"replies":[{"embeddable":true,"href":"https:\/\/foodsaver-nordic.com\/da\/wp-json\/wp\/v2\/comments?post=5352"}],"version-history":[{"count":4,"href":"https:\/\/foodsaver-nordic.com\/da\/wp-json\/wp\/v2\/pages\/5352\/revisions"}],"predecessor-version":[{"id":5556,"href":"https:\/\/foodsaver-nordic.com\/da\/wp-json\/wp\/v2\/pages\/5352\/revisions\/5556"}],"wp:attachment":[{"href":"https:\/\/foodsaver-nordic.com\/da\/wp-json\/wp\/v2\/media?parent=5352"}],"curies":[{"name":"wp","href":"https:\/\/api.w.org\/{rel}","templated":true}]}}