{"id":5441,"date":"2021-06-30T10:09:46","date_gmt":"2021-06-30T10:09:46","guid":{"rendered":"https:\/\/foodsaver-nordic.com\/foodsaver-fresh-container-23-l\/"},"modified":"2021-06-30T10:09:46","modified_gmt":"2021-06-30T10:09:46","slug":"foodsaver-fresh-container-23-l","status":"publish","type":"product","link":"https:\/\/foodsaver-nordic.com\/da\/foodsaver-fresh-container-23-l\/","title":{"rendered":"FoodSaver Fresh Container 2,3 L"},"content":{"rendered":"<ul>\n<li>Lavet af holdbar Tritan-plast<\/li>\n<li>Kompatibel med alle FoodSaver vakuumpakkere<\/li>\n<li>Ridsefast<\/li>\n<li>Lugt- og pletbestandig<\/li>\n<li>Kan bruges i opvaskemaskine og mikrob\u00f8lgeovnn<\/li>\n<li>Stabelbar<\/li>\n<\/ul>\n<p>Rek. pris: 299:-<\/p>\n<p>&nbsp;<\/p>\n","protected":false},"excerpt":{"rendered":"<p>Opbevaringsboks 2,3 liter til FoodSaver vakuumpakker. Bruges til milj\u00f8bevidst opbevaring af alle typer f\u00f8devarer. Fremragende til at gemme rester i og til at forberede m\u00e5ltider. Opbevaring med vakuum giver dobbelt s\u00e5 lang holdbarhed i k\u00f8leskabet og fem gange l\u00e6ngere tid i fryseren. Plasten er BPA-fri, og kasserne er ridsefaste, lugtafvisende og fungerer godt med alle FoodSaver vakuumpakkere.<\/p>\n","protected":false},"featured_media":4825,"template":"","meta":{"_acf_changed":false},"product_brand":[],"product_cat":[106],"product_tag":[],"class_list":{"0":"post-5441","1":"product","2":"type-product","3":"status-publish","4":"has-post-thumbnail","6":"product_cat-madkasser","7":"pa_anvandning-for-den-forjagede","8":"pa_anvandning-for-miljohelten","9":"pa_anvandning-for-smagselskeren","11":"first","12":"instock","13":"shipping-taxable","14":"product-type-external"},"acf":[],"_links":{"self":[{"href":"https:\/\/foodsaver-nordic.com\/da\/wp-json\/wp\/v2\/product\/5441","targetHints":{"allow":["GET"]}}],"collection":[{"href":"https:\/\/foodsaver-nordic.com\/da\/wp-json\/wp\/v2\/product"}],"about":[{"href":"https:\/\/foodsaver-nordic.com\/da\/wp-json\/wp\/v2\/types\/product"}],"wp:featuredmedia":[{"embeddable":true,"href":"https:\/\/foodsaver-nordic.com\/da\/wp-json\/wp\/v2\/media\/4825"}],"wp:attachment":[{"href":"https:\/\/foodsaver-nordic.com\/da\/wp-json\/wp\/v2\/media?parent=5441"}],"wp:term":[{"taxonomy":"product_brand","embeddable":true,"href":"https:\/\/foodsaver-nordic.com\/da\/wp-json\/wp\/v2\/product_brand?post=5441"},{"taxonomy":"product_cat","embeddable":true,"href":"https:\/\/foodsaver-nordic.com\/da\/wp-json\/wp\/v2\/product_cat?post=5441"},{"taxonomy":"product_tag","embeddable":true,"href":"https:\/\/foodsaver-nordic.com\/da\/wp-json\/wp\/v2\/product_tag?post=5441"}],"curies":[{"name":"wp","href":"https:\/\/api.w.org\/{rel}","templated":true}]}}