{"id":5454,"date":"2021-06-30T09:56:30","date_gmt":"2021-06-30T09:56:30","guid":{"rendered":"https:\/\/foodsaver-nordic.com\/vakuumpropper\/"},"modified":"2021-06-30T09:56:30","modified_gmt":"2021-06-30T09:56:30","slug":"vakuumpropper","status":"publish","type":"product","link":"https:\/\/foodsaver-nordic.com\/da\/vakuumpropper\/","title":{"rendered":"Vakuumpropper"},"content":{"rendered":"<ul>\n<li>Luftt\u00e6t og lugtfri<\/li>\n<li>T\u00e5ler opvaskemaskine<\/li>\n<li>Perfekt til restvin, olier, eddike eller ekstrakter<\/li>\n<\/ul>\n<h3>Rek. pris: 129:-<\/h3>\n","protected":false},"excerpt":{"rendered":"<p>Flaskepropper til FoodSaver vakuumpakkere. Forsegler vin, olier eller ekstrakter for at holde indholdet frisk i l\u00e6ngere tid. Forl\u00e6nger holdbarheden ved at lukke luften ude. Flaskepropperne kan bruges p\u00e5 de fleste standardflasker. Pakken indeholder 3 stk. flaskepropper i robust, BPA-fri plast.<\/p>\n","protected":false},"featured_media":4801,"template":"","meta":{"_acf_changed":false},"product_brand":[],"product_cat":[19],"product_tag":[],"class_list":{"0":"post-5454","1":"product","2":"type-product","3":"status-publish","4":"has-post-thumbnail","6":"product_cat-vakuumforpackare","7":"pa_anvandning-for-miljohelten","8":"pa_anvandning-for-smagselskeren","10":"first","11":"instock","12":"shipping-taxable","13":"product-type-external"},"acf":[],"_links":{"self":[{"href":"https:\/\/foodsaver-nordic.com\/da\/wp-json\/wp\/v2\/product\/5454","targetHints":{"allow":["GET"]}}],"collection":[{"href":"https:\/\/foodsaver-nordic.com\/da\/wp-json\/wp\/v2\/product"}],"about":[{"href":"https:\/\/foodsaver-nordic.com\/da\/wp-json\/wp\/v2\/types\/product"}],"wp:featuredmedia":[{"embeddable":true,"href":"https:\/\/foodsaver-nordic.com\/da\/wp-json\/wp\/v2\/media\/4801"}],"wp:attachment":[{"href":"https:\/\/foodsaver-nordic.com\/da\/wp-json\/wp\/v2\/media?parent=5454"}],"wp:term":[{"taxonomy":"product_brand","embeddable":true,"href":"https:\/\/foodsaver-nordic.com\/da\/wp-json\/wp\/v2\/product_brand?post=5454"},{"taxonomy":"product_cat","embeddable":true,"href":"https:\/\/foodsaver-nordic.com\/da\/wp-json\/wp\/v2\/product_cat?post=5454"},{"taxonomy":"product_tag","embeddable":true,"href":"https:\/\/foodsaver-nordic.com\/da\/wp-json\/wp\/v2\/product_tag?post=5454"}],"curies":[{"name":"wp","href":"https:\/\/api.w.org\/{rel}","templated":true}]}}