{"id":5457,"date":"2021-06-30T09:53:45","date_gmt":"2021-06-30T09:53:45","guid":{"rendered":"https:\/\/foodsaver-nordic.com\/vakuummarineringsboks-21-liters\/"},"modified":"2021-06-30T09:53:45","modified_gmt":"2021-06-30T09:53:45","slug":"vakuummarineringsboks-21-liters","status":"publish","type":"product","link":"https:\/\/foodsaver-nordic.com\/da\/vakuummarineringsboks-21-liters\/","title":{"rendered":"Vakuummarineringsboks 2,1 liters"},"content":{"rendered":"<ul>\n<li>Fri for BPAt<\/li>\n<li>Ridsefast<\/li>\n<li>Lugt- og pletbestandig<\/li>\n<li>T\u00e5ler opvaskemaskine<\/li>\n<li>Kan opvarmes i mikroovn<\/li>\n<\/ul>\n<h3>Rek. pris: 329:-<\/h3>\n","protected":false},"excerpt":{"rendered":"<p>Den 2,1 liter marineringsboks bruges i forbindelse med FoodSaver vakuumpakker med en marineringsfunktion. Hvis du har brug for at f\u00e5 godt k\u00f8d til grillen samme aften, har du l\u00f8sningen foran dig. Vakuumboksen marinerer hurtigt k\u00f8d, fisk og gr\u00f8ntsager med fantastisk smag p\u00e5 f\u00e5 minutter. Marineringsboksen kan ogs\u00e5 bruges til traditionel opbevaring. Materialet best\u00e5r af BPA-fri plast, og boksen t\u00e5ler opvaskemaskine og kan bruges til opvarmning af mad i en mikrob\u00f8lgeovn.<\/p>\n","protected":false},"featured_media":4798,"template":"","meta":{"_acf_changed":false},"product_brand":[],"product_cat":[106],"product_tag":[],"class_list":{"0":"post-5457","1":"product","2":"type-product","3":"status-publish","4":"has-post-thumbnail","6":"product_cat-madkasser","7":"pa_anvandning-for-jaegeren","9":"first","10":"instock","11":"shipping-taxable","12":"product-type-external"},"acf":[],"_links":{"self":[{"href":"https:\/\/foodsaver-nordic.com\/da\/wp-json\/wp\/v2\/product\/5457","targetHints":{"allow":["GET"]}}],"collection":[{"href":"https:\/\/foodsaver-nordic.com\/da\/wp-json\/wp\/v2\/product"}],"about":[{"href":"https:\/\/foodsaver-nordic.com\/da\/wp-json\/wp\/v2\/types\/product"}],"wp:featuredmedia":[{"embeddable":true,"href":"https:\/\/foodsaver-nordic.com\/da\/wp-json\/wp\/v2\/media\/4798"}],"wp:attachment":[{"href":"https:\/\/foodsaver-nordic.com\/da\/wp-json\/wp\/v2\/media?parent=5457"}],"wp:term":[{"taxonomy":"product_brand","embeddable":true,"href":"https:\/\/foodsaver-nordic.com\/da\/wp-json\/wp\/v2\/product_brand?post=5457"},{"taxonomy":"product_cat","embeddable":true,"href":"https:\/\/foodsaver-nordic.com\/da\/wp-json\/wp\/v2\/product_cat?post=5457"},{"taxonomy":"product_tag","embeddable":true,"href":"https:\/\/foodsaver-nordic.com\/da\/wp-json\/wp\/v2\/product_tag?post=5457"}],"curies":[{"name":"wp","href":"https:\/\/api.w.org\/{rel}","templated":true}]}}