{"id":5460,"date":"2021-06-30T09:51:59","date_gmt":"2021-06-30T09:51:59","guid":{"rendered":"https:\/\/foodsaver-nordic.com\/vakuumposer-zip-lock-950-ml\/"},"modified":"2021-06-30T09:51:59","modified_gmt":"2021-06-30T09:51:59","slug":"vakuumposer-zip-lock-950-ml","status":"publish","type":"product","link":"https:\/\/foodsaver-nordic.com\/da\/vakuumposer-zip-lock-950-ml\/","title":{"rendered":"Vakuumposer zip-lock 950 ml"},"content":{"rendered":"<ul>\n<li>BPA-fri<\/li>\n<li>St\u00e6rk genforsegling<\/li>\n<li>Forhindrer frostforbr\u00e6nding<\/li>\n<li>K\u00f8le- og frysesikker<\/li>\n<\/ul>\n<h3>Rek. pris: 229:-<\/h3>\n","protected":false},"excerpt":{"rendered":"<p>Genanvendelige zip-poser 950 ml til FoodSaver vakuumpakkere. Forl\u00e6nger holdbarheden af dine friske f\u00f8devarer og er ideel til k\u00f8ling af dagligvarer s\u00e5som p\u00e5l\u00e6g og sk\u00e6reost. Hver pose best\u00e5r af slidst\u00e6rk, flerlags BPA-fri plast, der sikrer, at maden forbliver frisk, i l\u00e6ngere tid. Pakken indeholder 26 stk. zip-poser, der holder 950 ml.<\/p>\n","protected":false},"featured_media":4795,"template":"","meta":{"_acf_changed":false},"product_brand":[],"product_cat":[107],"product_tag":[],"class_list":{"0":"post-5460","1":"product","2":"type-product","3":"status-publish","4":"has-post-thumbnail","6":"product_cat-poser","7":"pa_anvandning-for-den-forjagede","8":"pa_anvandning-for-miljohelten","10":"first","11":"instock","12":"shipping-taxable","13":"product-type-external"},"acf":[],"_links":{"self":[{"href":"https:\/\/foodsaver-nordic.com\/da\/wp-json\/wp\/v2\/product\/5460","targetHints":{"allow":["GET"]}}],"collection":[{"href":"https:\/\/foodsaver-nordic.com\/da\/wp-json\/wp\/v2\/product"}],"about":[{"href":"https:\/\/foodsaver-nordic.com\/da\/wp-json\/wp\/v2\/types\/product"}],"wp:featuredmedia":[{"embeddable":true,"href":"https:\/\/foodsaver-nordic.com\/da\/wp-json\/wp\/v2\/media\/4795"}],"wp:attachment":[{"href":"https:\/\/foodsaver-nordic.com\/da\/wp-json\/wp\/v2\/media?parent=5460"}],"wp:term":[{"taxonomy":"product_brand","embeddable":true,"href":"https:\/\/foodsaver-nordic.com\/da\/wp-json\/wp\/v2\/product_brand?post=5460"},{"taxonomy":"product_cat","embeddable":true,"href":"https:\/\/foodsaver-nordic.com\/da\/wp-json\/wp\/v2\/product_cat?post=5460"},{"taxonomy":"product_tag","embeddable":true,"href":"https:\/\/foodsaver-nordic.com\/da\/wp-json\/wp\/v2\/product_tag?post=5460"}],"curies":[{"name":"wp","href":"https:\/\/api.w.org\/{rel}","templated":true}]}}