{"id":5463,"date":"2021-06-30T09:50:36","date_gmt":"2021-06-30T09:50:36","guid":{"rendered":"https:\/\/foodsaver-nordic.com\/vakuumposer-vaeskeblokerende-950-ml\/"},"modified":"2021-06-30T09:50:36","modified_gmt":"2021-06-30T09:50:36","slug":"vakuumposer-vaeskeblokerende-950-ml","status":"publish","type":"product","link":"https:\/\/foodsaver-nordic.com\/da\/vakuumposer-vaeskeblokerende-950-ml\/","title":{"rendered":"Vakuumposer, v\u00e6skeblokerende 950 ml"},"content":{"rendered":"<ul>\n<li>Rummer 950 ml<\/li>\n<li>Giver en st\u00e6rk forsegling<\/li>\n<li>Forhindrer frostforbr\u00e6nding<\/li>\n<li>Blokerer ilt og fugt<\/li>\n<li>BPA-fri<\/li>\n<\/ul>\n<h3>Rek. pris: 299:-<\/h3>\n","protected":false},"excerpt":{"rendered":"<p>V\u00e6skeblokerende poser til foodsaver vakuumpakkere. Det oplagte valg til vakuumforsegling af saftige og fugtige f\u00f8devarer. V\u00e6skeblokeringsstrimler forhindrer at posen l\u00e6kker v\u00e6ske, og skaber en st\u00e6rk, ren forsegling uden spild. Fremragende ved opbevaring af marineret mad, r\u00e5t k\u00f8d og saftige madrester, uden risiko for l\u00e6kage. Plasten er BPA-fri, og pakken indeholder 12 forsk\u00e5rne poser, der kan rumme 950 ml. <\/p>\n","protected":false},"featured_media":4792,"template":"","meta":{"_acf_changed":false},"product_brand":[],"product_cat":[107],"product_tag":[],"class_list":{"0":"post-5463","1":"product","2":"type-product","3":"status-publish","4":"has-post-thumbnail","6":"product_cat-poser","7":"pa_anvandning-for-den-forjagede","8":"pa_anvandning-for-miljohelten","10":"first","11":"instock","12":"shipping-taxable","13":"purchasable","14":"product-type-simple"},"acf":[],"_links":{"self":[{"href":"https:\/\/foodsaver-nordic.com\/da\/wp-json\/wp\/v2\/product\/5463","targetHints":{"allow":["GET"]}}],"collection":[{"href":"https:\/\/foodsaver-nordic.com\/da\/wp-json\/wp\/v2\/product"}],"about":[{"href":"https:\/\/foodsaver-nordic.com\/da\/wp-json\/wp\/v2\/types\/product"}],"wp:featuredmedia":[{"embeddable":true,"href":"https:\/\/foodsaver-nordic.com\/da\/wp-json\/wp\/v2\/media\/4792"}],"wp:attachment":[{"href":"https:\/\/foodsaver-nordic.com\/da\/wp-json\/wp\/v2\/media?parent=5463"}],"wp:term":[{"taxonomy":"product_brand","embeddable":true,"href":"https:\/\/foodsaver-nordic.com\/da\/wp-json\/wp\/v2\/product_brand?post=5463"},{"taxonomy":"product_cat","embeddable":true,"href":"https:\/\/foodsaver-nordic.com\/da\/wp-json\/wp\/v2\/product_cat?post=5463"},{"taxonomy":"product_tag","embeddable":true,"href":"https:\/\/foodsaver-nordic.com\/da\/wp-json\/wp\/v2\/product_tag?post=5463"}],"curies":[{"name":"wp","href":"https:\/\/api.w.org\/{rel}","templated":true}]}}