{"id":5478,"date":"2021-06-30T09:31:39","date_gmt":"2021-06-30T09:31:39","guid":{"rendered":"https:\/\/foodsaver-nordic.com\/foodsaver-ffs016x\/"},"modified":"2021-10-01T11:47:34","modified_gmt":"2021-10-01T11:47:34","slug":"foodsaver-ffs016x","status":"publish","type":"product","link":"https:\/\/foodsaver-nordic.com\/da\/foodsaver-ffs016x\/","title":{"rendered":"FoodSaver FFS016X"},"content":{"rendered":"<ul>\n<li>Indbygget opbevaring af plastruller<\/li>\n<li>Integreret sk\u00e6reanordning<\/li>\n<li>Sikker l\u00e5se- og sp\u00e6rremekanisme<\/li>\n<li>Tre forskellige forseglingstilstande<\/li>\n<li>Port til brug med FoodSaver-tilbeh\u00f8r<\/li>\n<li>Drypbakke, der kan t\u00e5le opvaskemaskine<\/li>\n<li>Altid 2 \u00e5rs garanti<\/li>\n<\/ul>\n<h3>Rek. pris: 1 495:-<\/h3>\n","protected":false},"excerpt":{"rendered":"<h2>Passer til alle behov<\/h2>\n<p><strong>FoodSaver FFS016<\/strong> er mere alsidig og tilbyder flere m\u00e5der at vakuumpakke p\u00e5. Vakuumteknologien fjerner luften fra emballagen for at skabe en luftt\u00e6t forsegling, der f\u00e5r maden til at holde l\u00e6ngere. Med indbygget opbevaring af ruller og en integreret sk\u00e6reanordning er det nemt at justere posernes st\u00f8rrelse.<\/p>\n<p><strong>FFS016<\/strong> har tre forskellige t\u00e6tningstilstande; med eller uden vakuum og en tilstand til mad med en masse v\u00e6ske, hvor en drypbakke opfanger overskydende v\u00e6ske. Det kompakte design g\u00f8r det muligt at opbevare maskinen st\u00e5ende, hvilket betyder, at den ikke tager meget plads.<\/p>\n<p><strong>Starts\u00e6t inkl.:<\/strong> 5 stk. 0,94 liters poser, 5 stk. 3,78 liters poser, 1 stk. plastrulle 28 cm x 3 m<\/p>\n","protected":false},"featured_media":4759,"template":"","meta":{"_acf_changed":false},"product_brand":[],"product_cat":[108],"product_tag":[],"class_list":{"0":"post-5478","1":"product","2":"type-product","3":"status-publish","4":"has-post-thumbnail","6":"product_cat-vakuumpakker","8":"first","9":"instock","10":"shipping-taxable","11":"purchasable","12":"product-type-simple"},"acf":[],"_links":{"self":[{"href":"https:\/\/foodsaver-nordic.com\/da\/wp-json\/wp\/v2\/product\/5478","targetHints":{"allow":["GET"]}}],"collection":[{"href":"https:\/\/foodsaver-nordic.com\/da\/wp-json\/wp\/v2\/product"}],"about":[{"href":"https:\/\/foodsaver-nordic.com\/da\/wp-json\/wp\/v2\/types\/product"}],"wp:featuredmedia":[{"embeddable":true,"href":"https:\/\/foodsaver-nordic.com\/da\/wp-json\/wp\/v2\/media\/4759"}],"wp:attachment":[{"href":"https:\/\/foodsaver-nordic.com\/da\/wp-json\/wp\/v2\/media?parent=5478"}],"wp:term":[{"taxonomy":"product_brand","embeddable":true,"href":"https:\/\/foodsaver-nordic.com\/da\/wp-json\/wp\/v2\/product_brand?post=5478"},{"taxonomy":"product_cat","embeddable":true,"href":"https:\/\/foodsaver-nordic.com\/da\/wp-json\/wp\/v2\/product_cat?post=5478"},{"taxonomy":"product_tag","embeddable":true,"href":"https:\/\/foodsaver-nordic.com\/da\/wp-json\/wp\/v2\/product_tag?post=5478"}],"curies":[{"name":"wp","href":"https:\/\/api.w.org\/{rel}","templated":true}]}}