{"id":5481,"date":"2021-06-30T09:29:29","date_gmt":"2021-06-30T09:29:29","guid":{"rendered":"https:\/\/foodsaver-nordic.com\/foodsaver-ffs014x\/"},"modified":"2021-10-01T11:51:19","modified_gmt":"2021-10-01T11:51:19","slug":"foodsaver-ffs014x","status":"publish","type":"product","link":"https:\/\/foodsaver-nordic.com\/da\/foodsaver-ffs014x\/","title":{"rendered":"FoodSaver FFS014X"},"content":{"rendered":"<ul>\n<li>Enkel l\u00e5se- og sp\u00e6rremekanisme<\/li>\n<li>Drypbakke, der kan t\u00e5le opvaskemaskine<\/li>\n<li>Port til brug med FoodSaver-tilbeh\u00f8r<\/li>\n<li>Passer p\u00e5 k\u00f8kkenbordet<\/li>\n<li>Altid 2 \u00e5rs garanti<\/li>\n<\/ul>\n<h3>Rek. pris: 995:-<\/h3>\n","protected":false},"excerpt":{"rendered":"<h2>Basismodellen f\u00e5r et l\u00f8ft<\/h2>\n<p><strong>FoodSaver FFS014<\/strong> er vores basismodel, der med sit kompakte design altid kan st\u00e5 p\u00e5 k\u00f8kkenbordet. T\u00f8mmer og forsegler plastikposer med en luftt\u00e6t forsegling, der holder maden frisk fem gange l\u00e6ngere tid end traditionel opbevaring i en fryser.<\/p>\n<p><strong>FFS014<\/strong> er udstyret med en port til brug med FoodSaver-tilbeh\u00f8r, men kan ogs\u00e5 bruge Fresh-tilbeh\u00f8r s\u00e5som Fresh Containere og genanvendelige zip-poser.<\/p>\n<p><strong>Starts\u00e6t inkl.:<\/strong> 5 stk. 0,94 liters poser, 5 stk. 3,78 liters poser<\/p>\n","protected":false},"featured_media":5182,"template":"","meta":{"_acf_changed":false},"product_brand":[],"product_cat":[108],"product_tag":[],"class_list":{"0":"post-5481","1":"product","2":"type-product","3":"status-publish","4":"has-post-thumbnail","6":"product_cat-vakuumpakker","8":"first","9":"instock","10":"shipping-taxable","11":"product-type-external"},"acf":[],"_links":{"self":[{"href":"https:\/\/foodsaver-nordic.com\/da\/wp-json\/wp\/v2\/product\/5481","targetHints":{"allow":["GET"]}}],"collection":[{"href":"https:\/\/foodsaver-nordic.com\/da\/wp-json\/wp\/v2\/product"}],"about":[{"href":"https:\/\/foodsaver-nordic.com\/da\/wp-json\/wp\/v2\/types\/product"}],"wp:featuredmedia":[{"embeddable":true,"href":"https:\/\/foodsaver-nordic.com\/da\/wp-json\/wp\/v2\/media\/5182"}],"wp:attachment":[{"href":"https:\/\/foodsaver-nordic.com\/da\/wp-json\/wp\/v2\/media?parent=5481"}],"wp:term":[{"taxonomy":"product_brand","embeddable":true,"href":"https:\/\/foodsaver-nordic.com\/da\/wp-json\/wp\/v2\/product_brand?post=5481"},{"taxonomy":"product_cat","embeddable":true,"href":"https:\/\/foodsaver-nordic.com\/da\/wp-json\/wp\/v2\/product_cat?post=5481"},{"taxonomy":"product_tag","embeddable":true,"href":"https:\/\/foodsaver-nordic.com\/da\/wp-json\/wp\/v2\/product_tag?post=5481"}],"curies":[{"name":"wp","href":"https:\/\/api.w.org\/{rel}","templated":true}]}}