{"id":5484,"date":"2021-06-30T09:26:57","date_gmt":"2021-06-30T09:26:57","guid":{"rendered":"https:\/\/foodsaver-nordic.com\/foodsaver-flow-ffs006x\/"},"modified":"2022-10-12T12:35:16","modified_gmt":"2022-10-12T12:35:16","slug":"foodsaver-flow-ffs006x","status":"publish","type":"product","link":"https:\/\/foodsaver-nordic.com\/da\/foodsaver-flow-ffs006x\/","title":{"rendered":"FoodSaver Flow FFS006X"},"content":{"rendered":"<ul>\n<li>Indbygget opbevaring af plastruller<\/li>\n<li>Integreret sk\u00e6reanordning<\/li>\n<li>Pulsfunktion for st\u00f8rre pr\u00e6cision<\/li>\n<li>Fremstilling af ekstra hurtige poser<\/li>\n<li>Marineringstilstand til hurtig smagsinfusion<\/li>\n<li>4 forskellige forseglingstilstande<\/li>\n<li>Drypbakke, der kan t\u00e5le opvaskemaskine<\/li>\n<li>Altid 2 \u00e5rs garanti<\/li>\n<\/ul>\n<h3><\/h3>\n","protected":false},"excerpt":{"rendered":"<h2>J\u00e6gerens bedste ven<\/h2>\n<p><strong>FoodSaver Flow<\/strong> er en h\u00f8jtydende og hurtig vakuumpakker, som er designet med henblik p\u00e5 j\u00e6geren, hobbykokken og madentusiasten. Bevar s\u00e6sonbestemt duft og smag i en luftt\u00e6t vakuumforsegling, der holder maden frisk op til fem gange l\u00e6ngere tid i fryseren. Med indbygget rulleopbevaring og en integreret sk\u00e6reanordning er det nemt at justere posens st\u00f8rrelse til indholdet.<\/p>\n<p><strong>FoodSaver Flow har 4 forseglingstilstande,<\/strong> med eller uden vakuum, en tilstand for mad med meget v\u00e6ske og en marineringstilstand, hvor kombinationer af vakuumpulssekvenser bruges til at opn\u00e5 den bedst mulige smagsinfusion. Pulsfunktionen giver dig mulighed for at udf\u00f8re vakuumpakningen trinvist, hvilket er mere sk\u00e5nsomt for sarte f\u00f8devarer. En ekstra bred t\u00e6tningsstrimmel giver vakuumpakkeren mere styrke, og ekstra hurtig posefremstilling giver h\u00f8jere kapacitet ved professionel brug.<\/p>\n<p><strong>Tilbeh\u00f8r inkl.:<\/strong> 3 stk. 0,94 liters poser, 2 stk &#8211; 3,78 liters poser, 3 stk. FoodSaver-zip-poser, 1 plastrulle 28 cm<\/p>\n","protected":false},"featured_media":5179,"template":"","meta":{"_acf_changed":false},"product_brand":[],"product_cat":[108],"product_tag":[],"class_list":{"0":"post-5484","1":"product","2":"type-product","3":"status-publish","4":"has-post-thumbnail","6":"product_cat-vakuumpakker","8":"first","9":"instock","10":"shipping-taxable","11":"product-type-external"},"acf":[],"_links":{"self":[{"href":"https:\/\/foodsaver-nordic.com\/da\/wp-json\/wp\/v2\/product\/5484","targetHints":{"allow":["GET"]}}],"collection":[{"href":"https:\/\/foodsaver-nordic.com\/da\/wp-json\/wp\/v2\/product"}],"about":[{"href":"https:\/\/foodsaver-nordic.com\/da\/wp-json\/wp\/v2\/types\/product"}],"wp:featuredmedia":[{"embeddable":true,"href":"https:\/\/foodsaver-nordic.com\/da\/wp-json\/wp\/v2\/media\/5179"}],"wp:attachment":[{"href":"https:\/\/foodsaver-nordic.com\/da\/wp-json\/wp\/v2\/media?parent=5484"}],"wp:term":[{"taxonomy":"product_brand","embeddable":true,"href":"https:\/\/foodsaver-nordic.com\/da\/wp-json\/wp\/v2\/product_brand?post=5484"},{"taxonomy":"product_cat","embeddable":true,"href":"https:\/\/foodsaver-nordic.com\/da\/wp-json\/wp\/v2\/product_cat?post=5484"},{"taxonomy":"product_tag","embeddable":true,"href":"https:\/\/foodsaver-nordic.com\/da\/wp-json\/wp\/v2\/product_tag?post=5484"}],"curies":[{"name":"wp","href":"https:\/\/api.w.org\/{rel}","templated":true}]}}