{"id":5636,"date":"2021-11-09T06:45:06","date_gmt":"2021-11-09T06:45:06","guid":{"rendered":"https:\/\/foodsaver-nordic.com\/?post_type=product&#038;p=5636"},"modified":"2022-01-03T10:48:12","modified_gmt":"2022-01-03T10:48:12","slug":"foodsaver-v3190x-rustfri-kopia","status":"publish","type":"product","link":"https:\/\/foodsaver-nordic.com\/da\/foodsaver-v3190x-rustfri-kopia\/","title":{"rendered":"Foodsaver V3190X, Rustfri (kopia)"},"content":{"rendered":"<ul>\n<li>4 forudindstillede tilstande for t\u00f8r, fugtig\/v\u00e5d mad, pulsfunktion og Sous Vide<\/li>\n<li>Indbygget opbevaring af plastruller<\/li>\n<li>Integreret sk\u00e6reanordning<\/li>\n<li>Ekstra hurtig posefremstilling<\/li>\n<li>Port til brug med FoodSaver-tilbeh\u00f8r<\/li>\n<li>Pulsfunktion for h\u00f8jere pr\u00e6cision<\/li>\n<li>Marineringstilstand til hurtig smagsinfusion<\/li>\n<li>Indstillinger for fugtig og t\u00f8r mad<\/li>\n<li>Forh\u00f8jet t\u00e6tningsvinkel, praktisk til v\u00e6sker<\/li>\n<li>Altid 2 \u00e5rs garanti<\/li>\n<\/ul>\n","protected":false},"excerpt":{"rendered":"<h2>Vakuumpakker til sous vide<\/h2>\n<p><strong>FoodSaver V3190X<\/strong> er en kraftfuld og alsidig vakuumpakker. Med fire forudindstillede tilstande velegnet til t\u00f8r mad, v\u00e5d\/fugtig mad, puls til sart mad og til Sous Vide. Vakuumteknologien fjerner luften i emballagen og skaber en luftt\u00e6t forsegling, der holder f\u00f8devarer friske op til 5 gange l\u00e6ngere tid sammenlignet med standardopbevaringsmetoder. Den indbyggede posejusteringsfunktion p\u00e5 bagsiden af drypbakken sikrer, at posen bliver godt forseglet, da den bliver korrekt placeret hver gang. Med et tryk p\u00e5 en knap vil kraftig vakuumteknologi fjerne luft fra posen og skabe en luftt\u00e6t forsegling. Det stilfulde, moderne og kompakte design g\u00f8r, at du med gl\u00e6de vil lade din FoodSaver V3190X st\u00e5 fremme i k\u00f8kkenet, altid klar.<\/p>\n<p><strong>Starts\u00e6t inkl.<\/strong>: 1x 28 cm af 3 m ruller. 2x sm\u00e5 poser. 2x store poser. 2x vakuumposer zip-lock 950 ml poser. 2x vakuumposer zip-cover 3,79 liter &#8211; Nyhed<\/p>\n","protected":false},"featured_media":6115,"template":"","meta":{"_acf_changed":false},"product_brand":[],"product_cat":[108],"product_tag":[],"class_list":{"0":"post-5636","1":"product","2":"type-product","3":"status-publish","4":"has-post-thumbnail","6":"product_cat-vakuumpakker","7":"pa_anvandning-for-den-forjagede","8":"pa_anvandning-for-jaegeren","9":"pa_anvandning-for-smagselskeren","10":"pa_funktioner-indbygget-skaerefunktion","11":"pa_funktioner-integreret-lagring-af-ruller","12":"pa_funktioner-marineringsfunktion-da","13":"pa_funktioner-pulsfunktion-da","14":"pa_funktioner-vad-eller-sart-mad","16":"first","17":"instock","18":"shipping-taxable","19":"product-type-external"},"acf":[],"_links":{"self":[{"href":"https:\/\/foodsaver-nordic.com\/da\/wp-json\/wp\/v2\/product\/5636","targetHints":{"allow":["GET"]}}],"collection":[{"href":"https:\/\/foodsaver-nordic.com\/da\/wp-json\/wp\/v2\/product"}],"about":[{"href":"https:\/\/foodsaver-nordic.com\/da\/wp-json\/wp\/v2\/types\/product"}],"wp:featuredmedia":[{"embeddable":true,"href":"https:\/\/foodsaver-nordic.com\/da\/wp-json\/wp\/v2\/media\/6115"}],"wp:attachment":[{"href":"https:\/\/foodsaver-nordic.com\/da\/wp-json\/wp\/v2\/media?parent=5636"}],"wp:term":[{"taxonomy":"product_brand","embeddable":true,"href":"https:\/\/foodsaver-nordic.com\/da\/wp-json\/wp\/v2\/product_brand?post=5636"},{"taxonomy":"product_cat","embeddable":true,"href":"https:\/\/foodsaver-nordic.com\/da\/wp-json\/wp\/v2\/product_cat?post=5636"},{"taxonomy":"product_tag","embeddable":true,"href":"https:\/\/foodsaver-nordic.com\/da\/wp-json\/wp\/v2\/product_tag?post=5636"}],"curies":[{"name":"wp","href":"https:\/\/api.w.org\/{rel}","templated":true}]}}