{"id":5308,"date":"2021-09-26T16:07:11","date_gmt":"2021-09-26T16:07:11","guid":{"rendered":"https:\/\/foodsaver-nordic.com\/om-foodsaver\/"},"modified":"2021-10-04T16:41:54","modified_gmt":"2021-10-04T16:41:54","slug":"om-foodsaver","status":"publish","type":"page","link":"https:\/\/foodsaver-nordic.com\/fi\/om-foodsaver\/","title":{"rendered":"Om Foodsaver"},"content":{"rendered":"\n\t<section class=\"section\" id=\"section_1378087687\">\n\t\t<div class=\"section-bg fill\" >\n\t\t\t\t\t\t\t\t\t\n\t\t\t\n\n\t\t<\/div>\n\n\t\t\n\n\t\t<div class=\"section-content relative\">\n\t\t\t\n<div class=\"row row-collapse align-middle yellow-bg\"  id=\"row-227132127\">\n\n\t<div id=\"col-249439590\" class=\"col medium-6 small-12 large-6 small-col-first\"  >\n\t\t\t\t<div class=\"col-inner\"  >\n\t\t\t\n\t\t\t\n\t<div class=\"img has-hover x md-x lg-x y md-y lg-y\" id=\"image_773936600\">\n\t\t\t\t\t\t\t\t<div class=\"img-inner dark\" >\n\t\t\t<img loading=\"lazy\" decoding=\"async\" width=\"2560\" height=\"1440\" src=\"https:\/\/foodsaver-nordic.com\/wp-content\/uploads\/2021\/10\/FI-scaled.jpg\" class=\"attachment-original size-original\" alt=\"\" srcset=\"https:\/\/foodsaver-nordic.com\/wp-content\/uploads\/2021\/10\/FI-scaled.jpg 2560w, https:\/\/foodsaver-nordic.com\/wp-content\/uploads\/2021\/10\/FI-300x169.jpg 300w, https:\/\/foodsaver-nordic.com\/wp-content\/uploads\/2021\/10\/FI-1024x576.jpg 1024w, https:\/\/foodsaver-nordic.com\/wp-content\/uploads\/2021\/10\/FI-768x432.jpg 768w, https:\/\/foodsaver-nordic.com\/wp-content\/uploads\/2021\/10\/FI-1536x864.jpg 1536w, https:\/\/foodsaver-nordic.com\/wp-content\/uploads\/2021\/10\/FI-2048x1152.jpg 2048w, https:\/\/foodsaver-nordic.com\/wp-content\/uploads\/2021\/10\/FI-1920x1080.jpg 1920w\" sizes=\"auto, (max-width: 2560px) 100vw, 2560px\" \/>\t\t\t\t\t\t\n\t\t\t\t\t<\/div>\n\t\t\t\t\t\t\t\t\n<style>\n#image_773936600 {\n  width: 100%;\n}\n<\/style>\n\t<\/div>\n\t\n\t\t<\/div>\n\t\t\t\t\t<\/div>\n\n\t\n\n\t<div id=\"col-911026670\" class=\"col medium-6 small-12 large-6\"  >\n\t\t\t\t<div class=\"col-inner text-left\"  >\n\t\t\t\n\t\t\t\n\t<div id=\"text-682142901\" class=\"text\">\n\t\t\n<h3 class=\"uppercase\">RUOAN TYHJI\u00d6PAKKAAMISESTA ON MONENLAISTA HY\u00d6TY\u00c4.<\/h3>\n<p>S\u00e4ilytys \u2013 S\u00e4\u00e4st\u00e4\u00e4 tilaa j\u00e4\u00e4kapissa, pakkasessa ja ruokakomerossa.<br \/>S\u00e4ilyvyys \u2013 Pident\u00e4\u00e4 kaikelaisten ruokien s\u00e4ilyvyytt\u00e4.<br \/>Marinointi \u2013 Korostaa raaka-aineiden makua.<br \/>Sous-vide \u2013 J\u00e4nnitt\u00e4v\u00e4 ruoanvalmistustapa.<\/p>\n\t\t\n<style>\n#text-682142901 {\n  font-size: 1.1rem;\n}\n<\/style>\n\t<\/div>\n\t\n\t\t<\/div>\n\t\t\t\t\n<style>\n#col-911026670 > .col-inner {\n  padding: 20% 10% 20% 10%;\n}\n@media (min-width:550px) {\n  #col-911026670 > .col-inner {\n    padding: 0px 10% 0px 10%;\n  }\n}\n@media (min-width:850px) {\n  #col-911026670 > .col-inner {\n    padding: 0px 10% 0px 10%;\n  }\n}\n<\/style>\n\t<\/div>\n\n\t\n<\/div>\n<div class=\"row row-collapse align-middle orange-bg\"  id=\"row-868317169\">\n\n\t<div id=\"col-490151081\" class=\"col medium-6 small-12 large-6\"  >\n\t\t\t\t<div class=\"col-inner text-left dark\"  >\n\t\t\t\n\t\t\t\n\t<div id=\"text-3957528912\" class=\"text\">\n\t\t\n<h3>MIKSI HEIT\u00c4MME RUOKAA ROSKIIN?<\/h3>\n<ul>\n<li>P\u00e4iv\u00e4m\u00e4\u00e4r\u00e4 on vanhentunut.<\/li>\n<li>Olemme unohtaneet ruoan j\u00e4\u00e4kaappiin.<\/li>\n<li>Ruoka ei en\u00e4\u00e4 ole tuoretta.<\/li>\n<li>Emme ehdi sy\u00f6d\u00e4 suuriin pakkauksiin pakattua ruokaa.<\/li>\n<\/ul>\n<p>T\u00e4hteit\u00e4 ei oteta talteen. Tyhji\u00f6pakkaamalla ruoan s\u00e4ilyvyys paranee ja j\u00e4tteen m\u00e4\u00e4r\u00e4 v\u00e4henee.<\/p>\n\t\t\n<style>\n#text-3957528912 {\n  font-size: 1.1rem;\n}\n<\/style>\n\t<\/div>\n\t\n\t\t<\/div>\n\t\t\t\t\n<style>\n#col-490151081 > .col-inner {\n  padding: 20% 10% 20% 10%;\n}\n@media (min-width:550px) {\n  #col-490151081 > .col-inner {\n    padding: 0px 10% 0px 10%;\n  }\n}\n@media (min-width:850px) {\n  #col-490151081 > .col-inner {\n    padding: 5% 10% 5% 10%;\n  }\n}\n<\/style>\n\t<\/div>\n\n\t\n\n\t<div id=\"col-1879878488\" class=\"col medium-6 small-12 large-6 small-col-first\"  >\n\t\t\t\t<div class=\"col-inner\"  >\n\t\t\t\n\t\t\t\n\t<div class=\"img has-hover x md-x lg-x y md-y lg-y\" id=\"image_5554885\">\n\t\t\t\t\t\t\t\t<div class=\"img-inner dark\" >\n\t\t\t<img loading=\"lazy\" decoding=\"async\" width=\"2560\" height=\"1440\" src=\"https:\/\/foodsaver-nordic.com\/wp-content\/uploads\/2021\/10\/hallbarhet_FI-scaled.jpg\" class=\"attachment-original size-original\" alt=\"\" srcset=\"https:\/\/foodsaver-nordic.com\/wp-content\/uploads\/2021\/10\/hallbarhet_FI-scaled.jpg 2560w, https:\/\/foodsaver-nordic.com\/wp-content\/uploads\/2021\/10\/hallbarhet_FI-300x169.jpg 300w, https:\/\/foodsaver-nordic.com\/wp-content\/uploads\/2021\/10\/hallbarhet_FI-1024x576.jpg 1024w, https:\/\/foodsaver-nordic.com\/wp-content\/uploads\/2021\/10\/hallbarhet_FI-768x432.jpg 768w, https:\/\/foodsaver-nordic.com\/wp-content\/uploads\/2021\/10\/hallbarhet_FI-1536x864.jpg 1536w, https:\/\/foodsaver-nordic.com\/wp-content\/uploads\/2021\/10\/hallbarhet_FI-2048x1152.jpg 2048w, https:\/\/foodsaver-nordic.com\/wp-content\/uploads\/2021\/10\/hallbarhet_FI-1920x1080.jpg 1920w\" sizes=\"auto, (max-width: 2560px) 100vw, 2560px\" \/>\t\t\t\t\t\t\n\t\t\t\t\t<\/div>\n\t\t\t\t\t\t\t\t\n<style>\n#image_5554885 {\n  width: 100%;\n}\n<\/style>\n\t<\/div>\n\t\n\t\t<\/div>\n\t\t\t\t\t<\/div>\n\n\t\n<\/div>\n<div class=\"row row-collapse align-middle darkgreen-bg\"  id=\"row-1882758280\">\n\n\t<div id=\"col-163981361\" class=\"col medium-6 small-12 large-6 small-col-first\"  >\n\t\t\t\t<div class=\"col-inner\"  >\n\t\t\t\n\t\t\t\n\t<div class=\"img has-hover x md-x lg-x y md-y lg-y\" id=\"image_187245241\">\n\t\t<a class=\"\" href=\"https:\/\/www.pricerunner.se\/test\/vakuumforpackare\" target=\"_blank\" rel=\"noopener\">\t\t\t\t\t\t<div class=\"img-inner dark\" >\n\t\t\t<img loading=\"lazy\" decoding=\"async\" width=\"2560\" height=\"1505\" src=\"https:\/\/foodsaver-nordic.com\/wp-content\/uploads\/2021\/07\/fo\u0308rpackare-scaled.jpg\" class=\"attachment-original size-original\" alt=\"\" srcset=\"https:\/\/foodsaver-nordic.com\/wp-content\/uploads\/2021\/07\/fo\u0308rpackare-scaled.jpg 2560w, https:\/\/foodsaver-nordic.com\/wp-content\/uploads\/2021\/07\/fo\u0308rpackare-300x176.jpg 300w, https:\/\/foodsaver-nordic.com\/wp-content\/uploads\/2021\/07\/fo\u0308rpackare-1024x602.jpg 1024w, https:\/\/foodsaver-nordic.com\/wp-content\/uploads\/2021\/07\/fo\u0308rpackare-768x451.jpg 768w, https:\/\/foodsaver-nordic.com\/wp-content\/uploads\/2021\/07\/fo\u0308rpackare-1536x903.jpg 1536w, https:\/\/foodsaver-nordic.com\/wp-content\/uploads\/2021\/07\/fo\u0308rpackare-2048x1204.jpg 2048w, https:\/\/foodsaver-nordic.com\/wp-content\/uploads\/2021\/07\/fo\u0308rpackare-1920x1128.jpg 1920w\" sizes=\"auto, (max-width: 2560px) 100vw, 2560px\" \/>\t\t\t\t\t\t\n\t\t\t\t\t<\/div>\n\t\t\t\t\t\t<\/a>\t\t\n<style>\n#image_187245241 {\n  width: 100%;\n}\n<\/style>\n\t<\/div>\n\t\n\t\t<\/div>\n\t\t\t\t\t<\/div>\n\n\t\n\n\t<div id=\"col-1711577084\" class=\"col medium-6 small-12 large-6\"  >\n\t\t\t\t<div class=\"col-inner text-left dark\"  >\n\t\t\t\n\t\t\t\n\t<div id=\"text-551729196\" class=\"text\">\n\t\t\n<h3>TESTIVOITTAJA<\/h3>\n<p>FoodSaver on ollut vuosien varrella monta kertaa testivoittaja. Valittavana on useita eri malleja, joten l\u00f6yd\u00e4t varmemmin mallin, joka sopii tarpeisiisi. Kaikissa laitteissamme on korkea kapasiteetti ja niill\u00e4 voi pakata useita pusseja per\u00e4kk\u00e4in. Laitteet ovat my\u00f6s siroja, ne viev\u00e4t v\u00e4h\u00e4n tilaa ja ovat muotoilultaan moderneja.<\/p>\n\t\t\n<style>\n#text-551729196 {\n  font-size: 1.1rem;\n}\n<\/style>\n\t<\/div>\n\t\n\t\t<\/div>\n\t\t\t\t\n<style>\n#col-1711577084 > .col-inner {\n  padding: 20% 10% 20% 10%;\n}\n@media (min-width:550px) {\n  #col-1711577084 > .col-inner {\n    padding: 0px 10% 0px 10%;\n  }\n}\n@media (min-width:850px) {\n  #col-1711577084 > .col-inner {\n    padding: 0px 10% 0px 10%;\n  }\n}\n<\/style>\n\t<\/div>\n\n\t\n<\/div>\n<div class=\"row row-collapse align-middle yellow-bg\"  id=\"row-866667425\">\n\n\t<div id=\"col-976648053\" class=\"col medium-6 small-12 large-6\"  >\n\t\t\t\t<div class=\"col-inner text-left\"  >\n\t\t\t\n\t\t\t\n\t<div id=\"text-4029854829\" class=\"text\">\n\t\t\n<h3>LIS\u00c4VARUSTEET<\/h3>\n<p>Tyhji\u00f6pakkauslaitteeseen on saatavilla useita k\u00e4tevi\u00e4 lis\u00e4varusteita riippuen siit\u00e4, mit\u00e4 haluat tyhji\u00f6pakata. Valikoimasta l\u00f6ytyy pusseja, rullia ja eri kokoisia ev\u00e4slaatikoita.<\/p>\n<p>Psst \u2013 Zip-pussit on mahdollista tiskata ja k\u00e4ytt\u00e4\u00e4 uudelleen. K\u00e4tev\u00e4\u00e4, vai mit\u00e4?!<\/p>\n\t\t\n<style>\n#text-4029854829 {\n  font-size: 1.1rem;\n}\n<\/style>\n\t<\/div>\n\t\n\t\t<\/div>\n\t\t\t\t\n<style>\n#col-976648053 > .col-inner {\n  padding: 20% 10% 20% 10%;\n}\n@media (min-width:550px) {\n  #col-976648053 > .col-inner {\n    padding: 0px 10% 0px 10%;\n  }\n}\n@media (min-width:850px) {\n  #col-976648053 > .col-inner {\n    padding: 0px 10% 0px 10%;\n  }\n}\n<\/style>\n\t<\/div>\n\n\t\n\n\t<div id=\"col-1557112305\" class=\"col medium-6 small-12 large-6 small-col-first\"  >\n\t\t\t\t<div class=\"col-inner\"  >\n\t\t\t\n\t\t\t\n\t<div class=\"img has-hover x md-x lg-x y md-y lg-y\" id=\"image_457807027\">\n\t\t<a class=\"\" href=\"https:\/\/foodsaver-nordic.com\/alla-vakuumforpackare-tillbehor\/?yith_wcan=1&#038;product_cat=matlador,pasar\">\t\t\t\t\t\t<div class=\"img-inner image-cover dark\" style=\"padding-top:56.25%;\">\n\t\t\t<img loading=\"lazy\" decoding=\"async\" width=\"1020\" height=\"453\" src=\"https:\/\/foodsaver-nordic.com\/wp-content\/uploads\/2021\/07\/tillbehor-1024x455.jpg\" class=\"attachment-large size-large\" alt=\"\" srcset=\"https:\/\/foodsaver-nordic.com\/wp-content\/uploads\/2021\/07\/tillbehor-1024x455.jpg 1024w, https:\/\/foodsaver-nordic.com\/wp-content\/uploads\/2021\/07\/tillbehor-300x133.jpg 300w, https:\/\/foodsaver-nordic.com\/wp-content\/uploads\/2021\/07\/tillbehor-768x341.jpg 768w, https:\/\/foodsaver-nordic.com\/wp-content\/uploads\/2021\/07\/tillbehor-1536x682.jpg 1536w, https:\/\/foodsaver-nordic.com\/wp-content\/uploads\/2021\/07\/tillbehor-2048x910.jpg 2048w, https:\/\/foodsaver-nordic.com\/wp-content\/uploads\/2021\/07\/tillbehor-1920x853.jpg 1920w\" sizes=\"auto, (max-width: 1020px) 100vw, 1020px\" \/>\t\t\t\t\t\t\n\t\t\t\t\t<\/div>\n\t\t\t\t\t\t<\/a>\t\t\n<style>\n#image_457807027 {\n  width: 100%;\n}\n<\/style>\n\t<\/div>\n\t\n\t\t<\/div>\n\t\t\t\t\t<\/div>\n\n\t\n<\/div>\n<div class=\"row row-collapse align-middle lightgreen-bg\"  id=\"row-119442814\">\n\n\t<div id=\"col-82015121\" class=\"col medium-6 small-12 large-6 small-col-first\"  >\n\t\t\t\t<div class=\"col-inner\"  >\n\t\t\t\n\t\t\t\n\t<div class=\"img has-hover x md-x lg-x y md-y lg-y\" id=\"image_853509694\">\n\t\t\t\t\t\t\t\t<div class=\"img-inner image-cover dark\" style=\"padding-top:56.25%;\">\n\t\t\t<img loading=\"lazy\" decoding=\"async\" width=\"1020\" height=\"943\" src=\"https:\/\/foodsaver-nordic.com\/wp-content\/uploads\/2021\/05\/201894456-Foodsaver_HP_50-50_Desk_C4-1024x947.jpeg\" class=\"attachment-large size-large\" alt=\"\" srcset=\"https:\/\/foodsaver-nordic.com\/wp-content\/uploads\/2021\/05\/201894456-Foodsaver_HP_50-50_Desk_C4-1024x947.jpeg 1024w, https:\/\/foodsaver-nordic.com\/wp-content\/uploads\/2021\/05\/201894456-Foodsaver_HP_50-50_Desk_C4-1200x1110.jpeg 1200w, https:\/\/foodsaver-nordic.com\/wp-content\/uploads\/2021\/05\/201894456-Foodsaver_HP_50-50_Desk_C4-300x278.jpeg 300w, https:\/\/foodsaver-nordic.com\/wp-content\/uploads\/2021\/05\/201894456-Foodsaver_HP_50-50_Desk_C4-768x710.jpeg 768w, https:\/\/foodsaver-nordic.com\/wp-content\/uploads\/2021\/05\/201894456-Foodsaver_HP_50-50_Desk_C4.jpeg 1440w\" sizes=\"auto, (max-width: 1020px) 100vw, 1020px\" \/>\t\t\t\t\t\t\n\t\t\t\t\t<\/div>\n\t\t\t\t\t\t\t\t\n<style>\n#image_853509694 {\n  width: 100%;\n}\n<\/style>\n\t<\/div>\n\t\n\t\t<\/div>\n\t\t\t\t\t<\/div>\n\n\t\n\n\t<div id=\"col-508201930\" class=\"col medium-6 small-12 large-6\"  >\n\t\t\t\t<div class=\"col-inner text-left dark\"  >\n\t\t\t\n\t\t\t\n\t<div id=\"text-1918730816\" class=\"text\">\n\t\t\n<p>Joko uskot, ett\u00e4 kannattaa alkaa tyhji\u00f6pakata? Riitt\u00e4\u00e4k\u00f6 syyksi, ett\u00e4 se on ymp\u00e4rist\u00f6yst\u00e4v\u00e4llist\u00e4, s\u00e4\u00e4st\u00e4\u00e4 aikaa ja rahaa, on vaivatonta ja taikoo esiin entist\u00e4 maukkaampia makuja? Voit toki palata asiaan heti, kun olet valmis p\u00e4\u00e4t\u00f6kseen \u2013 meille olet aina tervetullut.<\/p>\n\t\t\n<style>\n#text-1918730816 {\n  font-size: 1.1rem;\n}\n<\/style>\n\t<\/div>\n\t\n\t\t<\/div>\n\t\t\t\t\n<style>\n#col-508201930 > .col-inner {\n  padding: 20% 10% 20% 10%;\n}\n@media (min-width:550px) {\n  #col-508201930 > .col-inner {\n    padding: 0px 10% 0px 10%;\n  }\n}\n@media (min-width:850px) {\n  #col-508201930 > .col-inner {\n    padding: 0px 10% 0px 10%;\n  }\n}\n<\/style>\n\t<\/div>\n\n\t\n<\/div>\n\t\t<\/div>\n\n\t\t\n<style>\n#section_1378087687 {\n  padding-top: 0px;\n  padding-bottom: 0px;\n}\n@media (min-width:550px) {\n  #section_1378087687 {\n    padding-top: 0px;\n    padding-bottom: 0px;\n  }\n}\n<\/style>\n\t<\/section>\n\t\n","protected":false},"excerpt":{"rendered":"","protected":false},"author":1,"featured_media":0,"parent":0,"menu_order":0,"comment_status":"closed","ping_status":"closed","template":"page-blank.php","meta":{"_acf_changed":false,"footnotes":""},"class_list":["post-5308","page","type-page","status-publish","hentry"],"acf":[],"_links":{"self":[{"href":"https:\/\/foodsaver-nordic.com\/fi\/wp-json\/wp\/v2\/pages\/5308","targetHints":{"allow":["GET"]}}],"collection":[{"href":"https:\/\/foodsaver-nordic.com\/fi\/wp-json\/wp\/v2\/pages"}],"about":[{"href":"https:\/\/foodsaver-nordic.com\/fi\/wp-json\/wp\/v2\/types\/page"}],"author":[{"embeddable":true,"href":"https:\/\/foodsaver-nordic.com\/fi\/wp-json\/wp\/v2\/users\/1"}],"replies":[{"embeddable":true,"href":"https:\/\/foodsaver-nordic.com\/fi\/wp-json\/wp\/v2\/comments?post=5308"}],"version-history":[{"count":4,"href":"https:\/\/foodsaver-nordic.com\/fi\/wp-json\/wp\/v2\/pages\/5308\/revisions"}],"predecessor-version":[{"id":5619,"href":"https:\/\/foodsaver-nordic.com\/fi\/wp-json\/wp\/v2\/pages\/5308\/revisions\/5619"}],"wp:attachment":[{"href":"https:\/\/foodsaver-nordic.com\/fi\/wp-json\/wp\/v2\/media?parent=5308"}],"curies":[{"name":"wp","href":"https:\/\/api.w.org\/{rel}","templated":true}]}}