{"id":5320,"date":"2021-09-26T16:13:07","date_gmt":"2021-09-26T16:13:07","guid":{"rendered":"https:\/\/foodsaver-nordic.com\/metsastajille\/"},"modified":"2021-10-04T16:40:55","modified_gmt":"2021-10-04T16:40:55","slug":"metsastajille","status":"publish","type":"page","link":"https:\/\/foodsaver-nordic.com\/fi\/metsastajille\/","title":{"rendered":"Mets\u00e4st\u00e4jille"},"content":{"rendered":"\n\t<section class=\"section\" id=\"section_493691190\">\n\t\t<div class=\"section-bg fill\" >\n\t\t\t\t\t\t\t\t\t\n\t\t\t\n\n\t\t<\/div>\n\n\t\t\n\n\t\t<div class=\"section-content relative\">\n\t\t\t\n<div class=\"row row-collapse align-middle darkgreen-bg\"  id=\"row-1391873037\">\n\n\t<div id=\"col-1216764261\" class=\"col medium-6 small-12 large-6\"  >\n\t\t\t\t<div class=\"col-inner text-center dark\"  >\n\t\t\t\n\t\t\t\n\t<div class=\"img has-hover x md-x lg-x y md-y lg-y\" id=\"image_1726310712\">\n\t\t\t\t\t\t\t\t<div class=\"img-inner dark\" >\n\t\t\t<img loading=\"lazy\" decoding=\"async\" width=\"4000\" height=\"2250\" src=\"https:\/\/foodsaver-nordic.com\/wp-content\/uploads\/2021\/10\/FI_jagaren.png\" class=\"attachment-original size-original\" alt=\"\" srcset=\"https:\/\/foodsaver-nordic.com\/wp-content\/uploads\/2021\/10\/FI_jagaren.png 4000w, https:\/\/foodsaver-nordic.com\/wp-content\/uploads\/2021\/10\/FI_jagaren-300x169.png 300w, https:\/\/foodsaver-nordic.com\/wp-content\/uploads\/2021\/10\/FI_jagaren-1024x576.png 1024w, https:\/\/foodsaver-nordic.com\/wp-content\/uploads\/2021\/10\/FI_jagaren-768x432.png 768w, https:\/\/foodsaver-nordic.com\/wp-content\/uploads\/2021\/10\/FI_jagaren-1536x864.png 1536w, https:\/\/foodsaver-nordic.com\/wp-content\/uploads\/2021\/10\/FI_jagaren-2048x1152.png 2048w, https:\/\/foodsaver-nordic.com\/wp-content\/uploads\/2021\/10\/FI_jagaren-1920x1080.png 1920w\" sizes=\"auto, (max-width: 4000px) 100vw, 4000px\" \/>\t\t\t\t\t\t\n\t\t\t\t\t<\/div>\n\t\t\t\t\t\t\t\t\n<style>\n#image_1726310712 {\n  width: 65%;\n}\n@media (min-width:550px) {\n  #image_1726310712 {\n    width: 79%;\n  }\n}\n<\/style>\n\t<\/div>\n\t\n\t<div id=\"text-734214311\" class=\"text\">\n\t\t\n<p>\u201dHaluan s\u00e4ilytt\u00e4\u00e4 suuria m\u00e4\u00e4ri\u00e4 lihaa, joten tarvitsen kunnollisen ja tehokkaan laitteen. Laitteen on my\u00f6s oltava nopea, koska en halua k\u00e4ytt\u00e4\u00e4 tyhji\u00f6pakkaamiseen koko p\u00e4iv\u00e4\u00e4.\u201d<\/p>\n\t\t\n<style>\n#text-734214311 {\n  font-size: 1rem;\n}\n<\/style>\n\t<\/div>\n\t\n\t\t<\/div>\n\t\t\t\t\n<style>\n#col-1216764261 > .col-inner {\n  padding: 20% 5% 20% 5%;\n}\n@media (min-width:550px) {\n  #col-1216764261 > .col-inner {\n    padding: 0px 10% 0px 10%;\n  }\n}\n@media (min-width:850px) {\n  #col-1216764261 > .col-inner {\n    padding: 0px 10% 0px 10%;\n  }\n}\n<\/style>\n\t<\/div>\n\n\t\n\n\t<div id=\"col-330855744\" class=\"col medium-6 small-12 large-6\"  >\n\t\t\t\t<div class=\"col-inner\"  >\n\t\t\t\n\t\t\t\n\n  <div class=\"banner has-hover has-parallax\" id=\"banner-699235297\">\n          <div class=\"banner-inner fill\">\n        <div class=\"banner-bg fill\" data-parallax=\"-2\" data-parallax-container=\".banner\" data-parallax-background>\n            <img loading=\"lazy\" decoding=\"async\" width=\"1000\" height=\"667\" src=\"https:\/\/foodsaver-nordic.com\/wp-content\/uploads\/2021\/05\/shutterstock_320006654.jpg\" class=\"bg attachment-large size-large\" alt=\"\" \/>                                    \n                    <\/div>\n\t\t\n        <div class=\"banner-layers container\">\n            <div class=\"fill banner-link\"><\/div>            \n   <div id=\"text-box-1506109936\" class=\"text-box banner-layer x95 md-x95 lg-x95 y5 md-y5 lg-y5 res-text\">\n                                <div class=\"text-box-content text dark\">\n              \n              <div class=\"text-inner text-center\">\n                  \n\t<div class=\"img has-hover x md-x lg-x y md-y lg-y\" id=\"image_221490046\">\n\t\t\t\t\t\t\t\t<div class=\"img-inner dark\" >\n\t\t\t<img loading=\"lazy\" decoding=\"async\" width=\"1020\" height=\"1020\" src=\"https:\/\/foodsaver-nordic.com\/wp-content\/uploads\/2021\/05\/jagaren.svg\" class=\"attachment-large size-large\" alt=\"\" \/>\t\t\t\t\t\t\n\t\t\t\t\t<\/div>\n\t\t\t\t\t\t\t\t\n<style>\n#image_221490046 {\n  width: 100%;\n}\n<\/style>\n\t<\/div>\n\t\n              <\/div>\n           <\/div>\n                            \n<style>\n#text-box-1506109936 {\n  width: 15%;\n}\n#text-box-1506109936 .text-box-content {\n  font-size: 100%;\n}\n@media (min-width:550px) {\n  #text-box-1506109936 {\n    width: 15%;\n  }\n}\n<\/style>\n    <\/div>\n \n        <\/div>\n      <\/div>\n\n            \n<style>\n#banner-699235297 {\n  padding-top: 56.25%;\n}\n#banner-699235297 .banner-bg img {\n  object-position: 66% 55%;\n}\n@media (min-width:550px) {\n  #banner-699235297 {\n    padding-top: 80%;\n  }\n}\n@media (min-width:850px) {\n  #banner-699235297 {\n    padding-top: 70%;\n  }\n}\n<\/style>\n  <\/div>\n\n\n\t\t<\/div>\n\t\t\t\t\t<\/div>\n\n\t\n<\/div>\n\t<div id=\"gap-1397257711\" class=\"gap-element clearfix\" style=\"display:block; height:auto;\">\n\t\t\n<style>\n#gap-1397257711 {\n  padding-top: 30px;\n}\n<\/style>\n\t<\/div>\n\t\n<div class=\"row\"  id=\"row-1450405973\">\n\n\t<div id=\"col-1356932314\" class=\"col small-12 large-12\"  >\n\t\t\t\t<div class=\"col-inner\"  >\n\t\t\t\n\t\t\t\n\t\n  \n    <div class=\"row  equalize-box large-columns-3 medium-columns- small-columns-2 row-small\" >\n  \n\t     <div class=\"product-small col has-hover product type-product post-5483 status-publish first instock product_cat-tyhjiopakkauslaitteet has-post-thumbnail shipping-taxable product-type-external\">\n\t<div class=\"col-inner\">\n\t\n<div class=\"badge-container absolute left top z-1\">\n\n<\/div>\n\t<div class=\"product-small box \">\n\t\t<div class=\"box-image\">\n\t\t\t<div class=\"image-zoom_in\">\n\t\t\t\t<a href=\"https:\/\/foodsaver-nordic.com\/fi\/foodsaver-flow-ffs006x\/\">\n\t\t\t\t\t<img loading=\"lazy\" decoding=\"async\" width=\"1000\" height=\"675\" src=\"https:\/\/foodsaver-nordic.com\/wp-content\/uploads\/2021\/06\/FS_204008-Lifestyle-Steak-1000x675.jpeg\" class=\"attachment-woocommerce_thumbnail size-woocommerce_thumbnail\" alt=\"FoodSaver Flow FFS006X\" \/><img loading=\"lazy\" decoding=\"async\" width=\"1000\" height=\"675\" src=\"https:\/\/foodsaver-nordic.com\/wp-content\/uploads\/2021\/06\/FS_204008_Lifestyle-Chicken-1000x675.jpeg\" class=\"show-on-hover absolute fill hide-for-small back-imageshow-on-hover absolute fill hide-for-small back-image hover-zoom\" alt=\"Alternative view of FoodSaver Flow FFS006X\" aria-hidden=\"true\" \/>\t\t\t\t<\/a>\n\t\t\t<\/div>\n\t\t\t<div class=\"image-tools is-small top right show-on-hover\">\n\t\t\t\t\t\t\t<\/div>\n\t\t\t<div class=\"image-tools is-small hide-for-small bottom left show-on-hover\">\n\t\t\t\t\t\t\t<\/div>\n\t\t\t<div class=\"image-tools grid-tools text-center hide-for-small bottom hover-slide-in show-on-hover\">\n\t\t\t\t\t\t\t<\/div>\n\t\t\t\t\t<\/div>\n\n\t\t<div class=\"box-text box-text-products text-center grid-style-2\">\n\t\t\t<div class=\"title-wrapper\">\t\t<p class=\"category uppercase is-smaller no-text-overflow product-cat op-8\">\n\t\t\tTyhji\u00f6pakkauslaitteet\t\t<\/p>\n\t<p class=\"name product-title woocommerce-loop-product__title\"><a href=\"https:\/\/foodsaver-nordic.com\/fi\/foodsaver-flow-ffs006x\/\" class=\"woocommerce-LoopProduct-link woocommerce-loop-product__link\">FoodSaver Flow FFS006X<\/a><\/p><\/div><div class=\"price-wrapper\"><stock-price-element-widget product-id=\"\" align=\"center\"><\/stock-price-element-widget><\/div><a href=\"https:\/\/foodsaver-nordic.com\/fi\/foodsaver-flow-ffs006x\/\" class=\"btn-wh-product\">K\u00f6p<\/a>\t\t<\/div>\n\t<\/div>\n\t\t<\/div>\n<\/div><div class=\"product-small col has-hover product type-product post-5443 status-publish instock product_cat-tyhjiopakkauslaitteet has-post-thumbnail shipping-taxable product-type-external\">\n\t<div class=\"col-inner\">\n\t\n<div class=\"badge-container absolute left top z-1\">\n\n<\/div>\n\t<div class=\"product-small box \">\n\t\t<div class=\"box-image\">\n\t\t\t<div class=\"image-zoom_in\">\n\t\t\t\t<a href=\"https:\/\/foodsaver-nordic.com\/fi\/foodsaver-3190x\/\">\n\t\t\t\t\t<img loading=\"lazy\" decoding=\"async\" width=\"1000\" height=\"675\" src=\"https:\/\/foodsaver-nordic.com\/wp-content\/uploads\/2021\/06\/204013w-1-1000x675.jpg\" class=\"attachment-woocommerce_thumbnail size-woocommerce_thumbnail\" alt=\"FoodSaver 3190X\" \/><img loading=\"lazy\" decoding=\"async\" width=\"1080\" height=\"675\" src=\"https:\/\/foodsaver-nordic.com\/wp-content\/uploads\/2021\/06\/FS_FM3000_Shot96_Ref13_VS3180_StainlessSilverRing_PKG0001017219-scaled-1-1080x675.jpeg\" class=\"show-on-hover absolute fill hide-for-small back-imageshow-on-hover absolute fill hide-for-small back-image hover-zoom\" alt=\"Alternative view of FoodSaver 3190X\" aria-hidden=\"true\" \/>\t\t\t\t<\/a>\n\t\t\t<\/div>\n\t\t\t<div class=\"image-tools is-small top right show-on-hover\">\n\t\t\t\t\t\t\t<\/div>\n\t\t\t<div class=\"image-tools is-small hide-for-small bottom left show-on-hover\">\n\t\t\t\t\t\t\t<\/div>\n\t\t\t<div class=\"image-tools grid-tools text-center hide-for-small bottom hover-slide-in show-on-hover\">\n\t\t\t\t\t\t\t<\/div>\n\t\t\t\t\t<\/div>\n\n\t\t<div class=\"box-text box-text-products text-center grid-style-2\">\n\t\t\t<div class=\"title-wrapper\">\t\t<p class=\"category uppercase is-smaller no-text-overflow product-cat op-8\">\n\t\t\tTyhji\u00f6pakkauslaitteet\t\t<\/p>\n\t<p class=\"name product-title woocommerce-loop-product__title\"><a href=\"https:\/\/foodsaver-nordic.com\/fi\/foodsaver-3190x\/\" class=\"woocommerce-LoopProduct-link woocommerce-loop-product__link\">FoodSaver 3190X<\/a><\/p><\/div><div class=\"price-wrapper\"><stock-price-element-widget product-id=\"\" align=\"center\"><\/stock-price-element-widget><\/div><a href=\"https:\/\/foodsaver-nordic.com\/fi\/foodsaver-3190x\/\" class=\"btn-wh-product\">K\u00f6p<\/a>\t\t<\/div>\n\t<\/div>\n\t\t<\/div>\n<\/div><\/div>\n\t\t<\/div>\n\t\t\t\t\t<\/div>\n\n\t\n<\/div>\n\t\t<\/div>\n\n\t\t\n<style>\n#section_493691190 {\n  padding-top: 0px;\n  padding-bottom: 0px;\n}\n@media (min-width:550px) {\n  #section_493691190 {\n    padding-top: 30px;\n    padding-bottom: 30px;\n  }\n}\n<\/style>\n\t<\/section>\n\t\n","protected":false},"excerpt":{"rendered":"","protected":false},"author":1,"featured_media":0,"parent":0,"menu_order":0,"comment_status":"closed","ping_status":"closed","template":"page-blank.php","meta":{"_acf_changed":false,"footnotes":""},"class_list":["post-5320","page","type-page","status-publish","hentry"],"acf":[],"_links":{"self":[{"href":"https:\/\/foodsaver-nordic.com\/fi\/wp-json\/wp\/v2\/pages\/5320","targetHints":{"allow":["GET"]}}],"collection":[{"href":"https:\/\/foodsaver-nordic.com\/fi\/wp-json\/wp\/v2\/pages"}],"about":[{"href":"https:\/\/foodsaver-nordic.com\/fi\/wp-json\/wp\/v2\/types\/page"}],"author":[{"embeddable":true,"href":"https:\/\/foodsaver-nordic.com\/fi\/wp-json\/wp\/v2\/users\/1"}],"replies":[{"embeddable":true,"href":"https:\/\/foodsaver-nordic.com\/fi\/wp-json\/wp\/v2\/comments?post=5320"}],"version-history":[{"count":4,"href":"https:\/\/foodsaver-nordic.com\/fi\/wp-json\/wp\/v2\/pages\/5320\/revisions"}],"predecessor-version":[{"id":5618,"href":"https:\/\/foodsaver-nordic.com\/fi\/wp-json\/wp\/v2\/pages\/5320\/revisions\/5618"}],"wp:attachment":[{"href":"https:\/\/foodsaver-nordic.com\/fi\/wp-json\/wp\/v2\/media?parent=5320"}],"curies":[{"name":"wp","href":"https:\/\/api.w.org\/{rel}","templated":true}]}}