{"id":5336,"date":"2021-09-26T16:16:52","date_gmt":"2021-09-26T16:16:52","guid":{"rendered":"https:\/\/foodsaver-nordic.com\/kiireisille\/"},"modified":"2021-10-04T16:39:44","modified_gmt":"2021-10-04T16:39:44","slug":"kiireisille","status":"publish","type":"page","link":"https:\/\/foodsaver-nordic.com\/fi\/kiireisille\/","title":{"rendered":"Kiireisille"},"content":{"rendered":"\n\t<section class=\"section\" id=\"section_1669288893\">\n\t\t<div class=\"section-bg fill\" >\n\t\t\t\t\t\t\t\t\t\n\t\t\t\n\n\t\t<\/div>\n\n\t\t\n\n\t\t<div class=\"section-content relative\">\n\t\t\t\n<div class=\"row row-collapse align-middle yellow-bg\"  id=\"row-657236523\">\n\n\t<div id=\"col-1299500148\" class=\"col medium-6 small-12 large-6\"  >\n\t\t\t\t<div class=\"col-inner\"  >\n\t\t\t\n\t\t\t\n\n  <div class=\"banner has-hover has-parallax\" id=\"banner-2112289449\">\n          <div class=\"banner-inner fill\">\n        <div class=\"banner-bg fill\" data-parallax=\"-2\" data-parallax-container=\".banner\" data-parallax-background>\n            <img loading=\"lazy\" decoding=\"async\" width=\"1020\" height=\"680\" src=\"https:\/\/foodsaver-nordic.com\/wp-content\/uploads\/2021\/05\/shutterstock_791065942-1024x683.jpg\" class=\"bg attachment-large size-large\" alt=\"Healthy-green-meal prepcontainers-with-chicken\" \/>                                    \n                    <\/div>\n\t\t\n        <div class=\"banner-layers container\">\n            <div class=\"fill banner-link\"><\/div>            \n   <div id=\"text-box-1370905283\" class=\"text-box banner-layer x95 md-x5 lg-x5 y5 md-y5 lg-y5 res-text\">\n                                <div class=\"text-box-content text dark\">\n              \n              <div class=\"text-inner text-center\">\n                  \n\t<div class=\"img has-hover x md-x lg-x y md-y lg-y\" id=\"image_1791000782\">\n\t\t\t\t\t\t\t\t<div class=\"img-inner dark\" >\n\t\t\t<img loading=\"lazy\" decoding=\"async\" width=\"1020\" height=\"1020\" src=\"https:\/\/foodsaver-nordic.com\/wp-content\/uploads\/2021\/05\/livspusslaren.svg\" class=\"attachment-large size-large\" alt=\"\" \/>\t\t\t\t\t\t\n\t\t\t\t\t<\/div>\n\t\t\t\t\t\t\t\t\n<style>\n#image_1791000782 {\n  width: 100%;\n}\n<\/style>\n\t<\/div>\n\t\n              <\/div>\n           <\/div>\n                            \n<style>\n#text-box-1370905283 {\n  width: 15%;\n}\n#text-box-1370905283 .text-box-content {\n  font-size: 100%;\n}\n@media (min-width:550px) {\n  #text-box-1370905283 {\n    width: 15%;\n  }\n}\n<\/style>\n    <\/div>\n \n        <\/div>\n      <\/div>\n\n            \n<style>\n#banner-2112289449 {\n  padding-top: 56.25%;\n}\n#banner-2112289449 .banner-bg img {\n  object-position: 54% 59%;\n}\n@media (min-width:550px) {\n  #banner-2112289449 {\n    padding-top: 80%;\n  }\n}\n@media (min-width:850px) {\n  #banner-2112289449 {\n    padding-top: 70%;\n  }\n}\n<\/style>\n  <\/div>\n\n\n\t\t<\/div>\n\t\t\t\t\t<\/div>\n\n\t\n\n\t<div id=\"col-737349076\" class=\"col medium-6 small-12 large-6 small-col-first\"  >\n\t\t\t\t<div class=\"col-inner text-center\"  >\n\t\t\t\n\t\t\t\n\t<div class=\"img has-hover x md-x lg-x y md-y lg-y\" id=\"image_355521434\">\n\t\t\t\t\t\t\t\t<div class=\"img-inner dark\" >\n\t\t\t<img loading=\"lazy\" decoding=\"async\" width=\"4000\" height=\"2250\" src=\"https:\/\/foodsaver-nordic.com\/wp-content\/uploads\/2021\/10\/FI_livspussel.png\" class=\"attachment-original size-original\" alt=\"\" srcset=\"https:\/\/foodsaver-nordic.com\/wp-content\/uploads\/2021\/10\/FI_livspussel.png 4000w, https:\/\/foodsaver-nordic.com\/wp-content\/uploads\/2021\/10\/FI_livspussel-300x169.png 300w, https:\/\/foodsaver-nordic.com\/wp-content\/uploads\/2021\/10\/FI_livspussel-1024x576.png 1024w, https:\/\/foodsaver-nordic.com\/wp-content\/uploads\/2021\/10\/FI_livspussel-768x432.png 768w, https:\/\/foodsaver-nordic.com\/wp-content\/uploads\/2021\/10\/FI_livspussel-1536x864.png 1536w, https:\/\/foodsaver-nordic.com\/wp-content\/uploads\/2021\/10\/FI_livspussel-2048x1152.png 2048w, https:\/\/foodsaver-nordic.com\/wp-content\/uploads\/2021\/10\/FI_livspussel-1920x1080.png 1920w\" sizes=\"auto, (max-width: 4000px) 100vw, 4000px\" \/>\t\t\t\t\t\t\n\t\t\t\t\t<\/div>\n\t\t\t\t\t\t\t\t\n<style>\n#image_355521434 {\n  width: 89%;\n}\n@media (min-width:550px) {\n  #image_355521434 {\n    width: 80%;\n  }\n}\n<\/style>\n\t<\/div>\n\t\n\t<div id=\"text-999751135\" class=\"text\">\n\t\t\n<p>\u201dValmistelen arkiateriat viikonloppuna ja teen suuremman m\u00e4\u00e4r\u00e4n ruokaa, josta riitt\u00e4\u00e4 my\u00f6s lounaslaatikoihin. Tarvitsen siron mallin, joka saa mielell\u00e4\u00e4n olla my\u00f6s kaunis, koska laitteen on oltava aina esill\u00e4 valmiina k\u00e4ytett\u00e4v\u00e4ksi.\u201d<br \/>\n\t\t\n<style>\n#text-999751135 {\n  font-size: 1rem;\n}\n<\/style>\n\t<\/div>\n\t\n\t\t<\/div>\n\t\t\t\t\n<style>\n#col-737349076 > .col-inner {\n  padding: 20% 5% 20% 5%;\n}\n@media (min-width:550px) {\n  #col-737349076 > .col-inner {\n    padding: 0px 10% 0px 10%;\n  }\n}\n@media (min-width:850px) {\n  #col-737349076 > .col-inner {\n    padding: 0px 10% 0px 10%;\n  }\n}\n<\/style>\n\t<\/div>\n\n\t\n<\/div>\n\t<div id=\"gap-1136018527\" class=\"gap-element clearfix\" style=\"display:block; height:auto;\">\n\t\t\n<style>\n#gap-1136018527 {\n  padding-top: 30px;\n}\n<\/style>\n\t<\/div>\n\t\n<div class=\"row\"  id=\"row-1316737237\">\n\n\t<div id=\"col-764063481\" class=\"col small-12 large-12\"  >\n\t\t\t\t<div class=\"col-inner\"  >\n\t\t\t\n\t\t\t\n\t\n  \n    <div class=\"row large-columns-3 medium-columns- small-columns-2 row-small\" >\n  \n\t     <div class=\"product-small col has-hover product type-product post-5443 status-publish first instock product_cat-tyhjiopakkauslaitteet has-post-thumbnail shipping-taxable product-type-external\">\n\t<div class=\"col-inner\">\n\t\n<div class=\"badge-container absolute left top z-1\">\n\n<\/div>\n\t<div class=\"product-small box \">\n\t\t<div class=\"box-image\">\n\t\t\t<div class=\"image-zoom_in\">\n\t\t\t\t<a href=\"https:\/\/foodsaver-nordic.com\/fi\/foodsaver-3190x\/\">\n\t\t\t\t\t<img loading=\"lazy\" decoding=\"async\" width=\"1000\" height=\"675\" src=\"https:\/\/foodsaver-nordic.com\/wp-content\/uploads\/2021\/06\/204013w-1-1000x675.jpg\" class=\"attachment-woocommerce_thumbnail size-woocommerce_thumbnail\" alt=\"FoodSaver 3190X\" \/><img loading=\"lazy\" decoding=\"async\" width=\"1080\" height=\"675\" src=\"https:\/\/foodsaver-nordic.com\/wp-content\/uploads\/2021\/06\/FS_FM3000_Shot96_Ref13_VS3180_StainlessSilverRing_PKG0001017219-scaled-1-1080x675.jpeg\" class=\"show-on-hover absolute fill hide-for-small back-imageshow-on-hover absolute fill hide-for-small back-image hover-zoom\" alt=\"Alternative view of FoodSaver 3190X\" aria-hidden=\"true\" \/>\t\t\t\t<\/a>\n\t\t\t<\/div>\n\t\t\t<div class=\"image-tools is-small top right show-on-hover\">\n\t\t\t\t\t\t\t<\/div>\n\t\t\t<div class=\"image-tools is-small hide-for-small bottom left show-on-hover\">\n\t\t\t\t\t\t\t<\/div>\n\t\t\t<div class=\"image-tools grid-tools text-center hide-for-small bottom hover-slide-in show-on-hover\">\n\t\t\t\t\t\t\t<\/div>\n\t\t\t\t\t<\/div>\n\n\t\t<div class=\"box-text box-text-products text-center grid-style-2\">\n\t\t\t<div class=\"title-wrapper\">\t\t<p class=\"category uppercase is-smaller no-text-overflow product-cat op-8\">\n\t\t\tTyhji\u00f6pakkauslaitteet\t\t<\/p>\n\t<p class=\"name product-title woocommerce-loop-product__title\"><a href=\"https:\/\/foodsaver-nordic.com\/fi\/foodsaver-3190x\/\" class=\"woocommerce-LoopProduct-link woocommerce-loop-product__link\">FoodSaver 3190X<\/a><\/p><\/div><div class=\"price-wrapper\"><stock-price-element-widget product-id=\"\" align=\"center\"><\/stock-price-element-widget><\/div><a href=\"https:\/\/foodsaver-nordic.com\/fi\/foodsaver-3190x\/\" class=\"btn-wh-product\">K\u00f6p<\/a>\t\t<\/div>\n\t<\/div>\n\t\t<\/div>\n<\/div><div class=\"product-small col has-hover product type-product post-5459 status-publish instock product_cat-pussit has-post-thumbnail shipping-taxable product-type-external\">\n\t<div class=\"col-inner\">\n\t\n<div class=\"badge-container absolute left top z-1\">\n\n<\/div>\n\t<div class=\"product-small box \">\n\t\t<div class=\"box-image\">\n\t\t\t<div class=\"image-zoom_in\">\n\t\t\t\t<a href=\"https:\/\/foodsaver-nordic.com\/fi\/tyhjiopussit-zip-lukko-950-ml\/\">\n\t\t\t\t\t<img loading=\"lazy\" decoding=\"async\" width=\"1000\" height=\"675\" src=\"https:\/\/foodsaver-nordic.com\/wp-content\/uploads\/2021\/06\/FS204116_zipbags_w-1-1000x675.jpeg\" class=\"attachment-woocommerce_thumbnail size-woocommerce_thumbnail\" alt=\"Tyhji\u00f6pussit, zip-lukko 950 ml\" \/>\t\t\t\t<\/a>\n\t\t\t<\/div>\n\t\t\t<div class=\"image-tools is-small top right show-on-hover\">\n\t\t\t\t\t\t\t<\/div>\n\t\t\t<div class=\"image-tools is-small hide-for-small bottom left show-on-hover\">\n\t\t\t\t\t\t\t<\/div>\n\t\t\t<div class=\"image-tools grid-tools text-center hide-for-small bottom hover-slide-in show-on-hover\">\n\t\t\t\t\t\t\t<\/div>\n\t\t\t\t\t<\/div>\n\n\t\t<div class=\"box-text box-text-products text-center grid-style-2\">\n\t\t\t<div class=\"title-wrapper\">\t\t<p class=\"category uppercase is-smaller no-text-overflow product-cat op-8\">\n\t\t\tPussit\t\t<\/p>\n\t<p class=\"name product-title woocommerce-loop-product__title\"><a href=\"https:\/\/foodsaver-nordic.com\/fi\/tyhjiopussit-zip-lukko-950-ml\/\" class=\"woocommerce-LoopProduct-link woocommerce-loop-product__link\">Tyhji\u00f6pussit, zip-lukko 950 ml<\/a><\/p><\/div><div class=\"price-wrapper\"><stock-price-element-widget product-id=\"\" align=\"center\"><\/stock-price-element-widget><\/div><a href=\"https:\/\/foodsaver-nordic.com\/fi\/tyhjiopussit-zip-lukko-950-ml\/\" class=\"btn-wh-product\">K\u00f6p<\/a>\t\t<\/div>\n\t<\/div>\n\t\t<\/div>\n<\/div><div class=\"product-small col has-hover product type-product post-5435 status-publish last instock product_cat-evaslaatikot has-post-thumbnail shipping-taxable product-type-external\">\n\t<div class=\"col-inner\">\n\t\n<div class=\"badge-container absolute left top z-1\">\n\n<\/div>\n\t<div class=\"product-small box \">\n\t\t<div class=\"box-image\">\n\t\t\t<div class=\"image-zoom_in\">\n\t\t\t\t<a href=\"https:\/\/foodsaver-nordic.com\/fi\/foodsaver-fresh-container-18-l\/\">\n\t\t\t\t\t<img loading=\"lazy\" decoding=\"async\" width=\"1080\" height=\"675\" src=\"https:\/\/foodsaver-nordic.com\/wp-content\/uploads\/2021\/06\/8CUP_ANGLE-1080x675.jpg\" class=\"attachment-woocommerce_thumbnail size-woocommerce_thumbnail\" alt=\"FoodSaver Fresh Container 1,8 L\" \/>\t\t\t\t<\/a>\n\t\t\t<\/div>\n\t\t\t<div class=\"image-tools is-small top right show-on-hover\">\n\t\t\t\t\t\t\t<\/div>\n\t\t\t<div class=\"image-tools is-small hide-for-small bottom left show-on-hover\">\n\t\t\t\t\t\t\t<\/div>\n\t\t\t<div class=\"image-tools grid-tools text-center hide-for-small bottom hover-slide-in show-on-hover\">\n\t\t\t\t\t\t\t<\/div>\n\t\t\t\t\t<\/div>\n\n\t\t<div class=\"box-text box-text-products text-center grid-style-2\">\n\t\t\t<div class=\"title-wrapper\">\t\t<p class=\"category uppercase is-smaller no-text-overflow product-cat op-8\">\n\t\t\tEv\u00e4slaatikot\t\t<\/p>\n\t<p class=\"name product-title woocommerce-loop-product__title\"><a href=\"https:\/\/foodsaver-nordic.com\/fi\/foodsaver-fresh-container-18-l\/\" class=\"woocommerce-LoopProduct-link woocommerce-loop-product__link\">FoodSaver Fresh Container 1,8 L<\/a><\/p><\/div><div class=\"price-wrapper\"><stock-price-element-widget product-id=\"\" align=\"center\"><\/stock-price-element-widget><\/div><a href=\"https:\/\/foodsaver-nordic.com\/fi\/foodsaver-fresh-container-18-l\/\" class=\"btn-wh-product\">K\u00f6p<\/a>\t\t<\/div>\n\t<\/div>\n\t\t<\/div>\n<\/div><div class=\"product-small col has-hover product type-product post-5440 status-publish first instock product_cat-evaslaatikot has-post-thumbnail shipping-taxable product-type-external\">\n\t<div class=\"col-inner\">\n\t\n<div class=\"badge-container absolute left top z-1\">\n\n<\/div>\n\t<div class=\"product-small box \">\n\t\t<div class=\"box-image\">\n\t\t\t<div class=\"image-zoom_in\">\n\t\t\t\t<a href=\"https:\/\/foodsaver-nordic.com\/fi\/foodsaver-fresh-container-23-l\/\">\n\t\t\t\t\t<img loading=\"lazy\" decoding=\"async\" width=\"1080\" height=\"675\" src=\"https:\/\/foodsaver-nordic.com\/wp-content\/uploads\/2021\/06\/10CUP_ANGLE-1080x675.jpg\" class=\"attachment-woocommerce_thumbnail size-woocommerce_thumbnail\" alt=\"FoodSaver Fresh Container 2,3 L\" \/>\t\t\t\t<\/a>\n\t\t\t<\/div>\n\t\t\t<div class=\"image-tools is-small top right show-on-hover\">\n\t\t\t\t\t\t\t<\/div>\n\t\t\t<div class=\"image-tools is-small hide-for-small bottom left show-on-hover\">\n\t\t\t\t\t\t\t<\/div>\n\t\t\t<div class=\"image-tools grid-tools text-center hide-for-small bottom hover-slide-in show-on-hover\">\n\t\t\t\t\t\t\t<\/div>\n\t\t\t\t\t<\/div>\n\n\t\t<div class=\"box-text box-text-products text-center grid-style-2\">\n\t\t\t<div class=\"title-wrapper\">\t\t<p class=\"category uppercase is-smaller no-text-overflow product-cat op-8\">\n\t\t\tEv\u00e4slaatikot\t\t<\/p>\n\t<p class=\"name product-title woocommerce-loop-product__title\"><a href=\"https:\/\/foodsaver-nordic.com\/fi\/foodsaver-fresh-container-23-l\/\" class=\"woocommerce-LoopProduct-link woocommerce-loop-product__link\">FoodSaver Fresh Container 2,3 L<\/a><\/p><\/div><div class=\"price-wrapper\"><stock-price-element-widget product-id=\"\" align=\"center\"><\/stock-price-element-widget><\/div><a href=\"https:\/\/foodsaver-nordic.com\/fi\/foodsaver-fresh-container-23-l\/\" class=\"btn-wh-product\">K\u00f6p<\/a>\t\t<\/div>\n\t<\/div>\n\t\t<\/div>\n<\/div><\/div>\n\t\t<\/div>\n\t\t\t\t\t<\/div>\n\n\t\n<\/div>\n\t\t<\/div>\n\n\t\t\n<style>\n#section_1669288893 {\n  padding-top: 0px;\n  padding-bottom: 0px;\n}\n@media (min-width:550px) {\n  #section_1669288893 {\n    padding-top: 0px;\n    padding-bottom: 0px;\n  }\n}\n<\/style>\n\t<\/section>\n\t\n","protected":false},"excerpt":{"rendered":"","protected":false},"author":1,"featured_media":0,"parent":0,"menu_order":0,"comment_status":"closed","ping_status":"closed","template":"page-blank.php","meta":{"_acf_changed":false,"footnotes":""},"class_list":["post-5336","page","type-page","status-publish","hentry"],"acf":[],"_links":{"self":[{"href":"https:\/\/foodsaver-nordic.com\/fi\/wp-json\/wp\/v2\/pages\/5336","targetHints":{"allow":["GET"]}}],"collection":[{"href":"https:\/\/foodsaver-nordic.com\/fi\/wp-json\/wp\/v2\/pages"}],"about":[{"href":"https:\/\/foodsaver-nordic.com\/fi\/wp-json\/wp\/v2\/types\/page"}],"author":[{"embeddable":true,"href":"https:\/\/foodsaver-nordic.com\/fi\/wp-json\/wp\/v2\/users\/1"}],"replies":[{"embeddable":true,"href":"https:\/\/foodsaver-nordic.com\/fi\/wp-json\/wp\/v2\/comments?post=5336"}],"version-history":[{"count":4,"href":"https:\/\/foodsaver-nordic.com\/fi\/wp-json\/wp\/v2\/pages\/5336\/revisions"}],"predecessor-version":[{"id":5617,"href":"https:\/\/foodsaver-nordic.com\/fi\/wp-json\/wp\/v2\/pages\/5336\/revisions\/5617"}],"wp:attachment":[{"href":"https:\/\/foodsaver-nordic.com\/fi\/wp-json\/wp\/v2\/media?parent=5336"}],"curies":[{"name":"wp","href":"https:\/\/api.w.org\/{rel}","templated":true}]}}