{"id":5435,"date":"2021-06-30T10:16:49","date_gmt":"2021-06-30T10:16:49","guid":{"rendered":"https:\/\/foodsaver-nordic.com\/foodsaver-fresh-container-18-l\/"},"modified":"2021-06-30T10:16:49","modified_gmt":"2021-06-30T10:16:49","slug":"foodsaver-fresh-container-18-l","status":"publish","type":"product","link":"https:\/\/foodsaver-nordic.com\/fi\/foodsaver-fresh-container-18-l\/","title":{"rendered":"FoodSaver Fresh Container 1,8 L"},"content":{"rendered":"<ul>\n<li>Kest\u00e4v\u00e4\u00e4 Tritan-muovia<\/li>\n<li>Yhteensopivia kaikkien FoodSaver-tyhji\u00f6pakkauslaitteiden kanssa<\/li>\n<li>Naarmunkest\u00e4vi\u00e4<\/li>\n<li>Hajun- ja tahrankest\u00e4vi\u00e4<\/li>\n<li>Konepest\u00e4vi\u00e4 ja mikronkest\u00e4vi\u00e4<\/li>\n<li>Pinottavia<\/li>\n<\/ul>\n<h3>Rek. pris: 199:-<\/h3>\n<p>&nbsp;<\/p>\n","protected":false},"excerpt":{"rendered":"<p>1,8 l s\u00e4ilytysastia FoodSaver-tyhji\u00f6pakkauslaitteisiin. Kaikenlaisen ruoan ymp\u00e4rist\u00f6tietoiseen s\u00e4il\u00f6nt\u00e4\u00e4n. Sopii erinomaisesti t\u00e4hteiden s\u00e4\u00e4st\u00e4miseen tai aterioiden valmisteluun.  Tyhji\u00f6im\u00e4ll\u00e4 ruoat s\u00e4ilyv\u00e4t j\u00e4\u00e4kaapissa kaksi kertaa pitemp\u00e4\u00e4n ja pakkasessa viisi kerta pitemp\u00e4\u00e4n. Muovi on BPA-vapaata ja astiat naarmunkest\u00e4vi\u00e4, hajua imem\u00e4tt\u00f6mi\u00e4 ja sopivat erinomaisesti kaikkiin FoodSaver-tyhji\u00f6pakkauslaitteisiin.<\/p>\n","protected":false},"featured_media":4829,"template":"","meta":{"_acf_changed":false},"product_brand":[],"product_cat":[109],"product_tag":[],"class_list":{"0":"post-5435","1":"product","2":"type-product","3":"status-publish","4":"has-post-thumbnail","6":"product_cat-evaslaatikot","7":"pa_anvandning-herkkusuille","8":"pa_anvandning-kiireisille","9":"pa_anvandning-ymparistosankareille","11":"first","12":"instock","13":"shipping-taxable","14":"product-type-external"},"acf":[],"_links":{"self":[{"href":"https:\/\/foodsaver-nordic.com\/fi\/wp-json\/wp\/v2\/product\/5435","targetHints":{"allow":["GET"]}}],"collection":[{"href":"https:\/\/foodsaver-nordic.com\/fi\/wp-json\/wp\/v2\/product"}],"about":[{"href":"https:\/\/foodsaver-nordic.com\/fi\/wp-json\/wp\/v2\/types\/product"}],"wp:featuredmedia":[{"embeddable":true,"href":"https:\/\/foodsaver-nordic.com\/fi\/wp-json\/wp\/v2\/media\/4829"}],"wp:attachment":[{"href":"https:\/\/foodsaver-nordic.com\/fi\/wp-json\/wp\/v2\/media?parent=5435"}],"wp:term":[{"taxonomy":"product_brand","embeddable":true,"href":"https:\/\/foodsaver-nordic.com\/fi\/wp-json\/wp\/v2\/product_brand?post=5435"},{"taxonomy":"product_cat","embeddable":true,"href":"https:\/\/foodsaver-nordic.com\/fi\/wp-json\/wp\/v2\/product_cat?post=5435"},{"taxonomy":"product_tag","embeddable":true,"href":"https:\/\/foodsaver-nordic.com\/fi\/wp-json\/wp\/v2\/product_tag?post=5435"}],"curies":[{"name":"wp","href":"https:\/\/api.w.org\/{rel}","templated":true}]}}