{"id":5443,"date":"2021-06-30T10:06:32","date_gmt":"2021-06-30T10:06:32","guid":{"rendered":"https:\/\/foodsaver-nordic.com\/foodsaver-3190x\/"},"modified":"2021-06-30T10:06:32","modified_gmt":"2021-06-30T10:06:32","slug":"foodsaver-3190x","status":"publish","type":"product","link":"https:\/\/foodsaver-nordic.com\/fi\/foodsaver-3190x\/","title":{"rendered":"FoodSaver 3190X"},"content":{"rendered":"<ul>\n<li>4 valmista asetusta kuivaa\/kosteaa ruokaa varten, pulssitoiminto ja sous vide -toiminto<\/li>\n<li>Sis\u00e4\u00e4nrakennettu muovirullien s\u00e4ilytys<\/li>\n<li>Integroitu leikkauslaite<\/li>\n<li>Nopea pussien valmistus <\/li>\n<li>Liit\u00e4nt\u00e4 FoodSaver-lis\u00e4varusteiden k\u00e4ytt\u00f6\u00e4 varten<\/li>\n<li>Pulssitoiminto tarkempaa k\u00e4ytt\u00f6\u00e4 varten<\/li>\n<li>Marinointiasetus makujen nopeaa imeytymist\u00e4 varten<\/li>\n<li>Kostean ja kuivan ruoan asetukset<\/li>\n<li>Tiukka tiivistyskulma, erityisesti nesteille<\/li>\n<li>Aina 2 vuoden takuu<\/li>\n<\/ul>\n<h3>Rek. pris: 2 295:-<\/h3>\n","protected":false},"excerpt":{"rendered":"<h2>Tyhji\u00f6pakkauslaite sous vide-valmistukseen<\/h2>\n<p><strong>FoodSaver V3190X<\/strong> on tehokas ja monipuolinen tyhji\u00f6pakkauslaite. Laitteessa on nelj\u00e4 valmista asetusta kuivalle ja kostealle ruoalle, pulssitoiminto helposti s\u00e4rkyv\u00e4lle ruoalle sek\u00e4 sous vide -toiminto. Tyhji\u00f6pakatessa pakkauksesta imet\u00e4\u00e4n ilma pois, jotta pakkauksesta tulee ilmatiivis ja ruoka s\u00e4ilyy tuoreena 5 kertaa kauemmin tavallisiin s\u00e4ilytysmenetelmiin verrattuna. Tippa-astian takapuolella oleva kiinte\u00e4 pussins\u00e4\u00e4din varmistaa, ett\u00e4 pussi on oikein paikoillaan ja menee aina kunnolla kiinni. Nappia painamalla voimakas tyhji\u00f6tekniikka imee ilman pussista ja sulkee sen ilmatiiviisti. Laite on kaunis, moderni ja pieni, joten FoodSaver V3190X voi olla keitti\u00f6ss\u00e4 aina esill\u00e4.<\/p>\n<p><strong>Aloituspakettiin kuuluu:<\/strong> 1 rulla 28 cm x 3 m. 2 pient\u00e4 pussia. 2 suurta pussia.  2 zip-lock tyhji\u00f6pussia 950 ml. 2 zip-lock tyhji\u00f6pussia 3,79 l \u2013 Uutuus<\/p>\n","protected":false},"featured_media":6120,"template":"","meta":{"_acf_changed":false},"product_brand":[],"product_cat":[111],"product_tag":[],"class_list":{"0":"post-5443","1":"product","2":"type-product","3":"status-publish","4":"has-post-thumbnail","6":"product_cat-tyhjiopakkauslaitteet","7":"pa_anvandning-herkkusuille","8":"pa_anvandning-kiireisille","9":"pa_anvandning-metsastajille","10":"pa_funktioner-integroitu-pussin-sailytys","11":"pa_funktioner-kosteat-tai-helposti-rikkoontuvat-ruoat","12":"pa_funktioner-marinointitoiminto","13":"pa_funktioner-pulsfunktion-fi","14":"pa_funktioner-sisaanrakennettu-leikkaustoiminto","16":"first","17":"instock","18":"shipping-taxable","19":"product-type-external"},"acf":[],"_links":{"self":[{"href":"https:\/\/foodsaver-nordic.com\/fi\/wp-json\/wp\/v2\/product\/5443","targetHints":{"allow":["GET"]}}],"collection":[{"href":"https:\/\/foodsaver-nordic.com\/fi\/wp-json\/wp\/v2\/product"}],"about":[{"href":"https:\/\/foodsaver-nordic.com\/fi\/wp-json\/wp\/v2\/types\/product"}],"wp:featuredmedia":[{"embeddable":true,"href":"https:\/\/foodsaver-nordic.com\/fi\/wp-json\/wp\/v2\/media\/6120"}],"wp:attachment":[{"href":"https:\/\/foodsaver-nordic.com\/fi\/wp-json\/wp\/v2\/media?parent=5443"}],"wp:term":[{"taxonomy":"product_brand","embeddable":true,"href":"https:\/\/foodsaver-nordic.com\/fi\/wp-json\/wp\/v2\/product_brand?post=5443"},{"taxonomy":"product_cat","embeddable":true,"href":"https:\/\/foodsaver-nordic.com\/fi\/wp-json\/wp\/v2\/product_cat?post=5443"},{"taxonomy":"product_tag","embeddable":true,"href":"https:\/\/foodsaver-nordic.com\/fi\/wp-json\/wp\/v2\/product_tag?post=5443"}],"curies":[{"name":"wp","href":"https:\/\/api.w.org\/{rel}","templated":true}]}}