{"id":5444,"date":"2021-06-30T10:04:27","date_gmt":"2021-06-30T10:04:27","guid":{"rendered":"https:\/\/foodsaver-nordic.com\/foodsaver-slim-vs0100x\/"},"modified":"2021-06-30T10:04:27","modified_gmt":"2021-06-30T10:04:27","slug":"foodsaver-slim-vs0100x","status":"publish","type":"product","link":"https:\/\/foodsaver-nordic.com\/fi\/foodsaver-slim-vs0100x\/","title":{"rendered":"FoodSaver Slim VS0100X"},"content":{"rendered":"<ul>\n<li>Moderni, pieni muotoilu<\/li>\n<li>Kostean ja kuivan ruoan asetukset takaavat ilmatiiviin sauman ruoasta riippumatta<\/li>\n<li>FoodSaver-lis\u00e4varusteiden liit\u00e4nt\u00e4portti<\/li>\n<li>Tekee vahvan sauman napinpainalluksella<\/li>\n<li>Helppo pit\u00e4\u00e4 puhtaana irrotettavan tippa-astian ansiosta<\/li>\n<li>Mahdollista s\u00e4ilytt\u00e4\u00e4 pystyasennossa keitti\u00f6tilan s\u00e4\u00e4st\u00e4miseksi<\/li>\n<li>FoodSaver Slim -laitteeseen sopivat FoodSaver-lis\u00e4varusteet: 28 cm tyhji\u00f6pussirullat, 20 cm tyhji\u00f6pussirullat, 3,78 l, 950 ml tyhji\u00f6pussit, Zip-pussit, Fresch Container -s\u00e4ilytysastiat<\/li>\n<\/ul>\n<h3>Rek. pris: 1 199:-<\/h3>\n","protected":false},"excerpt":{"rendered":"<h2>Uusi ja pienempi malli<\/h2>\n<p><strong>FoodSaver Slim VS0100X<\/strong> Tyhji\u00f6pakkaamisen mahtavaan maailmaan juuri tutustuneille. FoodSaver\u00ae Slim VS0100X on yksinkertainen, mutta tehokas tyhji\u00f6pakkauslaite. Laite on moderni ja pieni eik\u00e4 vie liikaa tilaa kaapista tai keitti\u00f6tasolta. Sopii kaikenlaisille elintarvikkeille. Slim VS0100X on helppok\u00e4ytt\u00f6inen ja sis\u00e4lt\u00e4\u00e4 irrotettavan patentoidun tippa-astian, johon mahdolliset ylim\u00e4\u00e4r\u00e4iset nesteet valuvat, jolloin Slim VS0100X on helppo pit\u00e4\u00e4 puhtaana. Sy\u00f6t\u00e4 pussi tippa-astiaan ja paina kansi kiinni lukitaksesi pussin. Tippa-astian takapuolella oleva kiinte\u00e4 pussins\u00e4\u00e4din varmistaa, ett\u00e4 pussi on oikein paikoillaan ja menee aina kunnolla kiinni. Nappia painamalla voimakas tyhji\u00f6tekniikka imee ilman pussista ja sulkee sen ilmatiiviisti, jolloin ruoka s\u00e4ilyy jopa 5 kertaa pitemp\u00e4\u00e4n verrattuna tavallisiin s\u00e4ilytystapoihin.<\/p>\n<p><strong>Aloituspakettiin kuuluu:<\/strong> 1 rulla 28 cm x 3 m. 2 pient\u00e4 pussia. 2 suurta pussia. 1 k\u00e4sik\u00e4ytt\u00f6inen tyhji\u00f6pakkauslaite letkulla.<\/p>\n","protected":false},"featured_media":5825,"template":"","meta":{"_acf_changed":false},"product_brand":[],"product_cat":[111],"product_tag":[],"class_list":{"0":"post-5444","1":"product","2":"type-product","3":"status-publish","4":"has-post-thumbnail","6":"product_cat-tyhjiopakkauslaitteet","7":"pa_anvandning-ymparistosankareille","8":"pa_funktioner-kosteat-tai-helposti-rikkoontuvat-ruoat","10":"first","11":"instock","12":"shipping-taxable","13":"product-type-external"},"acf":[],"_links":{"self":[{"href":"https:\/\/foodsaver-nordic.com\/fi\/wp-json\/wp\/v2\/product\/5444","targetHints":{"allow":["GET"]}}],"collection":[{"href":"https:\/\/foodsaver-nordic.com\/fi\/wp-json\/wp\/v2\/product"}],"about":[{"href":"https:\/\/foodsaver-nordic.com\/fi\/wp-json\/wp\/v2\/types\/product"}],"wp:featuredmedia":[{"embeddable":true,"href":"https:\/\/foodsaver-nordic.com\/fi\/wp-json\/wp\/v2\/media\/5825"}],"wp:attachment":[{"href":"https:\/\/foodsaver-nordic.com\/fi\/wp-json\/wp\/v2\/media?parent=5444"}],"wp:term":[{"taxonomy":"product_brand","embeddable":true,"href":"https:\/\/foodsaver-nordic.com\/fi\/wp-json\/wp\/v2\/product_brand?post=5444"},{"taxonomy":"product_cat","embeddable":true,"href":"https:\/\/foodsaver-nordic.com\/fi\/wp-json\/wp\/v2\/product_cat?post=5444"},{"taxonomy":"product_tag","embeddable":true,"href":"https:\/\/foodsaver-nordic.com\/fi\/wp-json\/wp\/v2\/product_tag?post=5444"}],"curies":[{"name":"wp","href":"https:\/\/api.w.org\/{rel}","templated":true}]}}