{"id":5450,"date":"2021-06-30T09:58:15","date_gmt":"2021-06-30T09:58:15","guid":{"rendered":"https:\/\/foodsaver-nordic.com\/foodsaver-compact\/"},"modified":"2021-10-01T09:26:58","modified_gmt":"2021-10-01T09:26:58","slug":"foodsaver-compact","status":"publish","type":"product","link":"https:\/\/foodsaver-nordic.com\/fi\/foodsaver-compact\/","title":{"rendered":"FoodSaver Compact"},"content":{"rendered":"<ul>\n<li>Pieni ja kompakti<\/li>\n<li>Saumaa tyhji\u00f6ll\u00e4 tai ilman<\/li>\n<li>Nopea ja helppo k\u00e4ytt\u00f6 yhdell\u00e4 k\u00e4dell\u00e4<\/li>\n<li>Yhteensopiva 20 cm pussien ja rullien kanssa<\/li>\n<li>Liit\u00e4nt\u00e4 FoodSaver-lis\u00e4varusteiden k\u00e4ytt\u00f6\u00e4 varten<\/li>\n<li>Konepest\u00e4v\u00e4 tippa-astia<\/li>\n<li>Aina 2 vuoden takuu<\/li>\n<\/ul>\n<h3>Rek. pris: 1 199:-<\/h3>\n","protected":false},"excerpt":{"rendered":"<p><strong>FoodSaver Compact<\/strong> on uusi, pienempi malli, joka mahtuu hyvin keitti\u00f6tasolle. Ilmatiivis tyhji\u00f6sauma pit\u00e4\u00e4 ruoan tuoreena jopa viisi kertaa pitemp\u00e4\u00e4n kuin pakkasessa. S\u00e4il\u00f6 kes\u00e4n tuoksut ja maut kylmien talvip\u00e4ivien varalle ja valmistele inspiroivia aterioita ymp\u00e4ri vuoden! Tyhji\u00f6pakkauslaitetta on nopea ja helppo k\u00e4ytt\u00e4\u00e4 yhdell\u00e4 k\u00e4dell\u00e4. FoodSaver Compactissa on kaksi asetusta, saumaus tyhji\u00f6ll\u00e4 tai ilman, ja siihen sopii 20 cm leve\u00e4t rullat ja pussit. Sit\u00e4 voi k\u00e4ytt\u00e4\u00e4 my\u00f6s Fresh-lis\u00e4varusteiden kanssa, kuten Fresh Container -s\u00e4ilytysastioiden ja uusiok\u00e4ytett\u00e4vien zip-pussien kanssa.<\/p>\n<p><strong>Aloituspakettiin kuuluu<\/strong>: 5 kpl 0,94 l pusseja, 1 kpl muovirulla 20 cm x 6,7 m<\/p>\n","protected":false},"featured_media":5829,"template":"","meta":{"_acf_changed":false},"product_brand":[],"product_cat":[111],"product_tag":[],"class_list":{"0":"post-5450","1":"product","2":"type-product","3":"status-publish","4":"has-post-thumbnail","6":"product_cat-tyhjiopakkauslaitteet","7":"pa_anvandning-herkkusuille","9":"first","10":"instock","11":"shipping-taxable","12":"product-type-external"},"acf":[],"_links":{"self":[{"href":"https:\/\/foodsaver-nordic.com\/fi\/wp-json\/wp\/v2\/product\/5450","targetHints":{"allow":["GET"]}}],"collection":[{"href":"https:\/\/foodsaver-nordic.com\/fi\/wp-json\/wp\/v2\/product"}],"about":[{"href":"https:\/\/foodsaver-nordic.com\/fi\/wp-json\/wp\/v2\/types\/product"}],"wp:featuredmedia":[{"embeddable":true,"href":"https:\/\/foodsaver-nordic.com\/fi\/wp-json\/wp\/v2\/media\/5829"}],"wp:attachment":[{"href":"https:\/\/foodsaver-nordic.com\/fi\/wp-json\/wp\/v2\/media?parent=5450"}],"wp:term":[{"taxonomy":"product_brand","embeddable":true,"href":"https:\/\/foodsaver-nordic.com\/fi\/wp-json\/wp\/v2\/product_brand?post=5450"},{"taxonomy":"product_cat","embeddable":true,"href":"https:\/\/foodsaver-nordic.com\/fi\/wp-json\/wp\/v2\/product_cat?post=5450"},{"taxonomy":"product_tag","embeddable":true,"href":"https:\/\/foodsaver-nordic.com\/fi\/wp-json\/wp\/v2\/product_tag?post=5450"}],"curies":[{"name":"wp","href":"https:\/\/api.w.org\/{rel}","templated":true}]}}