{"id":5453,"date":"2021-06-30T09:56:30","date_gmt":"2021-06-30T09:56:30","guid":{"rendered":"https:\/\/foodsaver-nordic.com\/tyhjiokorkit\/"},"modified":"2021-06-30T09:56:30","modified_gmt":"2021-06-30T09:56:30","slug":"tyhjiokorkit","status":"publish","type":"product","link":"https:\/\/foodsaver-nordic.com\/fi\/tyhjiokorkit\/","title":{"rendered":"Tyhji\u00f6korkit"},"content":{"rendered":"<ul>\n<li>Ilmatiiviit\u00e4 ja hajuttomia<\/li>\n<li>Konepest\u00e4vi\u00e4<\/li>\n<li>Sopii mainiosti t\u00e4hteeksi j\u00e4\u00e4neille viineille, \u00f6ljyille, viinietikalle tai uutteille<\/li>\n<\/ul>\n<h3>Rek. pris: 129:-<\/h3>\n","protected":false},"excerpt":{"rendered":"<p>Pullonkorkkeja FoodSaver-tyhji\u00f6pakkauslaitteisiin. Sulkee viinit, \u00f6ljyt tai uutteet niin, ett\u00e4 sis\u00e4lt\u00f6 pysyy tuoreena pitk\u00e4\u00e4n. Pident\u00e4\u00e4 s\u00e4ilyvyytt\u00e4 sulkemalla ilman pois. Pullonkorkit sopivat useimpien vakiomallien pulloihin. Pakkaus sis\u00e4lt\u00e4\u00e4 3 kpl laadukkaasta BPA-vapaasta muovista valmistettua pullonkorkkia.<\/p>\n","protected":false},"featured_media":4802,"template":"","meta":{"_acf_changed":false},"product_brand":[],"product_cat":[19],"product_tag":[],"class_list":{"0":"post-5453","1":"product","2":"type-product","3":"status-publish","4":"has-post-thumbnail","6":"product_cat-vakuumforpackare","7":"pa_anvandning-herkkusuille","8":"pa_anvandning-ymparistosankareille","10":"first","11":"instock","12":"shipping-taxable","13":"product-type-external"},"acf":[],"_links":{"self":[{"href":"https:\/\/foodsaver-nordic.com\/fi\/wp-json\/wp\/v2\/product\/5453","targetHints":{"allow":["GET"]}}],"collection":[{"href":"https:\/\/foodsaver-nordic.com\/fi\/wp-json\/wp\/v2\/product"}],"about":[{"href":"https:\/\/foodsaver-nordic.com\/fi\/wp-json\/wp\/v2\/types\/product"}],"wp:featuredmedia":[{"embeddable":true,"href":"https:\/\/foodsaver-nordic.com\/fi\/wp-json\/wp\/v2\/media\/4802"}],"wp:attachment":[{"href":"https:\/\/foodsaver-nordic.com\/fi\/wp-json\/wp\/v2\/media?parent=5453"}],"wp:term":[{"taxonomy":"product_brand","embeddable":true,"href":"https:\/\/foodsaver-nordic.com\/fi\/wp-json\/wp\/v2\/product_brand?post=5453"},{"taxonomy":"product_cat","embeddable":true,"href":"https:\/\/foodsaver-nordic.com\/fi\/wp-json\/wp\/v2\/product_cat?post=5453"},{"taxonomy":"product_tag","embeddable":true,"href":"https:\/\/foodsaver-nordic.com\/fi\/wp-json\/wp\/v2\/product_tag?post=5453"}],"curies":[{"name":"wp","href":"https:\/\/api.w.org\/{rel}","templated":true}]}}