{"id":5456,"date":"2021-06-30T09:53:45","date_gmt":"2021-06-30T09:53:45","guid":{"rendered":"https:\/\/foodsaver-nordic.com\/tyhjiomarinointilaatikko-21-l\/"},"modified":"2021-06-30T09:53:45","modified_gmt":"2021-06-30T09:53:45","slug":"tyhjiomarinointilaatikko-21-l","status":"publish","type":"product","link":"https:\/\/foodsaver-nordic.com\/fi\/tyhjiomarinointilaatikko-21-l\/","title":{"rendered":"Tyhji\u00f6marinointilaatikko 2,1 L"},"content":{"rendered":"<ul>\n<li>BPA-vapaa<\/li>\n<li>Naarmunkest\u00e4v\u00e4<\/li>\n<li>Hajun- ja tahrankest\u00e4v\u00e4<\/li>\n<li>Konepest\u00e4v\u00e4<\/li>\n<li>Mikronkest\u00e4v\u00e4<\/li>\n<\/ul>\n<h3>Rek. pris: 329:-<\/h3>\n","protected":false},"excerpt":{"rendered":"<p>2,1 l marinointilaatikko sopii FoodSaver-tyhji\u00f6pakkauslaitteisiin, joissa on marinointitoiminto. T\u00e4ss\u00e4 ratkaisu, jos tarvitset grillattavaa lihaa jo samaksi illaksi. Tyhji\u00f6laatikko pikamarinoi lihaa, kalaa ja vihanneksia vain muutamassa minuutissa mahtavilla mauilla. Marinointilaatikkoa voi k\u00e4ytt\u00e4\u00e4 my\u00f6s tavalliseen s\u00e4ilytykseen. Materiaali on BPA-vapaata muovia, ja laatikon voi hyvin tiskata koneessa tai l\u00e4mmitt\u00e4\u00e4 mikrossa.<\/p>\n","protected":false},"featured_media":4799,"template":"","meta":{"_acf_changed":false},"product_brand":[],"product_cat":[109],"product_tag":[],"class_list":{"0":"post-5456","1":"product","2":"type-product","3":"status-publish","4":"has-post-thumbnail","6":"product_cat-evaslaatikot","7":"pa_anvandning-metsastajille","9":"first","10":"instock","11":"shipping-taxable","12":"product-type-external"},"acf":[],"_links":{"self":[{"href":"https:\/\/foodsaver-nordic.com\/fi\/wp-json\/wp\/v2\/product\/5456","targetHints":{"allow":["GET"]}}],"collection":[{"href":"https:\/\/foodsaver-nordic.com\/fi\/wp-json\/wp\/v2\/product"}],"about":[{"href":"https:\/\/foodsaver-nordic.com\/fi\/wp-json\/wp\/v2\/types\/product"}],"wp:featuredmedia":[{"embeddable":true,"href":"https:\/\/foodsaver-nordic.com\/fi\/wp-json\/wp\/v2\/media\/4799"}],"wp:attachment":[{"href":"https:\/\/foodsaver-nordic.com\/fi\/wp-json\/wp\/v2\/media?parent=5456"}],"wp:term":[{"taxonomy":"product_brand","embeddable":true,"href":"https:\/\/foodsaver-nordic.com\/fi\/wp-json\/wp\/v2\/product_brand?post=5456"},{"taxonomy":"product_cat","embeddable":true,"href":"https:\/\/foodsaver-nordic.com\/fi\/wp-json\/wp\/v2\/product_cat?post=5456"},{"taxonomy":"product_tag","embeddable":true,"href":"https:\/\/foodsaver-nordic.com\/fi\/wp-json\/wp\/v2\/product_tag?post=5456"}],"curies":[{"name":"wp","href":"https:\/\/api.w.org\/{rel}","templated":true}]}}