{"id":5459,"date":"2021-06-30T09:51:59","date_gmt":"2021-06-30T09:51:59","guid":{"rendered":"https:\/\/foodsaver-nordic.com\/tyhjiopussit-zip-lukko-950-ml\/"},"modified":"2021-06-30T09:51:59","modified_gmt":"2021-06-30T09:51:59","slug":"tyhjiopussit-zip-lukko-950-ml","status":"publish","type":"product","link":"https:\/\/foodsaver-nordic.com\/fi\/tyhjiopussit-zip-lukko-950-ml\/","title":{"rendered":"Tyhji\u00f6pussit, zip-lukko 950 ml"},"content":{"rendered":"<ul>\n<li>BPA-vapaata muovia<\/li>\n<li>Vahva lukko<\/li>\n<li>Ehk\u00e4isee pakastuspalamista<\/li>\n<li>J\u00e4\u00e4kaapin ja pakkasen kest\u00e4vi\u00e4<\/li>\n<\/ul>\n<h3>Rek. pris: 229:-<\/h3>\n","protected":false},"excerpt":{"rendered":"<p>Uudelleensuljettavia 950 ml zip-pusseja FoodSaver-tyhji\u00f6pakkauslaitteisiin. Pident\u00e4\u00e4 tuoreiden elintarvikkeiden s\u00e4ilyvyytt\u00e4 ja sopii erinomaisesti p\u00e4ivitt\u00e4istuotteiden, kuten leikkeleet ja juusto, j\u00e4\u00e4kaapissa s\u00e4ilytt\u00e4miseen. Jokainen pussi on valmistettu vahvasta BPA-vapaasta monikerroksisesta muovista, joka takaa, ett\u00e4 ruoka s\u00e4ilyy tuoreena pitk\u00e4\u00e4n. Pakkaus sis\u00e4lt\u00e4\u00e4 26 kpl 950 ml zip-pussia.<\/p>\n","protected":false},"featured_media":4796,"template":"","meta":{"_acf_changed":false},"product_brand":[],"product_cat":[110],"product_tag":[],"class_list":{"0":"post-5459","1":"product","2":"type-product","3":"status-publish","4":"has-post-thumbnail","6":"product_cat-pussit","7":"pa_anvandning-kiireisille","8":"pa_anvandning-ymparistosankareille","10":"first","11":"instock","12":"shipping-taxable","13":"product-type-external"},"acf":[],"_links":{"self":[{"href":"https:\/\/foodsaver-nordic.com\/fi\/wp-json\/wp\/v2\/product\/5459","targetHints":{"allow":["GET"]}}],"collection":[{"href":"https:\/\/foodsaver-nordic.com\/fi\/wp-json\/wp\/v2\/product"}],"about":[{"href":"https:\/\/foodsaver-nordic.com\/fi\/wp-json\/wp\/v2\/types\/product"}],"wp:featuredmedia":[{"embeddable":true,"href":"https:\/\/foodsaver-nordic.com\/fi\/wp-json\/wp\/v2\/media\/4796"}],"wp:attachment":[{"href":"https:\/\/foodsaver-nordic.com\/fi\/wp-json\/wp\/v2\/media?parent=5459"}],"wp:term":[{"taxonomy":"product_brand","embeddable":true,"href":"https:\/\/foodsaver-nordic.com\/fi\/wp-json\/wp\/v2\/product_brand?post=5459"},{"taxonomy":"product_cat","embeddable":true,"href":"https:\/\/foodsaver-nordic.com\/fi\/wp-json\/wp\/v2\/product_cat?post=5459"},{"taxonomy":"product_tag","embeddable":true,"href":"https:\/\/foodsaver-nordic.com\/fi\/wp-json\/wp\/v2\/product_tag?post=5459"}],"curies":[{"name":"wp","href":"https:\/\/api.w.org\/{rel}","templated":true}]}}