{"id":5477,"date":"2021-06-30T09:31:39","date_gmt":"2021-06-30T09:31:39","guid":{"rendered":"https:\/\/foodsaver-nordic.com\/foodsaver-ffs016x\/"},"modified":"2021-10-01T11:46:01","modified_gmt":"2021-10-01T11:46:01","slug":"foodsaver-ffs016x","status":"publish","type":"product","link":"https:\/\/foodsaver-nordic.com\/fi\/foodsaver-ffs016x\/","title":{"rendered":"FoodSaver FFS016X"},"content":{"rendered":"<ul>\n<li>Sis\u00e4\u00e4nrakennettu muovirullien s\u00e4ilytys<\/li>\n<li>Integroitu leikkauslaite<\/li>\n<li>Varma lukitusmekanismi<\/li>\n<li>Kolme eri sauma-asetusta<\/li>\n<li>Liit\u00e4nt\u00e4 FoodSaver-lis\u00e4varusteiden k\u00e4ytt\u00f6\u00e4 varten<\/li>\n<li>Konepest\u00e4v\u00e4 tippa-astia<\/li>\n<li>Aina 2 vuoden takuu<\/li>\n<\/ul>\n<h3>Rek. pris: 1 495:-<\/h3>\n","protected":false},"excerpt":{"rendered":"<h2>Sopii kaikkiin tarpeisiin<\/h2>\n<p><strong>FoodSaver FFS016<\/strong> on monipuolinen laite, jolla voit tyhji\u00f6pakata monella eri tavalla. Tyhji\u00f6pakatessa pakkauksesta imet\u00e4\u00e4n ilma pois, jotta pakkauksesta tulee ilmatiivis ja ruoka s\u00e4ilyy pitemp\u00e4\u00e4n. Sis\u00e4\u00e4nrakennettu muovirullien s\u00e4ilytys ja integroitu leikkauslaite helpottavat pussien koon s\u00e4\u00e4t\u00e4mist\u00e4.<\/p>\n<p><strong>FFS016<\/strong> sis\u00e4lt\u00e4\u00e4 kolme eri sauma-asetusta; tyhji\u00f6ll\u00e4 tai ilman, sek\u00e4 asetuksen runsaasti nestett\u00e4 sis\u00e4lt\u00e4v\u00e4lle ruoalle, jolloin ylim\u00e4\u00e4r\u00e4inen kosteus tippuu tippa-astiaan. Pienen koon ansiosta laitetta voi s\u00e4ilytt\u00e4\u00e4 pystyasennossa, jolloin se vie v\u00e4hemm\u00e4n tilaa.<\/p>\n<p><strong>Aloituspakettiin kuuluu:<\/strong> 5 kpl 0,94 l pusseja, 5 kpl 3,78 l pusseja, 1 kpl muovirulla 28 cm x 3 m<\/p>\n","protected":false},"featured_media":4760,"template":"","meta":{"_acf_changed":false},"product_brand":[],"product_cat":[111],"product_tag":[],"class_list":{"0":"post-5477","1":"product","2":"type-product","3":"status-publish","4":"has-post-thumbnail","6":"product_cat-tyhjiopakkauslaitteet","8":"first","9":"instock","10":"shipping-taxable","11":"purchasable","12":"product-type-simple"},"acf":[],"_links":{"self":[{"href":"https:\/\/foodsaver-nordic.com\/fi\/wp-json\/wp\/v2\/product\/5477","targetHints":{"allow":["GET"]}}],"collection":[{"href":"https:\/\/foodsaver-nordic.com\/fi\/wp-json\/wp\/v2\/product"}],"about":[{"href":"https:\/\/foodsaver-nordic.com\/fi\/wp-json\/wp\/v2\/types\/product"}],"wp:featuredmedia":[{"embeddable":true,"href":"https:\/\/foodsaver-nordic.com\/fi\/wp-json\/wp\/v2\/media\/4760"}],"wp:attachment":[{"href":"https:\/\/foodsaver-nordic.com\/fi\/wp-json\/wp\/v2\/media?parent=5477"}],"wp:term":[{"taxonomy":"product_brand","embeddable":true,"href":"https:\/\/foodsaver-nordic.com\/fi\/wp-json\/wp\/v2\/product_brand?post=5477"},{"taxonomy":"product_cat","embeddable":true,"href":"https:\/\/foodsaver-nordic.com\/fi\/wp-json\/wp\/v2\/product_cat?post=5477"},{"taxonomy":"product_tag","embeddable":true,"href":"https:\/\/foodsaver-nordic.com\/fi\/wp-json\/wp\/v2\/product_tag?post=5477"}],"curies":[{"name":"wp","href":"https:\/\/api.w.org\/{rel}","templated":true}]}}