{"id":5480,"date":"2021-06-30T09:29:29","date_gmt":"2021-06-30T09:29:29","guid":{"rendered":"https:\/\/foodsaver-nordic.com\/foodsaver-ffs014x\/"},"modified":"2021-11-12T07:11:22","modified_gmt":"2021-11-12T07:11:22","slug":"foodsaver-ffs014x","status":"publish","type":"product","link":"https:\/\/foodsaver-nordic.com\/fi\/foodsaver-ffs014x\/","title":{"rendered":"FoodSaver FFS014X"},"content":{"rendered":"<ul>\n<li>Yksinkertainen lukitusmekanismi<\/li>\n<li>Konepest\u00e4v\u00e4 tippa-astia<\/li>\n<li>Liit\u00e4nt\u00e4 FoodSaver-lis\u00e4varusteiden k\u00e4ytt\u00f6\u00e4 varten<\/li>\n<li>Mahtuu keitti\u00f6tasolle<\/li>\n<li>Aina 2 vuoden takuu<\/li>\n<\/ul>\n<h3><\/h3>\n","protected":false},"excerpt":{"rendered":"<h2>Perusmalli nousussa<\/h2>\n<p><strong>FoodSaver FFS014<\/strong> on siro perusmallimme, joka mahtuu hyvin keitti\u00f6tasolle. Imee pusseista ja sulkee ne ilmatiiviisti niin, ett\u00e4 ruoka pysyy tuoreena viisi kertaa pitemp\u00e4\u00e4n kuin perinteisesti pakkasessa s\u00e4ilytettyn\u00e4.<\/p>\n<p><strong>FFS014<\/strong> sis\u00e4lt\u00e4\u00e4 FoodSaver-lis\u00e4varusteiden liit\u00e4nt\u00e4portin, mutta sit\u00e4 voi k\u00e4ytt\u00e4\u00e4 my\u00f6s Fresh-lis\u00e4varusteiden kanssa, kuten Fresh Container -s\u00e4ilytysastioiden ja uusiok\u00e4ytett\u00e4vien zip-pussien kanssa.<\/p>\n<p><strong>Startkit medf\u00f6ljer<\/strong>: 5st. 0,94L-p\u00e5sar, 5st. 3,78L-p\u00e5sar<\/p>\n","protected":false},"featured_media":5183,"template":"","meta":{"_acf_changed":false},"product_brand":[],"product_cat":[111],"product_tag":[],"class_list":{"0":"post-5480","1":"product","2":"type-product","3":"status-publish","4":"has-post-thumbnail","6":"product_cat-tyhjiopakkauslaitteet","8":"first","9":"instock","10":"shipping-taxable","11":"product-type-external"},"acf":[],"_links":{"self":[{"href":"https:\/\/foodsaver-nordic.com\/fi\/wp-json\/wp\/v2\/product\/5480","targetHints":{"allow":["GET"]}}],"collection":[{"href":"https:\/\/foodsaver-nordic.com\/fi\/wp-json\/wp\/v2\/product"}],"about":[{"href":"https:\/\/foodsaver-nordic.com\/fi\/wp-json\/wp\/v2\/types\/product"}],"wp:featuredmedia":[{"embeddable":true,"href":"https:\/\/foodsaver-nordic.com\/fi\/wp-json\/wp\/v2\/media\/5183"}],"wp:attachment":[{"href":"https:\/\/foodsaver-nordic.com\/fi\/wp-json\/wp\/v2\/media?parent=5480"}],"wp:term":[{"taxonomy":"product_brand","embeddable":true,"href":"https:\/\/foodsaver-nordic.com\/fi\/wp-json\/wp\/v2\/product_brand?post=5480"},{"taxonomy":"product_cat","embeddable":true,"href":"https:\/\/foodsaver-nordic.com\/fi\/wp-json\/wp\/v2\/product_cat?post=5480"},{"taxonomy":"product_tag","embeddable":true,"href":"https:\/\/foodsaver-nordic.com\/fi\/wp-json\/wp\/v2\/product_tag?post=5480"}],"curies":[{"name":"wp","href":"https:\/\/api.w.org\/{rel}","templated":true}]}}