{"id":5483,"date":"2021-06-30T09:26:57","date_gmt":"2021-06-30T09:26:57","guid":{"rendered":"https:\/\/foodsaver-nordic.com\/foodsaver-flow-ffs006x\/"},"modified":"2021-11-12T06:56:48","modified_gmt":"2021-11-12T06:56:48","slug":"foodsaver-flow-ffs006x","status":"publish","type":"product","link":"https:\/\/foodsaver-nordic.com\/fi\/foodsaver-flow-ffs006x\/","title":{"rendered":"FoodSaver Flow FFS006X"},"content":{"rendered":"<ul>\n<li>Sis\u00e4\u00e4nrakennettu muovirullien s\u00e4ilytys<\/li>\n<li>Integroitu leikkauslaite<\/li>\n<li>Pulssitoiminto tarkempaa tyhji\u00f6pakkausta varten<\/li>\n<li>Nopea pussien valmistus<\/li>\n<li>Marinointiasetus makujen nopeaa imeytymist\u00e4 varten<\/li>\n<li>4 eri sauma-asetusta<\/li>\n<li>Konepest\u00e4v\u00e4 tippa-astia<\/li>\n<li>Aina 2 vuoden takuu<\/li>\n<\/ul>\n<h3><\/h3>\n","protected":false},"excerpt":{"rendered":"<h2>Mets\u00e4st\u00e4j\u00e4n paras yst\u00e4v\u00e4<\/h2>\n<p><strong>FoodSaver Flow<\/strong> on tehokas ja nopea tyhji\u00f6pakkauslaite mets\u00e4st\u00e4jille, harrastelijakokeille ja hyv\u00e4n ruoan yst\u00e4ville. Sulkee kauden maut ja tuoksut ilmatiiviill\u00e4 tyhji\u00f6saumalla, joka pit\u00e4\u00e4 ruoan tuoreena jopa viisi kertaa pitemp\u00e4\u00e4n kuin pakkasessa. Sis\u00e4\u00e4nrakennettu rullien s\u00e4ilytys ja integroitu leikkauslaite helpottavat pussien koon s\u00e4\u00e4t\u00e4mist\u00e4 sis\u00e4ll\u00f6n mukaan.<\/p>\n<p><strong>FoodSaver Flow-laitteessa on 4 sauma-asetusta;<\/strong> tyhji\u00f6ll\u00e4 tai ilman, sek\u00e4 asetus runsaasti nestett\u00e4 sis\u00e4lt\u00e4v\u00e4lle ruoalle ja marinointiasetus, jossa jaksottaiset tyhji\u00f6pulssit tehostavat makujen imeytymist\u00e4. Pulssitoiminnolla voit tyhji\u00f6pakata helposti rikkoontuvia elintarvikkeita vaiheittain. Ekstra leve\u00e4 suljin tekee tyhji\u00f6pakkauslaitteesta vahvemman, ja nopeapussien valmistus tehokkaamman ammattik\u00e4ytt\u00f6\u00f6n.<\/p>\n<p><strong>Mukana toimitettavat lis\u00e4varusteet:<\/strong> 3 kpl 0,94 l pusseja, 2 kpl 3,78 l pusseja, 3 kpl FoodSaver zip-pusseja, 1 kpl muovirulla 28 cm<\/p>\n","protected":false},"featured_media":5180,"template":"","meta":{"_acf_changed":false},"product_brand":[],"product_cat":[111],"product_tag":[],"class_list":{"0":"post-5483","1":"product","2":"type-product","3":"status-publish","4":"has-post-thumbnail","6":"product_cat-tyhjiopakkauslaitteet","8":"first","9":"instock","10":"shipping-taxable","11":"product-type-external"},"acf":[],"_links":{"self":[{"href":"https:\/\/foodsaver-nordic.com\/fi\/wp-json\/wp\/v2\/product\/5483","targetHints":{"allow":["GET"]}}],"collection":[{"href":"https:\/\/foodsaver-nordic.com\/fi\/wp-json\/wp\/v2\/product"}],"about":[{"href":"https:\/\/foodsaver-nordic.com\/fi\/wp-json\/wp\/v2\/types\/product"}],"wp:featuredmedia":[{"embeddable":true,"href":"https:\/\/foodsaver-nordic.com\/fi\/wp-json\/wp\/v2\/media\/5180"}],"wp:attachment":[{"href":"https:\/\/foodsaver-nordic.com\/fi\/wp-json\/wp\/v2\/media?parent=5483"}],"wp:term":[{"taxonomy":"product_brand","embeddable":true,"href":"https:\/\/foodsaver-nordic.com\/fi\/wp-json\/wp\/v2\/product_brand?post=5483"},{"taxonomy":"product_cat","embeddable":true,"href":"https:\/\/foodsaver-nordic.com\/fi\/wp-json\/wp\/v2\/product_cat?post=5483"},{"taxonomy":"product_tag","embeddable":true,"href":"https:\/\/foodsaver-nordic.com\/fi\/wp-json\/wp\/v2\/product_tag?post=5483"}],"curies":[{"name":"wp","href":"https:\/\/api.w.org\/{rel}","templated":true}]}}