{"id":5304,"date":"2021-09-26T16:03:11","date_gmt":"2021-09-26T16:03:11","guid":{"rendered":"https:\/\/foodsaver-nordic.com\/om-foodsaver\/"},"modified":"2021-10-04T16:22:57","modified_gmt":"2021-10-04T16:22:57","slug":"om-foodsaver","status":"publish","type":"page","link":"https:\/\/foodsaver-nordic.com\/no\/om-foodsaver\/","title":{"rendered":"Om Foodsaver"},"content":{"rendered":"\n\t<section class=\"section\" id=\"section_1783766658\">\n\t\t<div class=\"section-bg fill\" >\n\t\t\t\t\t\t\t\t\t\n\t\t\t\n\n\t\t<\/div>\n\n\t\t\n\n\t\t<div class=\"section-content relative\">\n\t\t\t\n<div class=\"row row-collapse align-middle yellow-bg\"  id=\"row-1360318375\">\n\n\t<div id=\"col-182488741\" class=\"col medium-6 small-12 large-6 small-col-first\"  >\n\t\t\t\t<div class=\"col-inner\"  >\n\t\t\t\n\t\t\t\n\t<div class=\"img has-hover x md-x lg-x y md-y lg-y\" id=\"image_255129825\">\n\t\t\t\t\t\t\t\t<div class=\"img-inner dark\" >\n\t\t\t<img loading=\"lazy\" decoding=\"async\" width=\"2560\" height=\"1440\" src=\"https:\/\/foodsaver-nordic.com\/wp-content\/uploads\/2021\/10\/NO-scaled.jpg\" class=\"attachment-original size-original\" alt=\"\" srcset=\"https:\/\/foodsaver-nordic.com\/wp-content\/uploads\/2021\/10\/NO-scaled.jpg 2560w, https:\/\/foodsaver-nordic.com\/wp-content\/uploads\/2021\/10\/NO-300x169.jpg 300w, https:\/\/foodsaver-nordic.com\/wp-content\/uploads\/2021\/10\/NO-1024x576.jpg 1024w, https:\/\/foodsaver-nordic.com\/wp-content\/uploads\/2021\/10\/NO-768x432.jpg 768w, https:\/\/foodsaver-nordic.com\/wp-content\/uploads\/2021\/10\/NO-1536x864.jpg 1536w, https:\/\/foodsaver-nordic.com\/wp-content\/uploads\/2021\/10\/NO-2048x1152.jpg 2048w, https:\/\/foodsaver-nordic.com\/wp-content\/uploads\/2021\/10\/NO-1920x1080.jpg 1920w\" sizes=\"auto, (max-width: 2560px) 100vw, 2560px\" \/>\t\t\t\t\t\t\n\t\t\t\t\t<\/div>\n\t\t\t\t\t\t\t\t\n<style>\n#image_255129825 {\n  width: 100%;\n}\n<\/style>\n\t<\/div>\n\t\n\t\t<\/div>\n\t\t\t\t\t<\/div>\n\n\t\n\n\t<div id=\"col-933299195\" class=\"col medium-6 small-12 large-6\"  >\n\t\t\t\t<div class=\"col-inner text-left\"  >\n\t\t\t\n\t\t\t\n\t<div id=\"text-522286914\" class=\"text\">\n\t\t\n<h3 class=\"uppercase\">DET ER MANGE GODE GRUNNER TIL \u00c5 VAKUUMPAKKE MATEN.<\/h3>\n<p>Oppbevaring \u2013 Spar plass i kj\u00f8leskap, fryser og matskap.<br \/>Bevare \u2013 Forlenger holdbarheten p\u00e5 alle typer mat.<br \/>Marinere \u2013 Fremhever smaken i r\u00e5varene.<br \/>Sous vide \u2013 En spennende tilberedningsm\u00e5te.<\/p>\n\t\t\n<style>\n#text-522286914 {\n  font-size: 1.1rem;\n}\n<\/style>\n\t<\/div>\n\t\n\t\t<\/div>\n\t\t\t\t\n<style>\n#col-933299195 > .col-inner {\n  padding: 20% 10% 20% 10%;\n}\n@media (min-width:550px) {\n  #col-933299195 > .col-inner {\n    padding: 0px 10% 0px 10%;\n  }\n}\n@media (min-width:850px) {\n  #col-933299195 > .col-inner {\n    padding: 0px 10% 0px 10%;\n  }\n}\n<\/style>\n\t<\/div>\n\n\t\n<\/div>\n<div class=\"row row-collapse align-middle orange-bg\"  id=\"row-920884601\">\n\n\t<div id=\"col-659776192\" class=\"col medium-6 small-12 large-6\"  >\n\t\t\t\t<div class=\"col-inner text-left dark\"  >\n\t\t\t\n\t\t\t\n\t<div id=\"text-4275340280\" class=\"text\">\n\t\t\n<h3>GRUNNNER TIL AT VI KASTER MAT<\/h3>\n<ul>\n<li>Datoen har g\u00e5tt ut.<\/li>\n<li>Vi har glemt maten i kj\u00f8leskapet.<\/li>\n<li>Maten har mistet friskheten.<\/li>\n<li>Rekker ikke \u00e5 spise opp maten i store pakker.<\/li>\n<\/ul>\n<p>Kaster matrester. Ved \u00e5 vakuumpakke f\u00e5r maten lengre holdbarhet. Det gir ogs\u00e5 mindre avfall.<\/p>\n\t\t\n<style>\n#text-4275340280 {\n  font-size: 1.1rem;\n}\n<\/style>\n\t<\/div>\n\t\n\t\t<\/div>\n\t\t\t\t\n<style>\n#col-659776192 > .col-inner {\n  padding: 20% 10% 20% 10%;\n}\n@media (min-width:550px) {\n  #col-659776192 > .col-inner {\n    padding: 0px 10% 0px 10%;\n  }\n}\n@media (min-width:850px) {\n  #col-659776192 > .col-inner {\n    padding: 5% 10% 5% 10%;\n  }\n}\n<\/style>\n\t<\/div>\n\n\t\n\n\t<div id=\"col-1427518678\" class=\"col medium-6 small-12 large-6 small-col-first\"  >\n\t\t\t\t<div class=\"col-inner\"  >\n\t\t\t\n\t\t\t\n\t<div class=\"img has-hover x md-x lg-x y md-y lg-y\" id=\"image_275043657\">\n\t\t\t\t\t\t\t\t<div class=\"img-inner dark\" >\n\t\t\t<img loading=\"lazy\" decoding=\"async\" width=\"2560\" height=\"1440\" src=\"https:\/\/foodsaver-nordic.com\/wp-content\/uploads\/2021\/10\/hallbarhet_NO-scaled.jpg\" class=\"attachment-original size-original\" alt=\"\" srcset=\"https:\/\/foodsaver-nordic.com\/wp-content\/uploads\/2021\/10\/hallbarhet_NO-scaled.jpg 2560w, https:\/\/foodsaver-nordic.com\/wp-content\/uploads\/2021\/10\/hallbarhet_NO-300x169.jpg 300w, https:\/\/foodsaver-nordic.com\/wp-content\/uploads\/2021\/10\/hallbarhet_NO-1024x576.jpg 1024w, https:\/\/foodsaver-nordic.com\/wp-content\/uploads\/2021\/10\/hallbarhet_NO-768x432.jpg 768w, https:\/\/foodsaver-nordic.com\/wp-content\/uploads\/2021\/10\/hallbarhet_NO-1536x864.jpg 1536w, https:\/\/foodsaver-nordic.com\/wp-content\/uploads\/2021\/10\/hallbarhet_NO-2048x1152.jpg 2048w, https:\/\/foodsaver-nordic.com\/wp-content\/uploads\/2021\/10\/hallbarhet_NO-1920x1080.jpg 1920w\" sizes=\"auto, (max-width: 2560px) 100vw, 2560px\" \/>\t\t\t\t\t\t\n\t\t\t\t\t<\/div>\n\t\t\t\t\t\t\t\t\n<style>\n#image_275043657 {\n  width: 100%;\n}\n<\/style>\n\t<\/div>\n\t\n\t\t<\/div>\n\t\t\t\t\t<\/div>\n\n\t\n<\/div>\n<div class=\"row row-collapse align-middle darkgreen-bg\"  id=\"row-89899744\">\n\n\t<div id=\"col-1618855246\" class=\"col medium-6 small-12 large-6 small-col-first\"  >\n\t\t\t\t<div class=\"col-inner\"  >\n\t\t\t\n\t\t\t\n\t<div class=\"img has-hover x md-x lg-x y md-y lg-y\" id=\"image_1700190239\">\n\t\t<a class=\"\" href=\"https:\/\/www.pricerunner.se\/test\/vakuumforpackare\" target=\"_blank\" rel=\"noopener\">\t\t\t\t\t\t<div class=\"img-inner dark\" >\n\t\t\t<img loading=\"lazy\" decoding=\"async\" width=\"2560\" height=\"1505\" src=\"https:\/\/foodsaver-nordic.com\/wp-content\/uploads\/2021\/07\/fo\u0308rpackare-scaled.jpg\" class=\"attachment-original size-original\" alt=\"\" srcset=\"https:\/\/foodsaver-nordic.com\/wp-content\/uploads\/2021\/07\/fo\u0308rpackare-scaled.jpg 2560w, https:\/\/foodsaver-nordic.com\/wp-content\/uploads\/2021\/07\/fo\u0308rpackare-300x176.jpg 300w, https:\/\/foodsaver-nordic.com\/wp-content\/uploads\/2021\/07\/fo\u0308rpackare-1024x602.jpg 1024w, https:\/\/foodsaver-nordic.com\/wp-content\/uploads\/2021\/07\/fo\u0308rpackare-768x451.jpg 768w, https:\/\/foodsaver-nordic.com\/wp-content\/uploads\/2021\/07\/fo\u0308rpackare-1536x903.jpg 1536w, https:\/\/foodsaver-nordic.com\/wp-content\/uploads\/2021\/07\/fo\u0308rpackare-2048x1204.jpg 2048w, https:\/\/foodsaver-nordic.com\/wp-content\/uploads\/2021\/07\/fo\u0308rpackare-1920x1128.jpg 1920w\" sizes=\"auto, (max-width: 2560px) 100vw, 2560px\" \/>\t\t\t\t\t\t\n\t\t\t\t\t<\/div>\n\t\t\t\t\t\t<\/a>\t\t\n<style>\n#image_1700190239 {\n  width: 100%;\n}\n<\/style>\n\t<\/div>\n\t\n\t\t<\/div>\n\t\t\t\t\t<\/div>\n\n\t\n\n\t<div id=\"col-382251285\" class=\"col medium-6 small-12 large-6\"  >\n\t\t\t\t<div class=\"col-inner text-left dark\"  >\n\t\t\t\n\t\t\t\n\t<div id=\"text-1499569099\" class=\"text\">\n\t\t\n<h3>BEST I TEST<\/h3>\n<p>FoodSaver har ofte blitt best i test de siste \u00e5rene. Det finnes mange modeller \u00e5 velge mellom, og derfor er det enkelt \u00e5 finne en som passer til akkurat ditt behov. Alle maskinene v\u00e5re har h\u00f8y kapasitet og kan pakke mange poser etter hverandre. I tillegg er de praktiske, tar liten plass og har et moderne design.<\/p>\n\t\t\n<style>\n#text-1499569099 {\n  font-size: 1.1rem;\n}\n<\/style>\n\t<\/div>\n\t\n\t\t<\/div>\n\t\t\t\t\n<style>\n#col-382251285 > .col-inner {\n  padding: 20% 10% 20% 10%;\n}\n@media (min-width:550px) {\n  #col-382251285 > .col-inner {\n    padding: 0px 10% 0px 10%;\n  }\n}\n@media (min-width:850px) {\n  #col-382251285 > .col-inner {\n    padding: 0px 10% 0px 10%;\n  }\n}\n<\/style>\n\t<\/div>\n\n\t\n<\/div>\n<div class=\"row row-collapse align-middle yellow-bg\"  id=\"row-1615666186\">\n\n\t<div id=\"col-1339483449\" class=\"col medium-6 small-12 large-6\"  >\n\t\t\t\t<div class=\"col-inner text-left\"  >\n\t\t\t\n\t\t\t\n\t<div id=\"text-3704149740\" class=\"text\">\n\t\t\n<h3>TILBEH\u00d8R<\/h3>\n<p>Det finnes mye smart tilbeh\u00f8r avhengig av hva du skal vakuumere. Vi har poser, ruller og matbokser i ulike st\u00f8rrelser.<\/p>\n<p>Husk \u2013 Glidel\u00e5sposene kan vaskes og brukes p\u00e5 nytt. Smart ikke sant?!<\/p>\n\t\t\n<style>\n#text-3704149740 {\n  font-size: 1.1rem;\n}\n<\/style>\n\t<\/div>\n\t\n\t\t<\/div>\n\t\t\t\t\n<style>\n#col-1339483449 > .col-inner {\n  padding: 20% 10% 20% 10%;\n}\n@media (min-width:550px) {\n  #col-1339483449 > .col-inner {\n    padding: 0px 10% 0px 10%;\n  }\n}\n@media (min-width:850px) {\n  #col-1339483449 > .col-inner {\n    padding: 0px 10% 0px 10%;\n  }\n}\n<\/style>\n\t<\/div>\n\n\t\n\n\t<div id=\"col-1951934081\" class=\"col medium-6 small-12 large-6 small-col-first\"  >\n\t\t\t\t<div class=\"col-inner\"  >\n\t\t\t\n\t\t\t\n\t<div class=\"img has-hover x md-x lg-x y md-y lg-y\" id=\"image_22223497\">\n\t\t<a class=\"\" href=\"https:\/\/foodsaver-nordic.com\/no\/alle-vakuumpakere-tillbehor\/?yith_wcan=1&#038;product_cat=matlador,pasar\">\t\t\t\t\t\t<div class=\"img-inner image-cover dark\" style=\"padding-top:56.25%;\">\n\t\t\t<img loading=\"lazy\" decoding=\"async\" width=\"1020\" height=\"453\" src=\"https:\/\/foodsaver-nordic.com\/wp-content\/uploads\/2021\/07\/tillbehor-1024x455.jpg\" class=\"attachment-large size-large\" alt=\"\" srcset=\"https:\/\/foodsaver-nordic.com\/wp-content\/uploads\/2021\/07\/tillbehor-1024x455.jpg 1024w, https:\/\/foodsaver-nordic.com\/wp-content\/uploads\/2021\/07\/tillbehor-300x133.jpg 300w, https:\/\/foodsaver-nordic.com\/wp-content\/uploads\/2021\/07\/tillbehor-768x341.jpg 768w, https:\/\/foodsaver-nordic.com\/wp-content\/uploads\/2021\/07\/tillbehor-1536x682.jpg 1536w, https:\/\/foodsaver-nordic.com\/wp-content\/uploads\/2021\/07\/tillbehor-2048x910.jpg 2048w, https:\/\/foodsaver-nordic.com\/wp-content\/uploads\/2021\/07\/tillbehor-1920x853.jpg 1920w\" sizes=\"auto, (max-width: 1020px) 100vw, 1020px\" \/>\t\t\t\t\t\t\n\t\t\t\t\t<\/div>\n\t\t\t\t\t\t<\/a>\t\t\n<style>\n#image_22223497 {\n  width: 100%;\n}\n<\/style>\n\t<\/div>\n\t\n\t\t<\/div>\n\t\t\t\t\t<\/div>\n\n\t\n<\/div>\n<div class=\"row row-collapse align-middle lightgreen-bg\"  id=\"row-1870695646\">\n\n\t<div id=\"col-1616508900\" class=\"col medium-6 small-12 large-6 small-col-first\"  >\n\t\t\t\t<div class=\"col-inner\"  >\n\t\t\t\n\t\t\t\n\t<div class=\"img has-hover x md-x lg-x y md-y lg-y\" id=\"image_624063146\">\n\t\t\t\t\t\t\t\t<div class=\"img-inner image-cover dark\" style=\"padding-top:56.25%;\">\n\t\t\t<img loading=\"lazy\" decoding=\"async\" width=\"1020\" height=\"943\" src=\"https:\/\/foodsaver-nordic.com\/wp-content\/uploads\/2021\/05\/201894456-Foodsaver_HP_50-50_Desk_C4-1024x947.jpeg\" class=\"attachment-large size-large\" alt=\"\" srcset=\"https:\/\/foodsaver-nordic.com\/wp-content\/uploads\/2021\/05\/201894456-Foodsaver_HP_50-50_Desk_C4-1024x947.jpeg 1024w, https:\/\/foodsaver-nordic.com\/wp-content\/uploads\/2021\/05\/201894456-Foodsaver_HP_50-50_Desk_C4-1200x1110.jpeg 1200w, https:\/\/foodsaver-nordic.com\/wp-content\/uploads\/2021\/05\/201894456-Foodsaver_HP_50-50_Desk_C4-300x278.jpeg 300w, https:\/\/foodsaver-nordic.com\/wp-content\/uploads\/2021\/05\/201894456-Foodsaver_HP_50-50_Desk_C4-768x710.jpeg 768w, https:\/\/foodsaver-nordic.com\/wp-content\/uploads\/2021\/05\/201894456-Foodsaver_HP_50-50_Desk_C4.jpeg 1440w\" sizes=\"auto, (max-width: 1020px) 100vw, 1020px\" \/>\t\t\t\t\t\t\n\t\t\t\t\t<\/div>\n\t\t\t\t\t\t\t\t\n<style>\n#image_624063146 {\n  width: 100%;\n}\n<\/style>\n\t<\/div>\n\t\n\t\t<\/div>\n\t\t\t\t\t<\/div>\n\n\t\n\n\t<div id=\"col-1497818513\" class=\"col medium-6 small-12 large-6\"  >\n\t\t\t\t<div class=\"col-inner text-left dark\"  >\n\t\t\t\n\t\t\t\n\t<div id=\"text-2833524696\" class=\"text\">\n\t\t\n<p>Har du enn\u00e5 ikke blitt overbevist om hvor smart det er \u00e5 vakuumere? Er det ikke grunn nok at man er milj\u00f8vennlig, sparer tid og penger og kan trylle frem gode smaker? Da kan vi bare be deg komme tilbake n\u00e5r du er klar \u2013 du er alltid velkommen hit.<\/p>\n\t\t\n<style>\n#text-2833524696 {\n  font-size: 1.1rem;\n}\n<\/style>\n\t<\/div>\n\t\n\t\t<\/div>\n\t\t\t\t\n<style>\n#col-1497818513 > .col-inner {\n  padding: 20% 10% 20% 10%;\n}\n@media (min-width:550px) {\n  #col-1497818513 > .col-inner {\n    padding: 0px 10% 0px 10%;\n  }\n}\n@media (min-width:850px) {\n  #col-1497818513 > .col-inner {\n    padding: 0px 10% 0px 10%;\n  }\n}\n<\/style>\n\t<\/div>\n\n\t\n<\/div>\n\t\t<\/div>\n\n\t\t\n<style>\n#section_1783766658 {\n  padding-top: 0px;\n  padding-bottom: 0px;\n}\n@media (min-width:550px) {\n  #section_1783766658 {\n    padding-top: 0px;\n    padding-bottom: 0px;\n  }\n}\n<\/style>\n\t<\/section>\n\t\n","protected":false},"excerpt":{"rendered":"","protected":false},"author":1,"featured_media":0,"parent":0,"menu_order":0,"comment_status":"closed","ping_status":"closed","template":"page-blank.php","meta":{"_acf_changed":false,"footnotes":""},"class_list":["post-5304","page","type-page","status-publish","hentry"],"acf":[],"_links":{"self":[{"href":"https:\/\/foodsaver-nordic.com\/no\/wp-json\/wp\/v2\/pages\/5304","targetHints":{"allow":["GET"]}}],"collection":[{"href":"https:\/\/foodsaver-nordic.com\/no\/wp-json\/wp\/v2\/pages"}],"about":[{"href":"https:\/\/foodsaver-nordic.com\/no\/wp-json\/wp\/v2\/types\/page"}],"author":[{"embeddable":true,"href":"https:\/\/foodsaver-nordic.com\/no\/wp-json\/wp\/v2\/users\/1"}],"replies":[{"embeddable":true,"href":"https:\/\/foodsaver-nordic.com\/no\/wp-json\/wp\/v2\/comments?post=5304"}],"version-history":[{"count":4,"href":"https:\/\/foodsaver-nordic.com\/no\/wp-json\/wp\/v2\/pages\/5304\/revisions"}],"predecessor-version":[{"id":5608,"href":"https:\/\/foodsaver-nordic.com\/no\/wp-json\/wp\/v2\/pages\/5304\/revisions\/5608"}],"wp:attachment":[{"href":"https:\/\/foodsaver-nordic.com\/no\/wp-json\/wp\/v2\/media?parent=5304"}],"curies":[{"name":"wp","href":"https:\/\/api.w.org\/{rel}","templated":true}]}}