{"id":5284,"date":"2021-06-30T10:06:32","date_gmt":"2021-06-30T10:06:32","guid":{"rendered":"https:\/\/foodsaver-nordic.com\/foodsaver-3190x\/"},"modified":"2021-09-21T14:26:32","modified_gmt":"2021-09-21T14:26:32","slug":"foodsaver-3190x","status":"publish","type":"product","link":"https:\/\/foodsaver-nordic.com\/no\/foodsaver-3190x\/","title":{"rendered":"FoodSaver 3190X"},"content":{"rendered":"<h2>Fordeler med 3190X<\/h2>\n<ul>\n<li>Fire forh\u00e5ndsinnstilte alternativer til t\u00f8rr mat, fuktig\/myk mat, pulsfunksjon og sous vide<\/li>\n<li>Innebygd oppbevaring av plastruller<\/li>\n<li>Integrert skj\u00e6reanordning<\/li>\n<li>Ekstra rask posefabrikasjon <\/li>\n<li>Port til bruk med FoodSaver-tilbeh\u00f8r<\/li>\n<li>Pulsfunksjon for h\u00f8yere presisjon<\/li>\n<li>Marineringsmodus for rask smakinfusjon<\/li>\n<li>Til b\u00e5de fuktig og t\u00f8rr mat<\/li>\n<li>Forh\u00f8yet tetningsvinkel, praktisk til v\u00e6ske<\/li>\n<li>Alltid 2 \u00e5rs garanti<\/li>\n<\/ul>\n<h3>Rek. pris: 2 295:-<\/h3>\n","protected":false},"excerpt":{"rendered":"<h2>Vakuumpakker til sous vide<\/h2>\n<p><strong>FoodSaver V3190X<\/strong> er en kraftig og allsidig vakuumpakker. Med fire forh\u00e5ndsinnstilte alternativer tilpasset t\u00f8rr mat, myk\/fuktig mat, puls for \u00f8mfintlig mat og sous vide. Med vakuumteknikk t\u00f8mmes pakningen for luft for \u00e5 skape en lufttett forsegling som gj\u00f8r at maten holder seg frisk inntil fem ganger lengre sammenlignet med vanlige oppbevaringsmetoder. Den innebygde posejusteringsfunksjonen p\u00e5 baksiden av dryppebrettet s\u00f8rger for at posen ikke lukkes feil ved \u00e5 sikre korrekt plassering hver gang. Med et knappetrykk fjerner kraftig vakuumteknikk luft fra posen og skaper en helt lufttett lukking. Det pene, moderne og kompakte designet gj\u00f8r at du gjerne lar FoodSaver V3190X st\u00e5 fremme p\u00e5 kj\u00f8kkenet \u2013 alltid parat.<\/p>\n<p><strong>Startkit medf\u00f8lger<\/strong>: 1x 28 cm av 3 m rull. 2x sm\u00e5 poser. 2x store poser.  2x vakuumposer med glidel\u00e5s 950 l. 2x vakuumposer med glidel\u00e5s 3,79 l \u2013 Nyhet<\/p>\n","protected":false},"featured_media":6121,"template":"","meta":{"_acf_changed":false},"product_brand":[],"product_cat":[114],"product_tag":[],"class_list":{"0":"post-5284","1":"product","2":"type-product","3":"status-publish","4":"has-post-thumbnail","6":"product_cat-vakuumpakkere","7":"pa_anvandning-for-den-travle","8":"pa_anvandning-for-jegeren","9":"pa_anvandning-for-smakselskeren","10":"pa_funktioner-innebygd-skjaerefunksjon","11":"pa_funktioner-integrert-oppbevaring-av-rull","12":"pa_funktioner-marineringsfunksjon","13":"pa_funktioner-myk-eller-omtalig-mat","14":"pa_funktioner-pulsfunksjon","16":"first","17":"instock","18":"shipping-taxable","19":"product-type-external"},"acf":[],"_links":{"self":[{"href":"https:\/\/foodsaver-nordic.com\/no\/wp-json\/wp\/v2\/product\/5284","targetHints":{"allow":["GET"]}}],"collection":[{"href":"https:\/\/foodsaver-nordic.com\/no\/wp-json\/wp\/v2\/product"}],"about":[{"href":"https:\/\/foodsaver-nordic.com\/no\/wp-json\/wp\/v2\/types\/product"}],"wp:featuredmedia":[{"embeddable":true,"href":"https:\/\/foodsaver-nordic.com\/no\/wp-json\/wp\/v2\/media\/6121"}],"wp:attachment":[{"href":"https:\/\/foodsaver-nordic.com\/no\/wp-json\/wp\/v2\/media?parent=5284"}],"wp:term":[{"taxonomy":"product_brand","embeddable":true,"href":"https:\/\/foodsaver-nordic.com\/no\/wp-json\/wp\/v2\/product_brand?post=5284"},{"taxonomy":"product_cat","embeddable":true,"href":"https:\/\/foodsaver-nordic.com\/no\/wp-json\/wp\/v2\/product_cat?post=5284"},{"taxonomy":"product_tag","embeddable":true,"href":"https:\/\/foodsaver-nordic.com\/no\/wp-json\/wp\/v2\/product_tag?post=5284"}],"curies":[{"name":"wp","href":"https:\/\/api.w.org\/{rel}","templated":true}]}}