{"id":5433,"date":"2021-06-30T10:16:49","date_gmt":"2021-06-30T10:16:49","guid":{"rendered":"https:\/\/foodsaver-nordic.com\/foodsaver-fresh-container-18-l\/"},"modified":"2021-06-30T10:16:49","modified_gmt":"2021-06-30T10:16:49","slug":"foodsaver-fresh-container-18-l","status":"publish","type":"product","link":"https:\/\/foodsaver-nordic.com\/no\/foodsaver-fresh-container-18-l\/","title":{"rendered":"FoodSaver Fresh Container 1,8 L"},"content":{"rendered":"<ul>\n<li>Produsert i robust Tritan-plastt<\/li>\n<li>Kompatible med alle FoodSaver vakuumpakkere<\/li>\n<li>Ripebestandig<\/li>\n<li>Lukt- og flekkbestandig<\/li>\n<li>T\u00e5ler oppvaskmaskin og mikrob\u00f8lgeovn<\/li>\n<li>Kan stables<\/li>\n<\/ul>\n<h3>Rek. pris: 199:-<\/h3>\n<p>&nbsp;<\/p>\n","protected":false},"excerpt":{"rendered":"<p>Oppbevaringsboks 1,8 liter til FoodSaver vakuumpakker. Brukes til milj\u00f8bevisst oppbevaring av alle typer mat. Utmerket n\u00e5r du vil ta vare p\u00e5 rester.  Oppbevaring med vakuum gir dobbel s\u00e5 lang holdbarhet i kj\u00f8leskapet og fem ganger lengre i fryseren. Plasten inneholder ikke BPA, og boksene er ripebestandige og luktavst\u00f8tende og fungerer utmerket med alle FoodSaver vakuumpakkere.<\/p>\n","protected":false},"featured_media":4830,"template":"","meta":{"_acf_changed":false},"product_brand":[],"product_cat":[112],"product_tag":[],"class_list":{"0":"post-5433","1":"product","2":"type-product","3":"status-publish","4":"has-post-thumbnail","6":"product_cat-matbokser","7":"pa_anvandning-for-den-miljovennlige","8":"pa_anvandning-for-den-travle","9":"pa_anvandning-for-smakselskeren","11":"first","12":"instock","13":"shipping-taxable","14":"product-type-external"},"acf":[],"_links":{"self":[{"href":"https:\/\/foodsaver-nordic.com\/no\/wp-json\/wp\/v2\/product\/5433","targetHints":{"allow":["GET"]}}],"collection":[{"href":"https:\/\/foodsaver-nordic.com\/no\/wp-json\/wp\/v2\/product"}],"about":[{"href":"https:\/\/foodsaver-nordic.com\/no\/wp-json\/wp\/v2\/types\/product"}],"wp:featuredmedia":[{"embeddable":true,"href":"https:\/\/foodsaver-nordic.com\/no\/wp-json\/wp\/v2\/media\/4830"}],"wp:attachment":[{"href":"https:\/\/foodsaver-nordic.com\/no\/wp-json\/wp\/v2\/media?parent=5433"}],"wp:term":[{"taxonomy":"product_brand","embeddable":true,"href":"https:\/\/foodsaver-nordic.com\/no\/wp-json\/wp\/v2\/product_brand?post=5433"},{"taxonomy":"product_cat","embeddable":true,"href":"https:\/\/foodsaver-nordic.com\/no\/wp-json\/wp\/v2\/product_cat?post=5433"},{"taxonomy":"product_tag","embeddable":true,"href":"https:\/\/foodsaver-nordic.com\/no\/wp-json\/wp\/v2\/product_tag?post=5433"}],"curies":[{"name":"wp","href":"https:\/\/api.w.org\/{rel}","templated":true}]}}