{"id":5449,"date":"2021-06-30T09:58:15","date_gmt":"2021-06-30T09:58:15","guid":{"rendered":"https:\/\/foodsaver-nordic.com\/foodsaver-compact\/"},"modified":"2021-06-30T09:58:15","modified_gmt":"2021-06-30T09:58:15","slug":"foodsaver-compact","status":"publish","type":"product","link":"https:\/\/foodsaver-nordic.com\/no\/foodsaver-compact\/","title":{"rendered":"FoodSaver Compact"},"content":{"rendered":"<ul>\n<li>Forsegler med eller uten vakuum<\/li>\n<li>H\u00e5ndteres raskt og enkelt med et h\u00e5ndgrep<\/li>\n<li>Brukes med 20 cm brede poser og ruller<\/li>\n<li>Port til bruk med FoodSaver-tilbeh\u00f8r<\/li>\n<li>Dryppebrett som t\u00e5ler oppvaskmaskin<\/li>\n<li>Alltid 2 \u00e5rs garanti<\/li>\n<\/ul>\n<h3>Rek. pris: 1 199:-<\/h3>\n","protected":false},"excerpt":{"rendered":"<p><strong>FoodSaver Compact<\/strong> er en ny og mindre modell som enkelt f\u00e5r plass p\u00e5 kj\u00f8kkenbenken. En lufttett vakuumforsegling holder maten frisk inntil fem ganger lengre i fryseren. Bevar sommerens dufter og smaker til en kald vinterdag, og tilbered sesonginspirerte m\u00e5ltider hele \u00e5ret! Vakuumpakkeren h\u00e5ndteres raskt og enkelt med et h\u00e5ndgrep. FoodSaver Compact har to alternativer: forsegling med eller uten vakuum og fungerer med 20 cm brede ruller og poser. Den kan ogs\u00e5 bruke Fresh-tilbeh\u00f8r som Fresh-beholdere og glidel\u00e5sposer som kan gjenbrukes.<\/p>\n<p><strong>Startsett medf\u00f8lger:<\/strong> 5 stk. poser \u00e0 0,94 l, 1 stk. plastrull 20 cm x 6,7 m<\/p>\n","protected":false},"featured_media":5830,"template":"","meta":{"_acf_changed":false},"product_brand":[],"product_cat":[114],"product_tag":[],"class_list":{"0":"post-5449","1":"product","2":"type-product","3":"status-publish","4":"has-post-thumbnail","6":"product_cat-vakuumpakkere","7":"pa_anvandning-for-smakselskeren","9":"first","10":"instock","11":"shipping-taxable","12":"product-type-external"},"acf":[],"_links":{"self":[{"href":"https:\/\/foodsaver-nordic.com\/no\/wp-json\/wp\/v2\/product\/5449","targetHints":{"allow":["GET"]}}],"collection":[{"href":"https:\/\/foodsaver-nordic.com\/no\/wp-json\/wp\/v2\/product"}],"about":[{"href":"https:\/\/foodsaver-nordic.com\/no\/wp-json\/wp\/v2\/types\/product"}],"wp:featuredmedia":[{"embeddable":true,"href":"https:\/\/foodsaver-nordic.com\/no\/wp-json\/wp\/v2\/media\/5830"}],"wp:attachment":[{"href":"https:\/\/foodsaver-nordic.com\/no\/wp-json\/wp\/v2\/media?parent=5449"}],"wp:term":[{"taxonomy":"product_brand","embeddable":true,"href":"https:\/\/foodsaver-nordic.com\/no\/wp-json\/wp\/v2\/product_brand?post=5449"},{"taxonomy":"product_cat","embeddable":true,"href":"https:\/\/foodsaver-nordic.com\/no\/wp-json\/wp\/v2\/product_cat?post=5449"},{"taxonomy":"product_tag","embeddable":true,"href":"https:\/\/foodsaver-nordic.com\/no\/wp-json\/wp\/v2\/product_tag?post=5449"}],"curies":[{"name":"wp","href":"https:\/\/api.w.org\/{rel}","templated":true}]}}