{"id":5452,"date":"2021-06-30T09:56:30","date_gmt":"2021-06-30T09:56:30","guid":{"rendered":"https:\/\/foodsaver-nordic.com\/vakuumkorker\/"},"modified":"2021-06-30T09:56:30","modified_gmt":"2021-06-30T09:56:30","slug":"vakuumkorker","status":"publish","type":"product","link":"https:\/\/foodsaver-nordic.com\/no\/vakuumkorker\/","title":{"rendered":"Vakuumkorker"},"content":{"rendered":"<ul>\n<li>Lufttette og luktfrie<\/li>\n<li>Kan vaskes i maskin<\/li>\n<li>Perfekt n\u00e5r du har vin, oljer, eddik eller ekstrakter til overs<\/li>\n<\/ul>\n<h3>Rek. pris: 129:-<\/h3>\n","protected":false},"excerpt":{"rendered":"<p>Flaskekorker til FoodSaver vakuumpakker. Forsegler vin, oljer og ekstrakter, slik at de holder seg friske lengre. Forlenger innholdets holdbarhet ved \u00e5 stenke luftene ute. Flaskekorkene kan brukes p\u00e5 de fleste standardflasker. Pakningen inneholder 3 stk. flaskekorker i p\u00e5litelig plast uten BPA. <\/p>\n","protected":false},"featured_media":4803,"template":"","meta":{"_acf_changed":false},"product_brand":[],"product_cat":[19],"product_tag":[],"class_list":{"0":"post-5452","1":"product","2":"type-product","3":"status-publish","4":"has-post-thumbnail","6":"product_cat-vakuumforpackare","7":"pa_anvandning-for-den-miljovennlige","8":"pa_anvandning-for-smakselskeren","10":"first","11":"instock","12":"shipping-taxable","13":"product-type-external"},"acf":[],"_links":{"self":[{"href":"https:\/\/foodsaver-nordic.com\/no\/wp-json\/wp\/v2\/product\/5452","targetHints":{"allow":["GET"]}}],"collection":[{"href":"https:\/\/foodsaver-nordic.com\/no\/wp-json\/wp\/v2\/product"}],"about":[{"href":"https:\/\/foodsaver-nordic.com\/no\/wp-json\/wp\/v2\/types\/product"}],"wp:featuredmedia":[{"embeddable":true,"href":"https:\/\/foodsaver-nordic.com\/no\/wp-json\/wp\/v2\/media\/4803"}],"wp:attachment":[{"href":"https:\/\/foodsaver-nordic.com\/no\/wp-json\/wp\/v2\/media?parent=5452"}],"wp:term":[{"taxonomy":"product_brand","embeddable":true,"href":"https:\/\/foodsaver-nordic.com\/no\/wp-json\/wp\/v2\/product_brand?post=5452"},{"taxonomy":"product_cat","embeddable":true,"href":"https:\/\/foodsaver-nordic.com\/no\/wp-json\/wp\/v2\/product_cat?post=5452"},{"taxonomy":"product_tag","embeddable":true,"href":"https:\/\/foodsaver-nordic.com\/no\/wp-json\/wp\/v2\/product_tag?post=5452"}],"curies":[{"name":"wp","href":"https:\/\/api.w.org\/{rel}","templated":true}]}}