{"id":5455,"date":"2021-06-30T09:53:45","date_gmt":"2021-06-30T09:53:45","guid":{"rendered":"https:\/\/foodsaver-nordic.com\/vakuumeringsboks-21-l\/"},"modified":"2021-06-30T09:53:45","modified_gmt":"2021-06-30T09:53:45","slug":"vakuumeringsboks-21-l","status":"publish","type":"product","link":"https:\/\/foodsaver-nordic.com\/no\/vakuumeringsboks-21-l\/","title":{"rendered":"Vakuumeringsboks 2,1 L"},"content":{"rendered":"<ul>\n<li>Inneholder ikke BPA<\/li>\n<li>Ripebestandig<\/li>\n<li>Lukt- og flekkbestandig<\/li>\n<li>T\u00e5ler oppvaskmaskin<\/li>\n<li>T\u00e5ler mikrob\u00f8lgeovn<\/li>\n<\/ul>\n<h3>Rek. pris: 329:-<\/h3>\n","protected":false},"excerpt":{"rendered":"<p><strong>Marineringsboksen rommer 2,1 liter og brukes sammen med FoodSaver vakuumpakker med marineringsfunksjon. Hvis du m\u00e5 s\u00f8rge for godt kj\u00f8tt til grillen samme kveld, s\u00e5 har du l\u00f8sningen foran deg. Vakuumboksen hurtigmarinerer kj\u00f8tt, fisk og gr\u00f8nnsaker med fantastiske smaker p\u00e5 bare noen f\u00e5 minutter. Marineringsboksen kan ogs\u00e5 brukes til tradisjonell oppbevaring. Materialet er plast uten BPA, og den t\u00e5ler b\u00e5de oppvaskmaskin og mikrob\u00f8lgeovn.<\/p>\n","protected":false},"featured_media":4800,"template":"","meta":{"_acf_changed":false},"product_brand":[],"product_cat":[112],"product_tag":[],"class_list":{"0":"post-5455","1":"product","2":"type-product","3":"status-publish","4":"has-post-thumbnail","6":"product_cat-matbokser","7":"pa_anvandning-for-jegeren","9":"first","10":"instock","11":"shipping-taxable","12":"product-type-external"},"acf":[],"_links":{"self":[{"href":"https:\/\/foodsaver-nordic.com\/no\/wp-json\/wp\/v2\/product\/5455","targetHints":{"allow":["GET"]}}],"collection":[{"href":"https:\/\/foodsaver-nordic.com\/no\/wp-json\/wp\/v2\/product"}],"about":[{"href":"https:\/\/foodsaver-nordic.com\/no\/wp-json\/wp\/v2\/types\/product"}],"wp:featuredmedia":[{"embeddable":true,"href":"https:\/\/foodsaver-nordic.com\/no\/wp-json\/wp\/v2\/media\/4800"}],"wp:attachment":[{"href":"https:\/\/foodsaver-nordic.com\/no\/wp-json\/wp\/v2\/media?parent=5455"}],"wp:term":[{"taxonomy":"product_brand","embeddable":true,"href":"https:\/\/foodsaver-nordic.com\/no\/wp-json\/wp\/v2\/product_brand?post=5455"},{"taxonomy":"product_cat","embeddable":true,"href":"https:\/\/foodsaver-nordic.com\/no\/wp-json\/wp\/v2\/product_cat?post=5455"},{"taxonomy":"product_tag","embeddable":true,"href":"https:\/\/foodsaver-nordic.com\/no\/wp-json\/wp\/v2\/product_tag?post=5455"}],"curies":[{"name":"wp","href":"https:\/\/api.w.org\/{rel}","templated":true}]}}