{"id":5458,"date":"2021-06-30T09:51:59","date_gmt":"2021-06-30T09:51:59","guid":{"rendered":"https:\/\/foodsaver-nordic.com\/vakuumposer-med-glidelas-950-ml\/"},"modified":"2021-06-30T09:51:59","modified_gmt":"2021-06-30T09:51:59","slug":"vakuumposer-med-glidelas-950-ml","status":"publish","type":"product","link":"https:\/\/foodsaver-nordic.com\/no\/vakuumposer-med-glidelas-950-ml\/","title":{"rendered":"Vakuumposer med glidel\u00e5s 950 ml"},"content":{"rendered":"<ul>\n<li>Inneholder ikke BPA<\/li>\n<li>Sterk lukking som kan \u00e5pnes og lukkes flere ganger<\/li>\n<li>Hindrer frostskader<\/li>\n<li>T\u00e5ler kj\u00f8leskap og fryser<\/li>\n<\/ul>\n<h3>Rek. pris: 229:-<\/h3>\n","protected":false},"excerpt":{"rendered":"<p>Glidel\u00e5sposer som kan brukes flere ganger, 950 ml til FoodSaver vakuumpakker. Forlenger holdbarheten p\u00e5 ferske matvarer og passer utmerket til for eksempel oppsk\u00e5ret p\u00e5legg og hard ost. Posene er produsert i slitesterk plast (inneholder ikke BPA) i flere lag som sikrer at maten holder seg frisk lengre. Pakningen inneholder 26 stk. glidel\u00e5sposer som rommer 950 ml. <\/p>\n","protected":false},"featured_media":4797,"template":"","meta":{"_acf_changed":false},"product_brand":[],"product_cat":[113],"product_tag":[],"class_list":{"0":"post-5458","1":"product","2":"type-product","3":"status-publish","4":"has-post-thumbnail","6":"product_cat-poser","7":"pa_anvandning-for-den-miljovennlige","8":"pa_anvandning-for-den-travle","10":"first","11":"instock","12":"shipping-taxable","13":"product-type-external"},"acf":[],"_links":{"self":[{"href":"https:\/\/foodsaver-nordic.com\/no\/wp-json\/wp\/v2\/product\/5458","targetHints":{"allow":["GET"]}}],"collection":[{"href":"https:\/\/foodsaver-nordic.com\/no\/wp-json\/wp\/v2\/product"}],"about":[{"href":"https:\/\/foodsaver-nordic.com\/no\/wp-json\/wp\/v2\/types\/product"}],"wp:featuredmedia":[{"embeddable":true,"href":"https:\/\/foodsaver-nordic.com\/no\/wp-json\/wp\/v2\/media\/4797"}],"wp:attachment":[{"href":"https:\/\/foodsaver-nordic.com\/no\/wp-json\/wp\/v2\/media?parent=5458"}],"wp:term":[{"taxonomy":"product_brand","embeddable":true,"href":"https:\/\/foodsaver-nordic.com\/no\/wp-json\/wp\/v2\/product_brand?post=5458"},{"taxonomy":"product_cat","embeddable":true,"href":"https:\/\/foodsaver-nordic.com\/no\/wp-json\/wp\/v2\/product_cat?post=5458"},{"taxonomy":"product_tag","embeddable":true,"href":"https:\/\/foodsaver-nordic.com\/no\/wp-json\/wp\/v2\/product_tag?post=5458"}],"curies":[{"name":"wp","href":"https:\/\/api.w.org\/{rel}","templated":true}]}}