{"id":5461,"date":"2021-06-30T09:50:36","date_gmt":"2021-06-30T09:50:36","guid":{"rendered":"https:\/\/foodsaver-nordic.com\/vatskeblockerande-pasar-950-ml\/"},"modified":"2021-06-30T09:50:36","modified_gmt":"2021-06-30T09:50:36","slug":"vatskeblockerande-pasar-950-ml","status":"publish","type":"product","link":"https:\/\/foodsaver-nordic.com\/no\/vatskeblockerande-pasar-950-ml\/","title":{"rendered":"Vakuumposer, v\u00e6skeblokkerende 950 ml"},"content":{"rendered":"<ul>\n<li>Rommer 950 ml<\/li>\n<li>Gir en sterk forsegling<\/li>\n<li>Hindrer frostskader<\/li>\n<li>Blokkerer syre og fukt<\/li>\n<li>Inneholder ikke BPA<\/li>\n<\/ul>\n<h3>Rek. pris: 299:-<\/h3>\n","protected":false},"excerpt":{"rendered":"<p>V\u00e6skeblokkerende poser til FoodSaver vakuumpakker. Det selvf\u00f8lgelige valget ved vakuumering av saftige og fuktige matvarer. De v\u00e6skeblokkerende remsene hinder at fukt slipper ut av posen, noe som gir en sterk og ren lukning uten s\u00f8l. Perfekt til oppbevaring av marinert mat, r\u00e5tt kj\u00f8tt og fuktige matrester uten \u00e5 m\u00e5tte risikere lekkasje. Plasten inneholder ikke BPA, og i pakningen inneholder 12 stk. ferdige poser som rommer 960 ml.<\/p>\n","protected":false},"featured_media":4794,"template":"","meta":{"_acf_changed":false},"product_brand":[],"product_cat":[113],"product_tag":[],"class_list":{"0":"post-5461","1":"product","2":"type-product","3":"status-publish","4":"has-post-thumbnail","6":"product_cat-poser","7":"pa_anvandning-for-den-miljovennlige","8":"pa_anvandning-for-den-travle","10":"first","11":"instock","12":"shipping-taxable","13":"purchasable","14":"product-type-simple"},"acf":[],"_links":{"self":[{"href":"https:\/\/foodsaver-nordic.com\/no\/wp-json\/wp\/v2\/product\/5461","targetHints":{"allow":["GET"]}}],"collection":[{"href":"https:\/\/foodsaver-nordic.com\/no\/wp-json\/wp\/v2\/product"}],"about":[{"href":"https:\/\/foodsaver-nordic.com\/no\/wp-json\/wp\/v2\/types\/product"}],"wp:featuredmedia":[{"embeddable":true,"href":"https:\/\/foodsaver-nordic.com\/no\/wp-json\/wp\/v2\/media\/4794"}],"wp:attachment":[{"href":"https:\/\/foodsaver-nordic.com\/no\/wp-json\/wp\/v2\/media?parent=5461"}],"wp:term":[{"taxonomy":"product_brand","embeddable":true,"href":"https:\/\/foodsaver-nordic.com\/no\/wp-json\/wp\/v2\/product_brand?post=5461"},{"taxonomy":"product_cat","embeddable":true,"href":"https:\/\/foodsaver-nordic.com\/no\/wp-json\/wp\/v2\/product_cat?post=5461"},{"taxonomy":"product_tag","embeddable":true,"href":"https:\/\/foodsaver-nordic.com\/no\/wp-json\/wp\/v2\/product_tag?post=5461"}],"curies":[{"name":"wp","href":"https:\/\/api.w.org\/{rel}","templated":true}]}}