{"id":5476,"date":"2021-06-30T09:31:39","date_gmt":"2021-06-30T09:31:39","guid":{"rendered":"https:\/\/foodsaver-nordic.com\/foodsaver-ffs016x\/"},"modified":"2021-06-30T09:31:39","modified_gmt":"2021-06-30T09:31:39","slug":"foodsaver-ffs016x","status":"publish","type":"product","link":"https:\/\/foodsaver-nordic.com\/no\/foodsaver-ffs016x\/","title":{"rendered":"FoodSaver FFS016X"},"content":{"rendered":"<ul>\n<li>Innebygd oppbevaring av plastruller<\/li>\n<li>Integrert skj\u00e6reanordning<\/li>\n<li>Sikker l\u00e5se- og sperremekanisme<\/li>\n<li>Tre ulike forseglingsalternativer<\/li>\n<li>Port til bruk med FoodSaver-tilbeh\u00f8r<\/li>\n<li>Dryppebrett som t\u00e5ler oppvaskmaskin<\/li>\n<li>Alltid 2 \u00e5rs garanti<\/li>\n<\/ul>\n<h3>Rek. pris: 1 495:-<\/h3>\n","protected":false},"excerpt":{"rendered":"<h2>Passer til alle behov<\/h2>\n<p><strong>FoodSaver FFS016<\/strong> er mer allsidig og tilbyr flere typer vakuumpakking. Med vakuumteknikk t\u00f8mmes pakningen for luft for \u00e5 skape en lufttett forsegling som gj\u00f8r at maten holder seg frisk lengre. Med innebygd oppbevaring av plastruller og integrert skj\u00e6reanordning er det enkelt \u00e5 tilpasse posenes st\u00f8rrelse.<\/p>\n<p><strong>FFS016<\/strong> har tre ulike forseglingsalternativer: med eller uten vakuum samt et alternativ for mat som inneholder mye v\u00e6ske, der et dryppebrett fanger opp overfl\u00f8dig fuktighet. Det kompakte designet gj\u00f8r at maskinen kan oppbevares st\u00e5ende, slik at den tar liten plass.<\/p>\n<p><strong>Startsett medf\u00f8lger:<\/strong> 5 stk. poser \u00e0 0,94 l, 5 stk. poser \u00e0 3,78 l, 1 stk. plastrull 28 cm x 3 m<\/p>\n","protected":false},"featured_media":4761,"template":"","meta":{"_acf_changed":false},"product_brand":[],"product_cat":[114],"product_tag":[],"class_list":{"0":"post-5476","1":"product","2":"type-product","3":"status-publish","4":"has-post-thumbnail","6":"product_cat-vakuumpakkere","8":"first","9":"instock","10":"shipping-taxable","11":"purchasable","12":"product-type-simple"},"acf":[],"_links":{"self":[{"href":"https:\/\/foodsaver-nordic.com\/no\/wp-json\/wp\/v2\/product\/5476","targetHints":{"allow":["GET"]}}],"collection":[{"href":"https:\/\/foodsaver-nordic.com\/no\/wp-json\/wp\/v2\/product"}],"about":[{"href":"https:\/\/foodsaver-nordic.com\/no\/wp-json\/wp\/v2\/types\/product"}],"wp:featuredmedia":[{"embeddable":true,"href":"https:\/\/foodsaver-nordic.com\/no\/wp-json\/wp\/v2\/media\/4761"}],"wp:attachment":[{"href":"https:\/\/foodsaver-nordic.com\/no\/wp-json\/wp\/v2\/media?parent=5476"}],"wp:term":[{"taxonomy":"product_brand","embeddable":true,"href":"https:\/\/foodsaver-nordic.com\/no\/wp-json\/wp\/v2\/product_brand?post=5476"},{"taxonomy":"product_cat","embeddable":true,"href":"https:\/\/foodsaver-nordic.com\/no\/wp-json\/wp\/v2\/product_cat?post=5476"},{"taxonomy":"product_tag","embeddable":true,"href":"https:\/\/foodsaver-nordic.com\/no\/wp-json\/wp\/v2\/product_tag?post=5476"}],"curies":[{"name":"wp","href":"https:\/\/api.w.org\/{rel}","templated":true}]}}