{"id":5479,"date":"2021-06-30T09:29:29","date_gmt":"2021-06-30T09:29:29","guid":{"rendered":"https:\/\/foodsaver-nordic.com\/foodsaver-ffs014x\/"},"modified":"2021-11-12T07:11:05","modified_gmt":"2021-11-12T07:11:05","slug":"foodsaver-ffs014x","status":"publish","type":"product","link":"https:\/\/foodsaver-nordic.com\/no\/foodsaver-ffs014x\/","title":{"rendered":"FoodSaver FFS014X"},"content":{"rendered":"<ul>\n<li>Enkel l\u00e5se- og sperremekanisme<\/li>\n<li>Dryppebrett som t\u00e5ler oppvaskmaskin<\/li>\n<li>Port til bruk med FoodSaver-tilbeh\u00f8r<\/li>\n<li>F\u00e5r plass p\u00e5 kj\u00f8kkenbenken<\/li>\n<li>Alltid 2 \u00e5rs garanti<\/li>\n<\/ul>\n<h3><\/h3>\n","protected":false},"excerpt":{"rendered":"<h2>Den enkleste modellen f\u00e5r et l\u00f8ft<\/h2>\n<p><strong>FoodSaver FFS014<\/strong> er v\u00e5r enkleste modell, og med sitt kompakte design f\u00e5r den alltid plass p\u00e5 kj\u00f8kkenbenken. T\u00f8mmer og forsegler plastposer med en lufttett forsegling som holder maten frisk fem ganger lengre enn ved vanlig oppbevaring i fryseren.<\/p>\n<p><strong>FFS014<\/strong> har en port til bruk med FoodSaver-tilbeh\u00f8r, men den kan ogs\u00e5 bruk Fresh-tilbeh\u00f8r som Fresh-beholdere og glidel\u00e5sposer som kan gjenbrukes.<\/p>\n<p><strong>Startsett medf\u00f8lger:<\/strong> 5 stk. poser \u00e0 0,94 l, 5 stk. poser \u00e0 3,78 l<\/p>\n","protected":false},"featured_media":5184,"template":"","meta":{"_acf_changed":false},"product_brand":[],"product_cat":[114],"product_tag":[],"class_list":{"0":"post-5479","1":"product","2":"type-product","3":"status-publish","4":"has-post-thumbnail","6":"product_cat-vakuumpakkere","8":"first","9":"instock","10":"shipping-taxable","11":"product-type-external"},"acf":[],"_links":{"self":[{"href":"https:\/\/foodsaver-nordic.com\/no\/wp-json\/wp\/v2\/product\/5479","targetHints":{"allow":["GET"]}}],"collection":[{"href":"https:\/\/foodsaver-nordic.com\/no\/wp-json\/wp\/v2\/product"}],"about":[{"href":"https:\/\/foodsaver-nordic.com\/no\/wp-json\/wp\/v2\/types\/product"}],"wp:featuredmedia":[{"embeddable":true,"href":"https:\/\/foodsaver-nordic.com\/no\/wp-json\/wp\/v2\/media\/5184"}],"wp:attachment":[{"href":"https:\/\/foodsaver-nordic.com\/no\/wp-json\/wp\/v2\/media?parent=5479"}],"wp:term":[{"taxonomy":"product_brand","embeddable":true,"href":"https:\/\/foodsaver-nordic.com\/no\/wp-json\/wp\/v2\/product_brand?post=5479"},{"taxonomy":"product_cat","embeddable":true,"href":"https:\/\/foodsaver-nordic.com\/no\/wp-json\/wp\/v2\/product_cat?post=5479"},{"taxonomy":"product_tag","embeddable":true,"href":"https:\/\/foodsaver-nordic.com\/no\/wp-json\/wp\/v2\/product_tag?post=5479"}],"curies":[{"name":"wp","href":"https:\/\/api.w.org\/{rel}","templated":true}]}}