{"id":5482,"date":"2021-06-30T09:26:57","date_gmt":"2021-06-30T09:26:57","guid":{"rendered":"https:\/\/foodsaver-nordic.com\/foodsaver-flow-ffs006x\/"},"modified":"2021-11-12T06:57:20","modified_gmt":"2021-11-12T06:57:20","slug":"foodsaver-flow-ffs006x","status":"publish","type":"product","link":"https:\/\/foodsaver-nordic.com\/no\/foodsaver-flow-ffs006x\/","title":{"rendered":"FoodSaver Flow FFS006X"},"content":{"rendered":"<ul>\n<li>Innebygd oppbevaring av plastruller<\/li>\n<li>Integrert skj\u00e6reanordning<\/li>\n<li>Pulsfunksjon for h\u00f8yere presisjon<\/li>\n<li>Ekstra rask posefabrikasjon<\/li>\n<li>Marineringsmodus for rask smakinfusjon<\/li>\n<li>Fire ulike forseglingsalternativer<\/li>\n<li>Dryppebrett som t\u00e5ler oppvaskmaskin<\/li>\n<li>Alltid 2 \u00e5rs garanti<\/li>\n<\/ul>\n<h3><\/h3>\n","protected":false},"excerpt":{"rendered":"<h2>Jegerens beste venn<\/h2>\n<p><strong>FoodSaver Flow<\/strong> er en h\u00f8ytpresterende og rask vakuumpakker som er utviklet med tanke p\u00e5 jegere, hobbykokker og matentusiaster. Bevarer sesongens smaker og dufter i en lufttett vakuumforsegling som holder maten frisk inntil fem ganger lengre i fryseren. Med innebygd oppbevaring av plastruller og integrert skj\u00e6reanordning er det enkelt \u00e5 tilpasse posenes st\u00f8rrelse til innholdet.<\/p>\n<p><strong>FoodSaver Flow<\/strong> har fire ulike forseglingsalternativer: med eller uten vakuum, et alternativ med mye v\u00e6ske samt marineringsfunksjon der sekvenskombinasjoner av vakuumpuls brukes for \u00e5 oppn\u00e5 best mulig smaksinfusjon. Med pulsfunksjonen kan du vakuumpakke trinnvis, noe som er mer sk\u00e5nsomt for \u00f8mt\u00e5lige matvarer. En ekstra bred lukkelist gir maskinen ekstra kraft, rask poselaging og h\u00f8yere kapasitet ved profesjonell bruk.<\/p>\n<p><strong>Tilbeh\u00f8r som f\u00f8lger med:<\/strong> 3 stk. poser \u00e0 0,94 l, 2 stk. poser \u00e0 3,78 l poser, 3 stk. FoodSaver poser med glidel\u00e5s, 1 stk. plastrull 28 cm<\/p>\n","protected":false},"featured_media":5181,"template":"","meta":{"_acf_changed":false},"product_brand":[],"product_cat":[114],"product_tag":[],"class_list":{"0":"post-5482","1":"product","2":"type-product","3":"status-publish","4":"has-post-thumbnail","6":"product_cat-vakuumpakkere","8":"first","9":"instock","10":"shipping-taxable","11":"product-type-external"},"acf":[],"_links":{"self":[{"href":"https:\/\/foodsaver-nordic.com\/no\/wp-json\/wp\/v2\/product\/5482","targetHints":{"allow":["GET"]}}],"collection":[{"href":"https:\/\/foodsaver-nordic.com\/no\/wp-json\/wp\/v2\/product"}],"about":[{"href":"https:\/\/foodsaver-nordic.com\/no\/wp-json\/wp\/v2\/types\/product"}],"wp:featuredmedia":[{"embeddable":true,"href":"https:\/\/foodsaver-nordic.com\/no\/wp-json\/wp\/v2\/media\/5181"}],"wp:attachment":[{"href":"https:\/\/foodsaver-nordic.com\/no\/wp-json\/wp\/v2\/media?parent=5482"}],"wp:term":[{"taxonomy":"product_brand","embeddable":true,"href":"https:\/\/foodsaver-nordic.com\/no\/wp-json\/wp\/v2\/product_brand?post=5482"},{"taxonomy":"product_cat","embeddable":true,"href":"https:\/\/foodsaver-nordic.com\/no\/wp-json\/wp\/v2\/product_cat?post=5482"},{"taxonomy":"product_tag","embeddable":true,"href":"https:\/\/foodsaver-nordic.com\/no\/wp-json\/wp\/v2\/product_tag?post=5482"}],"curies":[{"name":"wp","href":"https:\/\/api.w.org\/{rel}","templated":true}]}}