{"id":5488,"date":"2021-06-30T09:19:31","date_gmt":"2021-06-30T09:19:31","guid":{"rendered":"https:\/\/foodsaver-nordic.com\/foodsaver-fresh-appliance-ffs010x\/"},"modified":"2021-11-12T07:27:10","modified_gmt":"2021-11-12T07:27:10","slug":"foodsaver-fresh-appliance-ffs010x","status":"publish","type":"product","link":"https:\/\/foodsaver-nordic.com\/no\/foodsaver-fresh-appliance-ffs010x\/","title":{"rendered":"FoodSaver Fresh Appliance FFS010X"},"content":{"rendered":"<ul>\n<li>Anv\u00e4nd med den \u00e4ldre modellen av Fresh Containers och zip-p\u00e5sar<\/li>\n<li>Ryms p\u00e5 k\u00f6ksb\u00e4nken<\/li>\n<li>F\u00f6rl\u00e4nger livsl\u00e4ngden p\u00e5 dina livsmedel<\/li>\n<li>Anv\u00e4nds med ett enkelt knapptryck<\/li>\n<li>Alltid 2 \u00e5rs garanti<\/li>\n<\/ul>\n<h3><\/h3>\n","protected":false},"excerpt":{"rendered":"<p><strong>FoodSaver Fresh Appliance<\/strong> \u00e4r en liten och praktisk vakuumf\u00f6rpackare med en sj\u00e4lvklar plats p\u00e5 k\u00f6ksb\u00e4nken s\u00e5 att du kan \u201dvacka\u201d varje dag. F\u00f6rvara f\u00e4rskvaror upp till tv\u00e5 g\u00e5nger l\u00e4ngre \u00e4n traditionell f\u00f6rvaring i kylsk\u00e5p. Uppt\u00e4ck f\u00f6rdelarna med att slippa sl\u00e4nga mat i on\u00f6dan och spara pengar p\u00e5 matsvinn!<\/p>\n<p><strong>Fresh Appliance<\/strong> \u00e4r kompatibel med \u00e5teranv\u00e4ndbara zip-p\u00e5sar och den \u00e4ldre modellen av Fresh Containers, s\u00e5 det kan knappast vara enklare att bli en mathj\u00e4lte. Ett enkelt knapptryck \u00e4r allt som beh\u00f6vs f\u00f6r att skapa en luftt\u00e4t f\u00f6rslutning.<\/p>\n<p><strong>Startkit medf\u00f6ljer:<\/strong> 5st. x 0,95L vakuump\u00e5sar zip-lock, 1st. x 700 ml Fresh Container<\/p>\n","protected":false},"featured_media":4737,"template":"","meta":{"_acf_changed":false},"product_brand":[],"product_cat":[114],"product_tag":[],"class_list":{"0":"post-5488","1":"product","2":"type-product","3":"status-publish","4":"has-post-thumbnail","6":"product_cat-vakuumpakkere","8":"first","9":"instock","10":"shipping-taxable","11":"product-type-simple"},"acf":[],"_links":{"self":[{"href":"https:\/\/foodsaver-nordic.com\/no\/wp-json\/wp\/v2\/product\/5488","targetHints":{"allow":["GET"]}}],"collection":[{"href":"https:\/\/foodsaver-nordic.com\/no\/wp-json\/wp\/v2\/product"}],"about":[{"href":"https:\/\/foodsaver-nordic.com\/no\/wp-json\/wp\/v2\/types\/product"}],"wp:featuredmedia":[{"embeddable":true,"href":"https:\/\/foodsaver-nordic.com\/no\/wp-json\/wp\/v2\/media\/4737"}],"wp:attachment":[{"href":"https:\/\/foodsaver-nordic.com\/no\/wp-json\/wp\/v2\/media?parent=5488"}],"wp:term":[{"taxonomy":"product_brand","embeddable":true,"href":"https:\/\/foodsaver-nordic.com\/no\/wp-json\/wp\/v2\/product_brand?post=5488"},{"taxonomy":"product_cat","embeddable":true,"href":"https:\/\/foodsaver-nordic.com\/no\/wp-json\/wp\/v2\/product_cat?post=5488"},{"taxonomy":"product_tag","embeddable":true,"href":"https:\/\/foodsaver-nordic.com\/no\/wp-json\/wp\/v2\/product_tag?post=5488"}],"curies":[{"name":"wp","href":"https:\/\/api.w.org\/{rel}","templated":true}]}}